{"id":50474,"date":"2024-03-14T14:15:17","date_gmt":"2024-03-14T13:15:17","guid":{"rendered":"https:\/\/www.raschvin.com\/produkt\/freakshow-cabernet-sauvignon-2020-75-cl\/"},"modified":"2025-12-02T08:06:32","modified_gmt":"2025-12-02T07:06:32","slug":"freakshow-cabernet-sauvignon-2020-75-cl","status":"publish","type":"product","link":"https:\/\/www.raschvin.com\/sv\/produkt\/freakshow-cabernet-sauvignon-2020-75-cl\/","title":{"rendered":"Freakshow Cabernet Sauvignon 2022 75 cl."},"content":{"rendered":"<p>\u00c5RETS AMERIKANSKA WINERY 2020 &#8211; VINENTUSIAST! Det h\u00e4r \u00e4r ett HELT fantastiskt vin! F\u00f6r varje \u00e5rg\u00e5ng kickas intensiteten upp ett steg h\u00f6gre och den fj\u00e4rde upplagan har helt enkelt mer av allt; mer kant, mer djup, mer mogen frukt, mer kraft.<\/p>\n<p>KRAFTIG OCH FULL<\/p>\n<p>Freakshow Cabernet Sauvignon \u00e4r ett kraftpaket av ett vin med mycket frukt. Vinet \u00e4r fylligt med en l\u00e4cker kryddig touch fr\u00e5n 14 m\u00e5nader p\u00e5 amerikanska ekfat.<\/p>\n<p>Njut av vinet till en bit v\u00e4lgrillat n\u00f6tk\u00f6tt eller t.ex. f\u00f6r kryddiga r\u00e4tter.<\/p>\n<p>Serveringstemperatur: 16-18\u00b0C<\/p>\n<p>Tillverkning<\/p>\n<p>Michael David Winery \u00e4r k\u00e4nd f\u00f6r att st\u00e4ndigt bryta ny mark och de tv\u00e5 br\u00f6derna tar inga genv\u00e4gar. Det g\u00e4ller allt fr\u00e5n deras distinkta varum\u00e4rken och i\u00f6gonfallande m\u00e4rken till deras excentriska personligheter. Michael och David agerar p\u00e5 sin egen scen och deras viner \u00e4r bra exempel p\u00e5 detta.<\/p>\n<p>Freakshow \u00e4r gjord p\u00e5 Cabernet Sauvignon med lite Petite Sirah. Druvorna till denna best av en Cabernet Sauvignon kommer fr\u00e5n Michael Davids ursprungliga &#8221;superfreak&#8221; ving\u00e5rdar, som ligger bara ett stenkast fr\u00e5n ving\u00e5rden.<\/p>\n<p>Om tillverkaren<\/p>\n<p>\u00c5RETS AMERIKANSKA WINERY 2020 &#8211; VINENTUSIAST<\/p>\n<p>De tv\u00e5 br\u00f6derna Michael och David Phillips h\u00e4rstammar fr\u00e5n en familj av b\u00f6nder som har odlat druvor i Lodi-omr\u00e5det i Kalifornien i n\u00e4stan ett sekel. Idag har familjef\u00f6retaget ut\u00f6kats med 6:e generationen Kevin Phillips och Melissa Phillips Stroud. Familjen forts\u00e4tter traditionen att producera h\u00f6gkvalitativa viner med i\u00f6gonfallande och unika etiketter.<\/p>\n<p>Michael David Winery odlar med respekt f\u00f6r framtida generationer och har implementerat n\u00e5gra av de mest progressiva och h\u00e5llbara jordbruksmetoderna i Kalifornien. Familjen odlar vin p\u00e5 300 ha och fr\u00e5n och med \u00e5rg\u00e5ngen 2011 \u00e4r alla Lodi-druvor fr\u00e5n Michael David Winery certifierade h\u00e5llbara.<\/p>\n<p>Recensioner fr\u00e5n andra \u00e5r<\/p>\n<p>\u00c5r 2019<\/p>\n<p>  \u2014 Vinentusiast (2021-11-22)<br \/>\nDofter av tr\u00e4kol och tr\u00e4r\u00f6k sm\u00e4lter in i fint koncentrerade smaker av svart k\u00f6rsb\u00e4r och m\u00f6rk choklad i detta fylliga, m\u00e5ttligt tanninrika vin.<\/p>\n","protected":false},"excerpt":{"rendered":"<p>Michael David Winery \u2013 USA<\/p>\n","protected":false},"featured_media":99642,"template":"","meta":{"_acf_changed":false,"rs_blank_template":"","rs_page_bg_color":"","slide_template_v7":""},"product_brand":[],"product_cat":[2788,2798],"product_tag":[],"class_list":{"0":"post-50474","1":"product","2":"type-product","3":"status-publish","4":"has-post-thumbnail","6":"product_cat-vin-sv","7":"product_cat-roedvin-sv","8":"pa_aargang-2022-sv","9":"pa_drue-cabernet-sauvignon-sv","10":"pa_drue-petite-sirah-sv","11":"pa_land-usa-sv","12":"pa_procent-14-5-sv","13":"pa_region-lodi-sv","14":"pa_serveringstemperatur-16-18-sv","15":"pa_traefad-french-oak-sv","16":"pa_volume-75-sv","18":"first","19":"instock","20":"sale","21":"taxable","22":"shipping-taxable","23":"purchasable","24":"product-type-simple"},"bundled_by":[],"bundle_stock_status":"instock","bundle_stock_quantity":null,"bundle_virtual":false,"bundle_layout":"","bundle_add_to_cart_form_location":"","bundle_editable_in_cart":false,"bundle_sold_individually_context":"","bundle_item_grouping":"","bundle_min_size":"","bundle_max_size":"","bundle_price":[],"bundled_items":[],"bundle_sell_ids":[],"acf":[],"_links":{"self":[{"href":"https:\/\/www.raschvin.com\/sv\/wp-json\/wp\/v2\/product\/50474","targetHints":{"allow":["GET"]}}],"collection":[{"href":"https:\/\/www.raschvin.com\/sv\/wp-json\/wp\/v2\/product"}],"about":[{"href":"https:\/\/www.raschvin.com\/sv\/wp-json\/wp\/v2\/types\/product"}],"wp:featuredmedia":[{"embeddable":true,"href":"https:\/\/www.raschvin.com\/sv\/wp-json\/wp\/v2\/media\/99642"}],"wp:attachment":[{"href":"https:\/\/www.raschvin.com\/sv\/wp-json\/wp\/v2\/media?parent=50474"}],"wp:term":[{"taxonomy":"product_brand","embeddable":true,"href":"https:\/\/www.raschvin.com\/sv\/wp-json\/wp\/v2\/product_brand?post=50474"},{"taxonomy":"product_cat","embeddable":true,"href":"https:\/\/www.raschvin.com\/sv\/wp-json\/wp\/v2\/product_cat?post=50474"},{"taxonomy":"product_tag","embeddable":true,"href":"https:\/\/www.raschvin.com\/sv\/wp-json\/wp\/v2\/product_tag?post=50474"}],"curies":[{"name":"wp","href":"https:\/\/api.w.org\/{rel}","templated":true}]}}