{"id":50467,"date":"2024-03-14T14:00:53","date_gmt":"2024-03-14T13:00:53","guid":{"rendered":"https:\/\/www.raschvin.com\/produkt\/earthquake-zinfandel-lodi-california-2019-75-cl\/"},"modified":"2025-11-08T13:29:57","modified_gmt":"2025-11-08T12:29:57","slug":"earthquake-zinfandel-lodi-california-2019-75-cl","status":"publish","type":"product","link":"https:\/\/www.raschvin.com\/sv\/produkt\/earthquake-zinfandel-lodi-california-2019-75-cl\/","title":{"rendered":"Earthquake Zinfandel Lodi California 2022 75 cl."},"content":{"rendered":"<p>\u00c5RETS MERICAN VINBERG 2020 &#8211; VINENTUSIAST! Earthquake Zinfandel \u00e4r ett kraftpaket f\u00f6r ett vin. Med en av de b\u00e4sta \u00e5rg\u00e5ngarna f\u00e5r du h\u00e4r ett supergott, fylligt vin med smak av katrinplommon och mogna b\u00e4r, som avslutas med lite krydda.<\/p>\n<p>Bra p\u00e5:<br \/>\nOst &#8211; stark, n\u00f6tk\u00f6tt, r\u00f6tt k\u00f6tt<\/p>\n<p>FULLST\u00c4NDIG OCH KARAKTERISTISK<\/p>\n<p>Earthquake Zinfandel \u00e4r ett kraftpaket f\u00f6r ett vin. Supergott, fylligt med smak av katrinplommon och mogna b\u00e4r, som avslutas med lite krydda. Eftersmaken \u00e4r rund, mjuk och ih\u00e5llande med karakteristiska tanniner.<\/p>\n<p>Njut av vinet till t.ex. r\u00f6tt k\u00f6tt, Osso Buco eller med ostar.<\/p>\n<p>Serveringstemperatur: 16-18\u00b0C<\/p>\n<p>Tillverkning<\/p>\n<p>Med m\u00e5ttliga temperaturer under hela sommaren utvecklades frukten i druvorna perfekt med mycket smak och bra syra. Vinet \u00e4r gjort p\u00e5 Zinfandel-druvor med lite Petite Sirah. Efter j\u00e4sning har vinet mognat i 12 m\u00e5nader p\u00e5 ekfat.<\/p>\n<p>Om tillverkaren<\/p>\n<p>\u00c5RETS AMERIKANSKA WINERY 2020 &#8211; VINENTUSIAST<\/p>\n<p>De tv\u00e5 br\u00f6derna Michael och David Phillips h\u00e4rstammar fr\u00e5n en familj av b\u00f6nder som har odlat druvor i Lodi-omr\u00e5det i Kalifornien i n\u00e4stan ett sekel. Idag har familjef\u00f6retaget ut\u00f6kats med 6:e generationen Kevin Phillips och Melissa Phillips Stroud. Familjen forts\u00e4tter traditionen att producera h\u00f6gkvalitativa viner med i\u00f6gonfallande och unika etiketter.<\/p>\n<p>Michael David Winery odlar med respekt f\u00f6r framtida generationer och har implementerat n\u00e5gra av de mest progressiva och h\u00e5llbara jordbruksmetoderna i Kalifornien. Familjen odlar vin p\u00e5 300 ha och fr\u00e5n och med \u00e5rg\u00e5ngen 2011 \u00e4r alla Lodi-druvor fr\u00e5n Michael David Winery certifierade h\u00e5llbara.<\/p>\n<p>Recensioner fr\u00e5n andra \u00e5r<\/p>\n<p>\u00c5r 2018<\/p>\n<p>  \u2014 C.M.B. 2023 (2023-01-01)<\/p>\n","protected":false},"excerpt":{"rendered":"<p>Michael David Winery &#8211; USA<\/p>\n","protected":false},"featured_media":50564,"template":"","meta":{"_acf_changed":false,"rs_blank_template":"","rs_page_bg_color":"","slide_template_v7":""},"product_brand":[],"product_cat":[2788,2798],"product_tag":[],"class_list":{"0":"post-50467","1":"product","2":"type-product","3":"status-publish","4":"has-post-thumbnail","6":"product_cat-vin-sv","7":"product_cat-roedvin-sv","8":"pa_aargang-2022-sv","9":"pa_drue-petite-sirah-sv","10":"pa_drue-zinfandel-sv","11":"pa_land-usa-sv","12":"pa_procent-15-5-sv","13":"pa_producent-michael-david-winery-sv","14":"pa_region-lodi-sv","15":"pa_serveringstemperatur-16-18-sv","16":"pa_traefad-american-oak-sv","17":"pa_volume-75-sv","19":"first","20":"instock","21":"taxable","22":"shipping-taxable","23":"purchasable","24":"product-type-simple"},"bundled_by":["120048"],"bundle_stock_status":"instock","bundle_stock_quantity":null,"bundle_virtual":false,"bundle_layout":"","bundle_add_to_cart_form_location":"","bundle_editable_in_cart":false,"bundle_sold_individually_context":"","bundle_item_grouping":"","bundle_min_size":"","bundle_max_size":"","bundle_price":[],"bundled_items":[],"bundle_sell_ids":[],"acf":[],"_links":{"self":[{"href":"https:\/\/www.raschvin.com\/sv\/wp-json\/wp\/v2\/product\/50467","targetHints":{"allow":["GET"]}}],"collection":[{"href":"https:\/\/www.raschvin.com\/sv\/wp-json\/wp\/v2\/product"}],"about":[{"href":"https:\/\/www.raschvin.com\/sv\/wp-json\/wp\/v2\/types\/product"}],"wp:featuredmedia":[{"embeddable":true,"href":"https:\/\/www.raschvin.com\/sv\/wp-json\/wp\/v2\/media\/50564"}],"wp:attachment":[{"href":"https:\/\/www.raschvin.com\/sv\/wp-json\/wp\/v2\/media?parent=50467"}],"wp:term":[{"taxonomy":"product_brand","embeddable":true,"href":"https:\/\/www.raschvin.com\/sv\/wp-json\/wp\/v2\/product_brand?post=50467"},{"taxonomy":"product_cat","embeddable":true,"href":"https:\/\/www.raschvin.com\/sv\/wp-json\/wp\/v2\/product_cat?post=50467"},{"taxonomy":"product_tag","embeddable":true,"href":"https:\/\/www.raschvin.com\/sv\/wp-json\/wp\/v2\/product_tag?post=50467"}],"curies":[{"name":"wp","href":"https:\/\/api.w.org\/{rel}","templated":true}]}}