{"id":50459,"date":"2024-03-14T11:57:57","date_gmt":"2024-03-14T10:57:57","guid":{"rendered":"https:\/\/www.raschvin.com\/produkt\/davidsens-x-o-red-label-reserve-blend-28-70-cl-45\/"},"modified":"2024-03-14T11:57:57","modified_gmt":"2024-03-14T10:57:57","slug":"davidsens-x-o-red-label-reserve-blend-28-70-cl-45","status":"publish","type":"product","link":"https:\/\/www.raschvin.com\/sv\/produkt\/davidsens-x-o-red-label-reserve-blend-28-70-cl-45\/","title":{"rendered":"Davidsen&#8217;s X.O. Red Label Reserve Blend 28 70 cl. 45%"},"content":{"rendered":"<p>V\u00e5r X.O. Red Label \u00e4r gjord av de finaste jamaicanska romtyperna s\u00e5v\u00e4l som mogen Guyana-rom. Den \u00e4r gyllene med en l\u00e4cker s\u00f6tma och perfekta toner av karamell och vitpeppar.<\/p>\n<p>HARMONISK OCH GULD<\/p>\n<p>PUSS KRAM. Red Label \u00e4r gyllene med en l\u00e4cker s\u00f6tma och perfekta toner av kola och vitpeppar. I gommen m\u00e4rks l\u00e4tt bitter citron, blodapelsin och vanilj.<\/p>\n<p>\u2014 Whisky&#038;Rum15-02-2020<br \/>\n\u201dN\u00c4SAN K\u00c4RKENSKAPERAS AV BR\u00c4NNAD MELASS OCH SYRA B\u00c4R. SMAKEN \u00c4R S\u00d6T, MEN AVSLUTET \u00c4R TORR, SOM GER DET EN RIKTIGT SNYGGT KOMPLEXITET.\u201d<br \/>\nTillverkning<\/p>\n<p>V\u00e5r X.O. Red Label \u00e4r gjord av de finaste jamaicanska romtyperna s\u00e5v\u00e4l som mogen Guyana-rom. En del av rommen har lagrats i minst 28 \u00e5r p\u00e5 amerikanska ekfat<\/p>\n<p>Om tillverkaren<\/p>\n<p>DAVIDSENs Rum &#038; Blends \u00e4r en serie av absolut toppkvalitet. Serien \u00e4r uppkallad efter grundarna av familjef\u00f6retaget Oskar Davidsen &#038; Co.<\/p>\n<p>Fast f\u00f6rankrade i f\u00f6retagets stolta traditioner och med h\u00f6gt fokus p\u00e5 kvalitet, \u00e4r DAVIDSENs Rum &#038; Blends noggrant utvalda av v\u00e5r k\u00e4llarm\u00e4stare och importerade fr\u00e5n Karibien och Jamaica.<\/p>\n","protected":false},"excerpt":{"rendered":"<p>Premium Distilled Spirit Drink \u2013 Made from Jamaican-Guyanese Rum<\/p>\n","protected":false},"featured_media":50531,"template":"","meta":{"_acf_changed":false,"rs_blank_template":"","rs_page_bg_color":"","slide_template_v7":""},"product_brand":[],"product_cat":[2387,4634,2391],"product_tag":[],"class_list":{"0":"post-50459","1":"product","2":"type-product","3":"status-publish","4":"has-post-thumbnail","6":"product_cat-avec-sv","7":"product_cat-premium-aged-sv","8":"product_cat-rom-sv","9":"pa_land-guyana-sv","10":"pa_land-jamaica-sv","11":"pa_procent-45-sv","12":"pa_producent-taster-wine-sv","13":"pa_volume-70-sv-2","15":"first","16":"instock","17":"sale","18":"taxable","19":"shipping-taxable","20":"purchasable","21":"product-type-simple"},"bundled_by":[],"bundle_stock_status":"instock","bundle_stock_quantity":null,"bundle_virtual":false,"bundle_layout":"","bundle_add_to_cart_form_location":"","bundle_editable_in_cart":false,"bundle_sold_individually_context":"","bundle_item_grouping":"","bundle_min_size":"","bundle_max_size":"","bundle_price":[],"bundled_items":[],"bundle_sell_ids":[],"acf":[],"_links":{"self":[{"href":"https:\/\/www.raschvin.com\/sv\/wp-json\/wp\/v2\/product\/50459","targetHints":{"allow":["GET"]}}],"collection":[{"href":"https:\/\/www.raschvin.com\/sv\/wp-json\/wp\/v2\/product"}],"about":[{"href":"https:\/\/www.raschvin.com\/sv\/wp-json\/wp\/v2\/types\/product"}],"wp:featuredmedia":[{"embeddable":true,"href":"https:\/\/www.raschvin.com\/sv\/wp-json\/wp\/v2\/media\/50531"}],"wp:attachment":[{"href":"https:\/\/www.raschvin.com\/sv\/wp-json\/wp\/v2\/media?parent=50459"}],"wp:term":[{"taxonomy":"product_brand","embeddable":true,"href":"https:\/\/www.raschvin.com\/sv\/wp-json\/wp\/v2\/product_brand?post=50459"},{"taxonomy":"product_cat","embeddable":true,"href":"https:\/\/www.raschvin.com\/sv\/wp-json\/wp\/v2\/product_cat?post=50459"},{"taxonomy":"product_tag","embeddable":true,"href":"https:\/\/www.raschvin.com\/sv\/wp-json\/wp\/v2\/product_tag?post=50459"}],"curies":[{"name":"wp","href":"https:\/\/api.w.org\/{rel}","templated":true}]}}