{"id":50449,"date":"2024-03-14T11:16:41","date_gmt":"2024-03-14T10:16:41","guid":{"rendered":"https:\/\/www.raschvin.com\/produkt\/few-motor-oil-black-barrel-cycle-club-whiskey-75-cl-505\/"},"modified":"2025-09-05T12:34:52","modified_gmt":"2025-09-05T10:34:52","slug":"few-motor-oil-black-barrel-cycle-club-whiskey-75-cl-505","status":"publish","type":"product","link":"https:\/\/www.raschvin.com\/sv\/produkt\/few-motor-oil-black-barrel-cycle-club-whiskey-75-cl-505\/","title":{"rendered":"FEW MOTOR OIL Black Barrel Cycle Club Whiskey 75 cl. 50,5%"},"content":{"rendered":"<p>Firar 21 \u00e5r av modern rock med den ikoniska svarta rebellmotorcykelklubben!<\/p>\n<p>N\u00e4r rockbandet black rebel motorcycle club letade efter ett destilleri att samarbeta med slog vi till. tillsammans skapade vi v\u00e5r egen version av flytande konst i en whisky med begr\u00e4nsad utg\u00e5va f\u00f6r att hedra 21-\u00e5rsdagen av bandets framst\u00e5ende debutalbum, b.r.m.c.<\/p>\n<p>Motorolja \u00e4r en blandning av tre whiskysorter: f\u00e5 bourbon f\u00e4rdiga p\u00e5 romfat, f\u00e5 bourbon f\u00e4rdiga p\u00e5 vermouthfat och en mesquite-r\u00f6kt vetewhisky. resultatet \u00e4r fylligt och komplext \u2013 gr\u00e4sigt och s\u00f6tt fr\u00e5n romfatet; \u00f6rtartade, bittra och vegetabiliska toner fr\u00e5n vermouthfatet; och tung mesquite-r\u00f6k som framkallar slingrande bakv\u00e4gar, l\u00e5nga motorv\u00e4gsstr\u00e4ckor och dep\u00e5stopp vid grillst\u00e4llen vid v\u00e4gkanten i v\u00e4stra Texas. blandningen j\u00e4stas och buteljerades p\u00e5 en mycket rock n\u2019 roll 101.<\/p>\n","protected":false},"excerpt":{"rendered":"<p>Whiskey \u2013 Finished In Rum &#038; Vermouth Casks<\/p>\n","protected":false},"featured_media":50693,"template":"","meta":{"_acf_changed":false,"rs_blank_template":"","rs_page_bg_color":"","slide_template_v7":""},"product_brand":[],"product_cat":[4657,2387,2392],"product_tag":[],"class_list":{"0":"post-50449","1":"product","2":"type-product","3":"status-publish","4":"has-post-thumbnail","6":"product_cat-american-bourbon-sv","7":"product_cat-avec-sv","8":"product_cat-whisky-sv","9":"pa_land-usa-sv","10":"pa_procent-50-5-sv","11":"pa_producent-few-sv","12":"pa_region-illinois-sv","13":"pa_volume-70-sv-2","15":"first","16":"instock","17":"taxable","18":"shipping-taxable","19":"purchasable","20":"product-type-simple"},"bundled_by":[],"bundle_stock_status":"instock","bundle_stock_quantity":null,"bundle_virtual":false,"bundle_layout":"","bundle_add_to_cart_form_location":"","bundle_editable_in_cart":false,"bundle_sold_individually_context":"","bundle_item_grouping":"","bundle_min_size":"","bundle_max_size":"","bundle_price":[],"bundled_items":[],"bundle_sell_ids":[],"acf":[],"_links":{"self":[{"href":"https:\/\/www.raschvin.com\/sv\/wp-json\/wp\/v2\/product\/50449","targetHints":{"allow":["GET"]}}],"collection":[{"href":"https:\/\/www.raschvin.com\/sv\/wp-json\/wp\/v2\/product"}],"about":[{"href":"https:\/\/www.raschvin.com\/sv\/wp-json\/wp\/v2\/types\/product"}],"wp:featuredmedia":[{"embeddable":true,"href":"https:\/\/www.raschvin.com\/sv\/wp-json\/wp\/v2\/media\/50693"}],"wp:attachment":[{"href":"https:\/\/www.raschvin.com\/sv\/wp-json\/wp\/v2\/media?parent=50449"}],"wp:term":[{"taxonomy":"product_brand","embeddable":true,"href":"https:\/\/www.raschvin.com\/sv\/wp-json\/wp\/v2\/product_brand?post=50449"},{"taxonomy":"product_cat","embeddable":true,"href":"https:\/\/www.raschvin.com\/sv\/wp-json\/wp\/v2\/product_cat?post=50449"},{"taxonomy":"product_tag","embeddable":true,"href":"https:\/\/www.raschvin.com\/sv\/wp-json\/wp\/v2\/product_tag?post=50449"}],"curies":[{"name":"wp","href":"https:\/\/api.w.org\/{rel}","templated":true}]}}