{"id":50446,"date":"2024-03-14T11:09:16","date_gmt":"2024-03-14T10:09:16","guid":{"rendered":"https:\/\/www.raschvin.com\/produkt\/few-alice-in-chains-bourbon-whiskey-70-cl-505\/"},"modified":"2024-03-14T11:09:16","modified_gmt":"2024-03-14T10:09:16","slug":"few-alice-in-chains-bourbon-whiskey-70-cl-505","status":"publish","type":"product","link":"https:\/\/www.raschvin.com\/sv\/produkt\/few-alice-in-chains-bourbon-whiskey-70-cl-505\/","title":{"rendered":"FEW ALICE IN CHAINS Bourbon Whiskey 70 cl. 50,5%"},"content":{"rendered":"<p>FEW spritdrycker och grungeikonen alice in chains har slagit sig samman f\u00f6r att ge fansen en rockstj\u00e4rnewhiskyupplevelse&#8230; igen. medan den f\u00f6rsta releasen av denna whisky kom 2019, har vi i \u00e5r bara en extremt begr\u00e4nsad m\u00e4ngd av denna l\u00e4ckra bourbonwhisky tillg\u00e4nglig. Vad \u00e4r det? v\u00e5r ikoniska f\u00e5 bourbon har f\u00e4rdigst\u00e4llts p\u00e5 ex-tequila-fat i 6 m\u00e5nader och sedan buteljerat med 50,5% vol eller 101 proof f\u00f6r att ge en edgy, begr\u00e4nsad och unik release till whisky- och grungefans \u00f6verallt. bourbon, som kallas &#8221;all secrets known&#8221;, har f\u00e5tt sitt namn fr\u00e5n bandets popul\u00e4ra album fr\u00e5n 2009, &#8221;black give way to blue&#8221;. s\u00e5 vad \u00e4r hemligheten med denna bourbon? \u00f6ppna en flaska och se sj\u00e4lv.<\/p>\n<p>Denna whiskys ikoniska etikett designades av coveretikettskonstn\u00e4ren justin helton p\u00e5 beg\u00e4ran av bandet.<\/p>\n<p>Denna whisky \u00e4r full av dj\u00e4rva, s\u00f6ta och kryddiga bourbonnoter som \u00e4r s\u00e4llsynta. profilen har gr\u00e4siga, agaveundertoner som accentuerar bourbonens toppnoter.<\/p>\n","protected":false},"excerpt":{"rendered":"<p>Bourbon Whiskey &#8211; Finished In Tequila Barrels<\/p>\n","protected":false},"featured_media":50684,"template":"","meta":{"_acf_changed":false,"rs_blank_template":"","rs_page_bg_color":"","slide_template_v7":""},"product_brand":[],"product_cat":[4657,2387,2392],"product_tag":[],"class_list":{"0":"post-50446","1":"product","2":"type-product","3":"status-publish","4":"has-post-thumbnail","6":"product_cat-american-whiskey","7":"product_cat-avec-sv","8":"product_cat-whisky-sv","9":"pa_land-usa-sv","10":"pa_procent-50-5-sv","11":"pa_producent-few-sv","12":"pa_region-illinois-sv","13":"pa_volume-70-sv-2","15":"first","16":"instock","17":"taxable","18":"shipping-taxable","19":"purchasable","20":"product-type-simple"},"bundled_by":[],"bundle_stock_status":"instock","bundle_stock_quantity":null,"bundle_virtual":false,"bundle_layout":"","bundle_add_to_cart_form_location":"","bundle_editable_in_cart":false,"bundle_sold_individually_context":"","bundle_item_grouping":"","bundle_min_size":"","bundle_max_size":"","bundle_price":[],"bundled_items":[],"bundle_sell_ids":[],"acf":[],"_links":{"self":[{"href":"https:\/\/www.raschvin.com\/sv\/wp-json\/wp\/v2\/product\/50446","targetHints":{"allow":["GET"]}}],"collection":[{"href":"https:\/\/www.raschvin.com\/sv\/wp-json\/wp\/v2\/product"}],"about":[{"href":"https:\/\/www.raschvin.com\/sv\/wp-json\/wp\/v2\/types\/product"}],"wp:featuredmedia":[{"embeddable":true,"href":"https:\/\/www.raschvin.com\/sv\/wp-json\/wp\/v2\/media\/50684"}],"wp:attachment":[{"href":"https:\/\/www.raschvin.com\/sv\/wp-json\/wp\/v2\/media?parent=50446"}],"wp:term":[{"taxonomy":"product_brand","embeddable":true,"href":"https:\/\/www.raschvin.com\/sv\/wp-json\/wp\/v2\/product_brand?post=50446"},{"taxonomy":"product_cat","embeddable":true,"href":"https:\/\/www.raschvin.com\/sv\/wp-json\/wp\/v2\/product_cat?post=50446"},{"taxonomy":"product_tag","embeddable":true,"href":"https:\/\/www.raschvin.com\/sv\/wp-json\/wp\/v2\/product_tag?post=50446"}],"curies":[{"name":"wp","href":"https:\/\/api.w.org\/{rel}","templated":true}]}}