{"id":50248,"date":"2024-03-12T14:57:23","date_gmt":"2024-03-12T13:57:23","guid":{"rendered":"https:\/\/www.raschvin.com\/produkt\/de-morgenzon-reserve-chenin-blanc-2020-75-cl\/"},"modified":"2024-03-12T14:57:23","modified_gmt":"2024-03-12T13:57:23","slug":"de-morgenzon-reserve-chenin-blanc-2020-75-cl","status":"publish","type":"product","link":"https:\/\/www.raschvin.com\/sv\/produkt\/de-morgenzon-reserve-chenin-blanc-2020-75-cl\/","title":{"rendered":"De Morgenzon Reserve Chenin Blanc 2020 75 cl."},"content":{"rendered":"<p>Produktanm\u00e4rkningar<br \/>\nDeMorgenzon Reserve Chenin Blanc \u00e4r ett premium sydafrikanskt vitt vin som utstr\u00e5lar elegans och sofistikering. Tillverkat av Chenin Blanc-druvan, har detta vin en rik och komplex arom som \u00e4r full av mogen frukt, honung och blommiga toner. P\u00e5 gommen \u00e4r den vackert balanserad med en naturlig syra som ger den en uppfriskande och krispig finish. DeMorgenzon Reserve Chenin Blanc har lagrats i 12 m\u00e5nader p\u00e5 franska ekfat, vilket ger en subtil touch av vanilj och kryddighet till dess smakprofil. Detta vin passar perfekt till skaldjur, grillad kyckling och kr\u00e4miga pastar\u00e4tter, vilket g\u00f6r det till ett perfekt val f\u00f6r alla middagsfester eller speciella tillf\u00e4llen.<\/p>\n<p>Smakanteckningar<br \/>\nDenna h\u00e4ftiga vita uppvisar \u00f6versvallande aromer av vit blomma, stenfrukt, honung och rostat br\u00f6d som bryter ut i \u00f6verd\u00e5diga smaker av p\u00e4ron, apelsinblommor, karamell och kryddor. Det \u00e4r ett vin i v\u00e4rldsklass som har en briljant balans mellan frodig frukt och krispig, aptitretande syra.<\/p>\n<p>Den ber\u00f6mda sydafrikanska ving\u00e5rden DeMorgenzon ligger i Stellenboschkloof Valley. Det kallas ocks\u00e5 &#8221;morgonsolen&#8221; eftersom det \u00e4r den f\u00f6rsta delen av regionen som ser morgonsolen. Det kan bero p\u00e5 h\u00f6jden som ving\u00e5rden ligger p\u00e5 och n\u00e5gra andra aspekter.<\/p>\n<p>Ursprungligen var DeMorgenzon en del av Sydafrikas \u00e4ldsta g\u00e5rdar k\u00e4nda som Uiterwyk. 2003 k\u00f6pte Hylton och Wendy Appelbaum ving\u00e5rden. Sedan dess har de lagt ett enormt arbete bakom g\u00e5rden och dess mark och f\u00f6rvandlat den till en 91 hektar stor mark och tr\u00e4dg\u00e5rdsving\u00e5rd. Under sin rekonstruktion och renovering av tomten implementerade de anv\u00e4ndningen av historiska data och satelliter. Dessutom analyserade och unders\u00f6kte de regionens klimat och alla fysiska faktorer som kan p\u00e5verka tillv\u00e4xten och utvecklingen av vinrankorna. Ving\u00e5rden beg\u00e4rde vidare en detaljerad analys av marken, topografin och f\u00f6rh\u00e5llandena.<\/p>\n<p>En s\u00e5dan omfattande bed\u00f6mning och unders\u00f6kning av tillst\u00e5ndet och kvaliteten p\u00e5 v\u00e4dret och jorden i regionen gjorde det m\u00f6jligt f\u00f6r DeMorgenzon att best\u00e4mma de b\u00e4sta platserna och f\u00f6rh\u00e5llandena f\u00f6r att odla vinrankor och producera viner. Det gav dem ocks\u00e5 en uppfattning om hur vinstockarna skulle planteras. De f\u00f6rstod avst\u00e5ndet som kr\u00e4vdes mellan varje rad och riktningen v\u00e4xterna skulle vara v\u00e4nda mot. Ett kombinerat inflytande av alla anstr\u00e4ngningar som ving\u00e5rden lagt bakom sina ving\u00e5rdar skapade harmoni mellan dem och solen, terroiren och andra element.<\/p>\n<p>Jordm\u00e5nen p\u00e5 ving\u00e5rdarna som \u00e4gs av DeMorgenzon \u00e4r i f\u00f6rsta hand av de v\u00e4ldr\u00e4nerade Tukula- och Oakleaf-typerna. B\u00e5da bildas fr\u00e5n en granitbas. Regionen f\u00e5r ocks\u00e5 den perfekta m\u00e4ngden regn och solsken. Den utm\u00e4rkta balansen mellan klimat- och v\u00e4derf\u00f6rh\u00e5llanden g\u00f6r att druvorna blir oerh\u00f6rt saftiga, aromatiska och smakrika n\u00e4r de blir redo att sk\u00f6rdas.<\/p>\n","protected":false},"excerpt":{"rendered":"<p>Cape Of Good Hope &#8211; Stellenbosch<\/p>\n","protected":false},"featured_media":50306,"template":"","meta":{"_acf_changed":false,"rs_blank_template":"","rs_page_bg_color":"","slide_template_v7":""},"product_brand":[],"product_cat":[2788,2792,9206],"product_tag":[],"class_list":{"0":"post-50248","1":"product","2":"type-product","3":"status-publish","4":"has-post-thumbnail","6":"product_cat-vin-sv","7":"product_cat-vitt-vin","8":"product_cat-sydafrikanskt-vitt-vin","9":"pa_aargang-2020-sv","10":"pa_drue-chenin-blanc-sv","11":"pa_land-sydafrika-sv","12":"pa_procent-14-sv","13":"pa_producent-de-morgenzon-sv","14":"pa_region-stellenbosch-sv","15":"pa_serveringstemperatur-10-12-sv-2","16":"pa_volume-75-sv","18":"first","19":"instock","20":"taxable","21":"shipping-taxable","22":"purchasable","23":"product-type-simple"},"bundled_by":[],"bundle_stock_status":"instock","bundle_stock_quantity":null,"bundle_virtual":false,"bundle_layout":"","bundle_add_to_cart_form_location":"","bundle_editable_in_cart":false,"bundle_sold_individually_context":"","bundle_item_grouping":"","bundle_min_size":"","bundle_max_size":"","bundle_price":[],"bundled_items":[],"bundle_sell_ids":[],"acf":[],"_links":{"self":[{"href":"https:\/\/www.raschvin.com\/sv\/wp-json\/wp\/v2\/product\/50248","targetHints":{"allow":["GET"]}}],"collection":[{"href":"https:\/\/www.raschvin.com\/sv\/wp-json\/wp\/v2\/product"}],"about":[{"href":"https:\/\/www.raschvin.com\/sv\/wp-json\/wp\/v2\/types\/product"}],"wp:featuredmedia":[{"embeddable":true,"href":"https:\/\/www.raschvin.com\/sv\/wp-json\/wp\/v2\/media\/50306"}],"wp:attachment":[{"href":"https:\/\/www.raschvin.com\/sv\/wp-json\/wp\/v2\/media?parent=50248"}],"wp:term":[{"taxonomy":"product_brand","embeddable":true,"href":"https:\/\/www.raschvin.com\/sv\/wp-json\/wp\/v2\/product_brand?post=50248"},{"taxonomy":"product_cat","embeddable":true,"href":"https:\/\/www.raschvin.com\/sv\/wp-json\/wp\/v2\/product_cat?post=50248"},{"taxonomy":"product_tag","embeddable":true,"href":"https:\/\/www.raschvin.com\/sv\/wp-json\/wp\/v2\/product_tag?post=50248"}],"curies":[{"name":"wp","href":"https:\/\/api.w.org\/{rel}","templated":true}]}}