{"id":50244,"date":"2024-03-12T14:47:01","date_gmt":"2024-03-12T13:47:01","guid":{"rendered":"https:\/\/www.raschvin.com\/produkt\/lismore-pinot-noir-2020-75-cl\/"},"modified":"2026-03-10T19:34:53","modified_gmt":"2026-03-10T18:34:53","slug":"lismore-pinot-noir-2020-75-cl","status":"publish","type":"product","link":"https:\/\/www.raschvin.com\/sv\/produkt\/lismore-pinot-noir-2020-75-cl\/","title":{"rendered":"Lismore Pinot Noir 2021 75 cl."},"content":{"rendered":"<p>Olika svalare klimatk\u00e4llor ger druvorna f\u00f6r denna triumf-\u00f6ver-motg\u00e5ng Pinot Noir fr\u00e5n Lismore. Fermenterad med 35 % hela klasar och lagrad i en tredjedel nytt tr\u00e4, det \u00e4r en charmig, balanserad, graci\u00f6s r\u00f6d med granat\u00e4pple och vattenmelon smaker och salta tanniner.<\/p>\n<p>Ving\u00e5rd<br \/>\n70 % av druvorna kom fr\u00e5n Stanford i Walker Bay och 30 % fr\u00e5n Elgin, b\u00e5da i den svala klimatregionen Cape South Coast. Vinstockarna \u00e4r alla burgundiska, klon 115. Stanfords ving\u00e5rd ligger n\u00e4ra Afrikas sydligaste spets och ligger i en av Sydafrikas coolaste vinproducerande regioner.<\/p>\n<p>Vinifiering<br \/>\nDruvorna plockades vid optimal mognad. 30 % hel bunt j\u00e4st i stora 5000 liters kar med f\u00f6rsiktiga pump-overs tv\u00e5 g\u00e5nger om dagen. Processen till\u00e4t en l\u00e5ng extraktionsperiod vilket ger detta vins fruktuttryck och struktur. Det fria vinet tappades av och de j\u00e4sta druvorna pressades sedan i en traditionell tr\u00e4korgpress. Vinet rackades p\u00e5 225, 300 och 500 liters fat d\u00e4r malolaktisk j\u00e4sning skedde och vinet lagrades i 10 m\u00e5nader. 35% ny fransk ek anv\u00e4ndes.<\/p>\n<p>Om vinmakaren<br \/>\nLismore Estate Vineyards kan hittas g\u00f6mda i en bergskedja i Sydafrika. Kaliforniskan Samantha O&#8217;Keefe hittade sitt paradis h\u00e4r och den perfekta terroiren f\u00f6r att f\u00f6rverkliga sin dr\u00f6m. Hennes passion i kombination med den unika terroiren producerar n\u00e5gra vackra &#8221;cool klimat&#8221; viner. I k\u00e4llaren tror Samantha p\u00e5 minimala ingrepp och i ving\u00e5rdarna finner hon en sl\u00e5ende likhet med ving\u00e5rdarna i norra Rh\u00f4ne. Tack vare hennes banbrytande arbete har Greyton-regionen skaffat sitt eget ursprungsvin.<\/p>\n","protected":false},"excerpt":{"rendered":"<p>The Cape South Coast South Africa<\/p>\n","protected":false},"featured_media":50330,"template":"","meta":{"_acf_changed":false,"rs_blank_template":"","rs_page_bg_color":"","slide_template_v7":""},"product_brand":[],"product_cat":[7776,2788,2798],"product_tag":[],"class_list":{"0":"post-50244","1":"product","2":"type-product","3":"status-publish","4":"has-post-thumbnail","6":"product_cat-sommer-pinot-noir-sv","7":"product_cat-vin-sv","8":"product_cat-roedvin-sv","9":"pa_aargang-2021-sv","10":"pa_drue-pinot-noir-sv","11":"pa_land-sydafrika-sv-2","12":"pa_procent-13-sv","13":"pa_producent-lismore-estate-vineyards-sv","14":"pa_region-western-cape-sv","15":"pa_serveringstemperatur-16-18-sv","16":"pa_volume-75-sv","18":"first","19":"instock","20":"taxable","21":"shipping-taxable","22":"purchasable","23":"product-type-simple"},"bundled_by":[],"bundle_stock_status":"instock","bundle_stock_quantity":null,"bundle_virtual":false,"bundle_layout":"","bundle_add_to_cart_form_location":"","bundle_editable_in_cart":false,"bundle_sold_individually_context":"","bundle_item_grouping":"","bundle_min_size":"","bundle_max_size":"","bundle_price":[],"bundled_items":[],"bundle_sell_ids":[],"acf":[],"_links":{"self":[{"href":"https:\/\/www.raschvin.com\/sv\/wp-json\/wp\/v2\/product\/50244","targetHints":{"allow":["GET"]}}],"collection":[{"href":"https:\/\/www.raschvin.com\/sv\/wp-json\/wp\/v2\/product"}],"about":[{"href":"https:\/\/www.raschvin.com\/sv\/wp-json\/wp\/v2\/types\/product"}],"wp:featuredmedia":[{"embeddable":true,"href":"https:\/\/www.raschvin.com\/sv\/wp-json\/wp\/v2\/media\/50330"}],"wp:attachment":[{"href":"https:\/\/www.raschvin.com\/sv\/wp-json\/wp\/v2\/media?parent=50244"}],"wp:term":[{"taxonomy":"product_brand","embeddable":true,"href":"https:\/\/www.raschvin.com\/sv\/wp-json\/wp\/v2\/product_brand?post=50244"},{"taxonomy":"product_cat","embeddable":true,"href":"https:\/\/www.raschvin.com\/sv\/wp-json\/wp\/v2\/product_cat?post=50244"},{"taxonomy":"product_tag","embeddable":true,"href":"https:\/\/www.raschvin.com\/sv\/wp-json\/wp\/v2\/product_tag?post=50244"}],"curies":[{"name":"wp","href":"https:\/\/api.w.org\/{rel}","templated":true}]}}