{"id":50232,"date":"2024-03-12T13:45:38","date_gmt":"2024-03-12T12:45:38","guid":{"rendered":"https:\/\/www.raschvin.com\/produkt\/david-finlayson-pinot-noir-2021-75-cl\/"},"modified":"2025-09-12T08:24:13","modified_gmt":"2025-09-12T06:24:13","slug":"david-finlayson-pinot-noir-2021-75-cl","status":"publish","type":"product","link":"https:\/\/www.raschvin.com\/sv\/produkt\/david-finlayson-pinot-noir-2021-75-cl\/","title":{"rendered":"David Finlayson Pinot Noir 2023 75 cl."},"content":{"rendered":"<p>En fr\u00e4sch, modern New World-stil med en nick till Bourgognes komplexitet. Denna Pinot Noir visar toner av mogna, f\u00e4rska hallon, jordgubbar och vanilj p\u00e5 n\u00e4san. Smaken har en touch av mineralitet och jordighet som ligger under den fr\u00e4scha, rena frukten. Vinet visar en underbar, ungdomlig drickbarhet med potential att \u00e5ldras v\u00e4l i 3-5 \u00e5r.<\/p>\n<p>David Finlayson lyckades f\u00e5 fram ett f\u00f6rtjusande Pinot Noir-vin, som med stor l\u00e4tthet kan m\u00e4ta sig med det absolut b\u00e4sta fr\u00e5n Bourgogne. Det rubinr\u00f6da vinet erbjuder en komplex bukett av hallon, svarta vinb\u00e4r, mineraler, m\u00f6rk choklad och en hint av vanilj. Smaken har en perfekt balans mellan aptitretande b\u00e4rfrukt och fina mogna tanniner.<\/p>\n<p>Edgebaston-viner g\u00f6rs av David Finlayson p\u00e5 Finlayson-familjens ving\u00e5rdar i Stellenbosch. Urvalet av viner \u00e4r gjort f\u00f6r att spegla regionens personlighet och vinframst\u00e4llningsfilosofi och familjen Finlayson.<br \/>\nKvalitet och ett holistiskt f\u00f6rh\u00e5llningss\u00e4tt till produktionen av v\u00e5ra viner \u00e4r v\u00e5r grundsyn. Vi str\u00e4var efter att odla marken, odla druvorna och g\u00f6ra vinet p\u00e5 ett milj\u00f6v\u00e4nligt s\u00e4tt, samtidigt som vi ser till att varje vin h\u00e5ller v\u00e4rldsklass.<br \/>\nDet \u00e4r familjen Finlaysons fasta \u00f6vertygelse att Stellenbosch alltid har varit och kommer att f\u00f6rbli Sydafrikas finaste vinregion, det \u00e4r h\u00e4r vi vill forts\u00e4tta skapa underbara viner f\u00f6r den kr\u00e4sna vinsamlaren.<\/p>\n","protected":false},"excerpt":{"rendered":"<p>Stellenbosch &#8211; South Africa<\/p>\n","protected":false},"featured_media":50339,"template":"","meta":{"_acf_changed":false,"rs_blank_template":"","rs_page_bg_color":"","slide_template_v7":""},"product_brand":[],"product_cat":[7776,2788,2798],"product_tag":[],"class_list":{"0":"post-50232","1":"product","2":"type-product","3":"status-publish","4":"has-post-thumbnail","6":"product_cat-sommer-pinot-noir-sv","7":"product_cat-vin-sv","8":"product_cat-roedvin-sv","9":"pa_aargang-2023-sv","10":"pa_drue-pinot-noir-sv","11":"pa_land-sydafrika-sv","12":"pa_procent-13-5-sv","13":"pa_producent-david-finlayson-sv","14":"pa_region-stellenbosch-sv","15":"pa_serveringstemperatur-16-18-sv","16":"pa_volume-75-sv","18":"first","19":"instock","20":"taxable","21":"shipping-taxable","22":"purchasable","23":"product-type-simple"},"bundled_by":["119774","119776","120084","120405"],"bundle_stock_status":"instock","bundle_stock_quantity":null,"bundle_virtual":false,"bundle_layout":"","bundle_add_to_cart_form_location":"","bundle_editable_in_cart":false,"bundle_sold_individually_context":"","bundle_item_grouping":"","bundle_min_size":"","bundle_max_size":"","bundle_price":[],"bundled_items":[],"bundle_sell_ids":[],"acf":[],"_links":{"self":[{"href":"https:\/\/www.raschvin.com\/sv\/wp-json\/wp\/v2\/product\/50232","targetHints":{"allow":["GET"]}}],"collection":[{"href":"https:\/\/www.raschvin.com\/sv\/wp-json\/wp\/v2\/product"}],"about":[{"href":"https:\/\/www.raschvin.com\/sv\/wp-json\/wp\/v2\/types\/product"}],"wp:featuredmedia":[{"embeddable":true,"href":"https:\/\/www.raschvin.com\/sv\/wp-json\/wp\/v2\/media\/50339"}],"wp:attachment":[{"href":"https:\/\/www.raschvin.com\/sv\/wp-json\/wp\/v2\/media?parent=50232"}],"wp:term":[{"taxonomy":"product_brand","embeddable":true,"href":"https:\/\/www.raschvin.com\/sv\/wp-json\/wp\/v2\/product_brand?post=50232"},{"taxonomy":"product_cat","embeddable":true,"href":"https:\/\/www.raschvin.com\/sv\/wp-json\/wp\/v2\/product_cat?post=50232"},{"taxonomy":"product_tag","embeddable":true,"href":"https:\/\/www.raschvin.com\/sv\/wp-json\/wp\/v2\/product_tag?post=50232"}],"curies":[{"name":"wp","href":"https:\/\/api.w.org\/{rel}","templated":true}]}}