{"id":50028,"date":"2024-03-06T15:38:26","date_gmt":"2024-03-06T14:38:26","guid":{"rendered":"https:\/\/www.raschvin.com\/produkt\/torbreck-the-factor-2019-75-cl\/"},"modified":"2026-02-04T13:37:50","modified_gmt":"2026-02-04T12:37:50","slug":"torbreck-the-factor-2019-75-cl","status":"publish","type":"product","link":"https:\/\/www.raschvin.com\/sv\/produkt\/torbreck-the-factor-2019-75-cl\/","title":{"rendered":"Torbreck The Factor 2021 75 cl."},"content":{"rendered":"<p data-start=\"1131\" data-end=\"1477\">V\u00e4xts\u00e4songen 2021 var mild, med j\u00e4mna och svala dagstemperaturer hela v\u00e4gen igenom. Tack vare god nederb\u00f6rd under vintern och v\u00e5ren 2020 v\u00e4xte vinrankornas bladverk kraftigt och druvklasarna utvecklades v\u00e4lformade. Som ett resultat av den l\u00e5nga smakutvecklingscykeln pr\u00e4glas 2021-vinerna av stor aromatik, djupa f\u00e4rgnyanser och enast\u00e5ende balans.<\/p>\n<p data-start=\"1479\" data-end=\"1753\">Mycket uttrycksfullt med smak och doft av plommon, bj\u00f6rnb\u00e4r, kompott, m\u00f6rk kakao, vanilj och maraschinolik\u00f6r. Komplex, lyxig och t\u00e4t. Mjuka men t\u00e4ta tanniner och en fyllig, visk\u00f6s textur. Smaken dr\u00f6jer sig kvar, och vinets renande syra ger en vacker l\u00e4ngd och ett fint djup.<\/p>\n<p data-start=\"1755\" data-end=\"1835\">Lagrad i 24 m\u00e5nader i en kombination av nya (40%) och \u00e4ldre franska ekbarriquer.<\/p>\n<p data-start=\"1837\" data-end=\"2198\" data-is-last-node=\"\" data-is-only-node=\"\"><strong data-start=\"1837\" data-end=\"1849\">96 PO\u00c4NG<\/strong><br data-start=\"1849\" data-end=\"1852\" \/>Wine Spectator<br data-start=\"1866\" data-end=\"1869\" \/>Offers a dense, powerful mix of violet, bittersweet chocolate and sandalwood-infused morello cherries in syrup. Blueberry, blackberry and date-nut bread flavors are plump on a frame of polished and toothsome tannins. Clove and Saigon cinnamon notes linger, with a powerful crescendo on the finish. Shiraz. Drink now through 2039.<\/p>\n","protected":false},"excerpt":{"rendered":"<p>Barossa Valley \u2013 Torbreck Vintners<\/p>\n","protected":false},"featured_media":50102,"template":"","meta":{"_acf_changed":false,"rs_blank_template":"","rs_page_bg_color":"","slide_template_v7":""},"product_brand":[],"product_cat":[7705,2788,2798],"product_tag":[],"class_list":{"0":"post-50028","1":"product","2":"type-product","3":"status-publish","4":"has-post-thumbnail","6":"product_cat-fine-wine-sv","7":"product_cat-vin-sv","8":"product_cat-roedvin-sv","9":"pa_aargang-2021-sv","10":"pa_drue-syrah-sv","11":"pa_land-australien-sv","12":"pa_procent-15-sv","13":"pa_producent-torbreck-vintners-sv","14":"pa_region-barossa-valley-sv","15":"pa_serveringstemperatur-18-20-sv","16":"pa_volume-75-sv","18":"first","19":"instock","20":"taxable","21":"shipping-taxable","22":"purchasable","23":"product-type-simple"},"bundled_by":[],"bundle_stock_status":"instock","bundle_stock_quantity":null,"bundle_virtual":false,"bundle_layout":"","bundle_add_to_cart_form_location":"","bundle_editable_in_cart":false,"bundle_sold_individually_context":"","bundle_item_grouping":"","bundle_min_size":"","bundle_max_size":"","bundle_price":[],"bundled_items":[],"bundle_sell_ids":[],"acf":[],"_links":{"self":[{"href":"https:\/\/www.raschvin.com\/sv\/wp-json\/wp\/v2\/product\/50028","targetHints":{"allow":["GET"]}}],"collection":[{"href":"https:\/\/www.raschvin.com\/sv\/wp-json\/wp\/v2\/product"}],"about":[{"href":"https:\/\/www.raschvin.com\/sv\/wp-json\/wp\/v2\/types\/product"}],"wp:featuredmedia":[{"embeddable":true,"href":"https:\/\/www.raschvin.com\/sv\/wp-json\/wp\/v2\/media\/50102"}],"wp:attachment":[{"href":"https:\/\/www.raschvin.com\/sv\/wp-json\/wp\/v2\/media?parent=50028"}],"wp:term":[{"taxonomy":"product_brand","embeddable":true,"href":"https:\/\/www.raschvin.com\/sv\/wp-json\/wp\/v2\/product_brand?post=50028"},{"taxonomy":"product_cat","embeddable":true,"href":"https:\/\/www.raschvin.com\/sv\/wp-json\/wp\/v2\/product_cat?post=50028"},{"taxonomy":"product_tag","embeddable":true,"href":"https:\/\/www.raschvin.com\/sv\/wp-json\/wp\/v2\/product_tag?post=50028"}],"curies":[{"name":"wp","href":"https:\/\/api.w.org\/{rel}","templated":true}]}}