{"id":50021,"date":"2024-03-06T15:16:46","date_gmt":"2024-03-06T14:16:46","guid":{"rendered":"https:\/\/www.raschvin.com\/produkt\/quinta-da-fonte-souto-tinto-d-o-c-2017-75-cl\/"},"modified":"2026-02-04T13:46:12","modified_gmt":"2026-02-04T12:46:12","slug":"quinta-da-fonte-souto-tinto-d-o-c-2017-75-cl","status":"publish","type":"product","link":"https:\/\/www.raschvin.com\/sv\/produkt\/quinta-da-fonte-souto-tinto-d-o-c-2017-75-cl\/","title":{"rendered":"Quinta Da Fonte Souto Tinto D.O.C. 2020 75 cl."},"content":{"rendered":"<p data-start=\"1881\" data-end=\"2044\">Aromatiskt med mogna m\u00f6rka b\u00e4r, kryddighet och en l\u00e4tt balsamisk ton. Smaken \u00e4r fyllig men frisk, med fasta, silkeslena tanniner och en l\u00e5ng, harmonisk avslutning.<\/p>\n<p data-start=\"2046\" data-end=\"2528\">Quinta da Fonte Souto \u00e4r familjen Symingtons f\u00f6rsta projekt utanf\u00f6r Douro och ligger i Portalegre, ett svalare delomr\u00e5de i Alentejo. Vinet skapas av druvor fr\u00e5n egendomens h\u00f6gt bel\u00e4gna vinmarker i Serra de S\u00e3o Mamede, d\u00e4r jordar av granit och skiffer bidrar med fr\u00e4sch\u00f6r och komplexitet. \u00c5rg\u00e5ng 2020 uttrycker husets filosofi om att f\u00f6rena Alentejos kraft med bergens elegans. Resultatet \u00e4r ett vin med djup, struktur och en tydlig mineralitet som speglar terroirets unika karakt\u00e4r.<\/p>\n<p data-start=\"2530\" data-end=\"2836\">Vinet \u00e4r gjort p\u00e5 en blandning av Alicante Bouschet, Syrah, Trincadeira, Aragon\u00eas, Alfrocheiro och Cabernet Sauvignon. Druvorna handsk\u00f6rdas och vinifieras i temperaturkontrollerade st\u00e5ltankar. Efter j\u00e4sning lagras en stor del av vinet i franska ekfat i cirka 12 m\u00e5nader f\u00f6r att ge komplexitet och struktur.<\/p>\n<h3 data-start=\"2838\" data-end=\"2866\">Om Quinta da Fonte Souto<\/h3>\n<p data-start=\"2867\" data-end=\"3336\">Quinta da Fonte Souto \u00e4r familjen Symingtons f\u00f6rsta egendom utanf\u00f6r Douro-regionen. Du kanske k\u00e4nner igen namnet Symington fr\u00e5n annat h\u00e5ll\u2014familjen \u00e4ger n\u00e4mligen ocks\u00e5 den v\u00e4lrenommerade portvinsproducenten Graham\u2019s. P\u00e5 Quinta da Fonte Souto ligger fokus dock p\u00e5 klassiska stilla viner. Ving\u00e5rden ligger i Portalegre, n\u00e4ra bergskedjan S\u00e3o Mamede, som ger vinrankorna ett svalare klimat \u00e4n man normalt f\u00f6rv\u00e4ntar sig i en region som annars \u00e4r k\u00e4nd f\u00f6r mycket varmt v\u00e4der.<\/p>\n<p data-start=\"3338\" data-end=\"3622\" data-is-last-node=\"\" data-is-only-node=\"\">Egendomen omfattar 43 hektar vinmarker, fr\u00e4mst planterade med Aragon\u00eas, Alfrocheiro, Trincadeira, Alicante Bouschet, Syrah och Cabernet Sauvignon. H\u00e4r v\u00e4xer ocks\u00e5 en del kastanjetr\u00e4d, vilket har inspirerat namnet\u2014\u201dsouto\u201d betyder ett skogbevuxet omr\u00e5de planterat med just kastanjetr\u00e4d.<\/p>\n","protected":false},"excerpt":{"rendered":"<p>Symington Family Estate \u2013 Alentejo Portugal<\/p>\n","protected":false},"featured_media":50087,"template":"","meta":{"_acf_changed":false,"rs_blank_template":"","rs_page_bg_color":"","slide_template_v7":""},"product_brand":[],"product_cat":[2788,2798],"product_tag":[],"class_list":{"0":"post-50021","1":"product","2":"type-product","3":"status-publish","4":"has-post-thumbnail","6":"product_cat-vin-sv","7":"product_cat-roedvin-sv","8":"pa_aargang-2020-sv","9":"pa_drue-cabernet-sauvignon-sv","10":"pa_drue-alfrocheiro-sv","11":"pa_drue-alicante-bouschet-sv","12":"pa_drue-trincadeira-sv","13":"pa_land-portugal-sv","14":"pa_procent-14-sv","15":"pa_producent-prats-symington-sv","16":"pa_region-alentejo-sv","17":"pa_serveringstemperatur-18-20-sv","18":"pa_volume-75-sv","20":"first","21":"instock","22":"taxable","23":"shipping-taxable","24":"purchasable","25":"product-type-simple"},"bundled_by":[],"bundle_stock_status":"instock","bundle_stock_quantity":null,"bundle_virtual":false,"bundle_layout":"","bundle_add_to_cart_form_location":"","bundle_editable_in_cart":false,"bundle_sold_individually_context":"","bundle_item_grouping":"","bundle_min_size":"","bundle_max_size":"","bundle_price":[],"bundled_items":[],"bundle_sell_ids":[],"acf":[],"_links":{"self":[{"href":"https:\/\/www.raschvin.com\/sv\/wp-json\/wp\/v2\/product\/50021","targetHints":{"allow":["GET"]}}],"collection":[{"href":"https:\/\/www.raschvin.com\/sv\/wp-json\/wp\/v2\/product"}],"about":[{"href":"https:\/\/www.raschvin.com\/sv\/wp-json\/wp\/v2\/types\/product"}],"wp:featuredmedia":[{"embeddable":true,"href":"https:\/\/www.raschvin.com\/sv\/wp-json\/wp\/v2\/media\/50087"}],"wp:attachment":[{"href":"https:\/\/www.raschvin.com\/sv\/wp-json\/wp\/v2\/media?parent=50021"}],"wp:term":[{"taxonomy":"product_brand","embeddable":true,"href":"https:\/\/www.raschvin.com\/sv\/wp-json\/wp\/v2\/product_brand?post=50021"},{"taxonomy":"product_cat","embeddable":true,"href":"https:\/\/www.raschvin.com\/sv\/wp-json\/wp\/v2\/product_cat?post=50021"},{"taxonomy":"product_tag","embeddable":true,"href":"https:\/\/www.raschvin.com\/sv\/wp-json\/wp\/v2\/product_tag?post=50021"}],"curies":[{"name":"wp","href":"https:\/\/api.w.org\/{rel}","templated":true}]}}