{"id":49811,"date":"2024-03-05T13:02:56","date_gmt":"2024-03-05T12:02:56","guid":{"rendered":"https:\/\/www.raschvin.com\/produkt\/schola-sarmenti-olio-di-oliva-extra-vergine-olive-oil-50-cl\/"},"modified":"2024-03-05T13:02:56","modified_gmt":"2024-03-05T12:02:56","slug":"schola-sarmenti-olio-di-oliva-extra-vergine-olive-oil-50-cl","status":"publish","type":"product","link":"https:\/\/www.raschvin.com\/sv\/produkt\/schola-sarmenti-olio-di-oliva-extra-vergine-olive-oil-50-cl\/","title":{"rendered":"Schola Sarmenti \u2013 Olio Di Oliva Extra Vergine (Olive oil) 50 cl."},"content":{"rendered":"<p>Sorten Cellina \u00e4r en av regionens \u00e4ldsta sorter. Oliverna plockas direkt fr\u00e5n tr\u00e4den och &#8221;olifieras&#8221; samma dag genom en rent mekanisk process. Resultatet \u00e4r en olivolja av f\u00f6rsta kvalitet.<br \/>\nAromatiska toner av pistage och kron\u00e4rtskockor, elegant mandelton i finishen, behagligt kryddig<\/p>\n<p>Schola Sarmenti fr\u00e5n Nard\u00f2 \u00e4r absoluta kvalitetsfanatiker. Allt m\u00e5ste vara perfekt. Detta b\u00f6rjar med sk\u00f6tseln av Sc och slutar i slut\u00e4ndan med designen av flaskorna. Med hj\u00e4lp av de modernaste processerna skapas en extremt elegant, kallpressad extra virgin olivolja av den ganska s\u00e4llsynta oliven Cellina di Nard\u00f2. Mycket mild, med fina fruktiga toner som p\u00e5minner lite om mandel<\/p>\n","protected":false},"excerpt":{"rendered":"<p>Puglia \u2013 Italy<\/p>\n","protected":false},"featured_media":49886,"template":"","meta":{"_acf_changed":false,"rs_blank_template":"","rs_page_bg_color":"","slide_template_v7":""},"product_brand":[],"product_cat":[2753,2761],"product_tag":[],"class_list":{"0":"post-49811","1":"product","2":"type-product","3":"status-publish","4":"has-post-thumbnail","6":"product_cat-gaavor","7":"product_cat-tillbehoer","8":"pa_land-italien-sv","9":"pa_producent-schola-sarmenti-sv","10":"pa_region-puglia-sv","11":"pa_volume-50-sv","13":"first","14":"instock","15":"taxable","16":"shipping-taxable","17":"purchasable","18":"product-type-simple"},"bundled_by":[],"bundle_stock_status":"instock","bundle_stock_quantity":null,"bundle_virtual":false,"bundle_layout":"","bundle_add_to_cart_form_location":"","bundle_editable_in_cart":false,"bundle_sold_individually_context":"","bundle_item_grouping":"","bundle_min_size":"","bundle_max_size":"","bundle_price":[],"bundled_items":[],"bundle_sell_ids":[],"acf":[],"_links":{"self":[{"href":"https:\/\/www.raschvin.com\/sv\/wp-json\/wp\/v2\/product\/49811","targetHints":{"allow":["GET"]}}],"collection":[{"href":"https:\/\/www.raschvin.com\/sv\/wp-json\/wp\/v2\/product"}],"about":[{"href":"https:\/\/www.raschvin.com\/sv\/wp-json\/wp\/v2\/types\/product"}],"wp:featuredmedia":[{"embeddable":true,"href":"https:\/\/www.raschvin.com\/sv\/wp-json\/wp\/v2\/media\/49886"}],"wp:attachment":[{"href":"https:\/\/www.raschvin.com\/sv\/wp-json\/wp\/v2\/media?parent=49811"}],"wp:term":[{"taxonomy":"product_brand","embeddable":true,"href":"https:\/\/www.raschvin.com\/sv\/wp-json\/wp\/v2\/product_brand?post=49811"},{"taxonomy":"product_cat","embeddable":true,"href":"https:\/\/www.raschvin.com\/sv\/wp-json\/wp\/v2\/product_cat?post=49811"},{"taxonomy":"product_tag","embeddable":true,"href":"https:\/\/www.raschvin.com\/sv\/wp-json\/wp\/v2\/product_tag?post=49811"}],"curies":[{"name":"wp","href":"https:\/\/api.w.org\/{rel}","templated":true}]}}