{"id":49798,"date":"2024-03-05T11:30:48","date_gmt":"2024-03-05T10:30:48","guid":{"rendered":"https:\/\/www.raschvin.com\/produkt\/fuligni-joanni-rosso-2017-75-cl\/"},"modified":"2024-03-05T11:30:48","modified_gmt":"2024-03-05T10:30:48","slug":"fuligni-joanni-rosso-2017-75-cl","status":"publish","type":"product","link":"https:\/\/www.raschvin.com\/sv\/produkt\/fuligni-joanni-rosso-2017-75-cl\/","title":{"rendered":"Fuligni Joanni Rosso 2017 75 cl."},"content":{"rendered":"<p>Fantastisk &#8221;super Tuscan&#8221; fr\u00e5n Fuligni.<\/p>\n<p>\u00c4ven om Fuligni \u00e4r mest k\u00e4nd f\u00f6r att ligga bakom n\u00e5gra av de mest framst\u00e5ende Brunello di Montalcino-vinerna, bem\u00e4stras \u00e4ven andra druvor \u00e4n Sangiovese hos denna legendariska vinmakare.<\/p>\n<p>H\u00e4r f\u00e5r Merlotdruvan gl\u00e4nsa, och det \u00e4r f\u00e5 andra producenter i hela Toscana som lyckas skapa ett lika storslaget vin av denna druva. F\u00f6r med Joanni har Fuligni skapat ett vin med en helt unik och imponerande balans mellan det mjuka och lena uttryck som k\u00e4nnetecknar Merlotdruvan, men samtidigt besitter vinet en enorm finess.<\/p>\n<p>Smaken bjuder p\u00e5 toner av mogna plommon, m\u00f6rka kryddor och vanilj, men har samtidigt de charmiga blommiga undertonerna som h\u00f6jer den till en riktigt h\u00f6g niv\u00e5. Vinet lagras f\u00f6rst i hela 3 \u00e5r p\u00e5 franska ekfat och sedan 1 \u00e5r p\u00e5 flaska innan det sl\u00e4pps.<\/p>\n","protected":false},"excerpt":{"rendered":"<p>Rosso Di Toscana &#8211; Montalcino<\/p>\n","protected":false},"featured_media":49835,"template":"","meta":{"_acf_changed":false,"rs_blank_template":"","rs_page_bg_color":"","slide_template_v7":""},"product_brand":[],"product_cat":[2788,2798],"product_tag":[],"class_list":{"0":"post-49798","1":"product","2":"type-product","3":"status-publish","4":"has-post-thumbnail","6":"product_cat-vin-sv","7":"product_cat-roedvin-sv","8":"pa_aargang-2017-sv","9":"pa_champagne-type-super-tuscans-sv","10":"pa_drue-merlot-sv","11":"pa_land-italien-sv","12":"pa_procent-15-sv","13":"pa_producent-eredi-fuligni-sv","14":"pa_region-toscana-sv","15":"pa_serveringstemperatur-18-20-sv","16":"pa_volume-75-sv","18":"first","19":"instock","20":"sale","21":"taxable","22":"shipping-taxable","23":"purchasable","24":"product-type-simple"},"bundled_by":[],"bundle_stock_status":"instock","bundle_stock_quantity":null,"bundle_virtual":false,"bundle_layout":"","bundle_add_to_cart_form_location":"","bundle_editable_in_cart":false,"bundle_sold_individually_context":"","bundle_item_grouping":"","bundle_min_size":"","bundle_max_size":"","bundle_price":[],"bundled_items":[],"bundle_sell_ids":[],"acf":[],"_links":{"self":[{"href":"https:\/\/www.raschvin.com\/sv\/wp-json\/wp\/v2\/product\/49798","targetHints":{"allow":["GET"]}}],"collection":[{"href":"https:\/\/www.raschvin.com\/sv\/wp-json\/wp\/v2\/product"}],"about":[{"href":"https:\/\/www.raschvin.com\/sv\/wp-json\/wp\/v2\/types\/product"}],"wp:featuredmedia":[{"embeddable":true,"href":"https:\/\/www.raschvin.com\/sv\/wp-json\/wp\/v2\/media\/49835"}],"wp:attachment":[{"href":"https:\/\/www.raschvin.com\/sv\/wp-json\/wp\/v2\/media?parent=49798"}],"wp:term":[{"taxonomy":"product_brand","embeddable":true,"href":"https:\/\/www.raschvin.com\/sv\/wp-json\/wp\/v2\/product_brand?post=49798"},{"taxonomy":"product_cat","embeddable":true,"href":"https:\/\/www.raschvin.com\/sv\/wp-json\/wp\/v2\/product_cat?post=49798"},{"taxonomy":"product_tag","embeddable":true,"href":"https:\/\/www.raschvin.com\/sv\/wp-json\/wp\/v2\/product_tag?post=49798"}],"curies":[{"name":"wp","href":"https:\/\/api.w.org\/{rel}","templated":true}]}}