{"id":49706,"date":"2024-12-14T09:43:03","date_gmt":"2024-12-14T08:43:03","guid":{"rendered":"https:\/\/www.raschvin.com\/produkt\/beronia-rioja-gran-reserva-2016-75-cl\/"},"modified":"2025-08-19T08:37:15","modified_gmt":"2025-08-19T06:37:15","slug":"beronia-rioja-gran-reserva-2016-75-cl","status":"publish","type":"product","link":"https:\/\/www.raschvin.com\/sv\/produkt\/beronia-rioja-gran-reserva-2016-75-cl\/","title":{"rendered":"Beronia Rioja &#8211; Gran Reserva 2018 75 cl."},"content":{"rendered":"<p>V\u00e5r Gran Reserva \u00e4r gjord av v\u00e5ra prisade gamla druvor och utvecklar djup och komplexitet genom mer \u00e4n tv\u00e5 \u00e5rs noggrann lagring p\u00e5 franska ekfat.<\/p>\n<p>Utseende<br \/>\nDjupt k\u00f6rsb\u00e4rsr\u00f6d med en ljus granatkant.<\/p>\n<p>Arom<br \/>\nMogna plommon, s\u00f6ta kryddtoner av muskotn\u00f6t och kryddnejlika och en hint av balsamico.<\/p>\n<p>Gom<br \/>\nFylliga svarta frukter blandas med toner av kakao och cedertr\u00e4 och avslutas med lager av mjuk krydda. V\u00e5r Gran Reserva \u00e4r fyllig med silkeslen tanniner och en l\u00e5ng, sl\u00e4t finish.<\/p>\n<p>Efter den noggranna sk\u00f6rden av v\u00e5ra allra b\u00e4sta druvor b\u00f6rjar v\u00e5r Gran Reserva sin j\u00e4sning. Detta \u00e4r en l\u00e5ngsam och kontrollerad process som g\u00f6r att all f\u00e4rg och arom fr\u00e5n druvorna kan extraheras. Under tv\u00e5 \u00e5r p\u00e5 franska ekfat utvecklar vinet gradvis sitt varum\u00e4rkesdjup och komplexitet, ytterligare genom att spendera tre \u00e5r p\u00e5 flaska innan det sl\u00e4pps.<\/p>\n<p>DRUVSORTER<br \/>\n97 %<br \/>\nTempranillo<br \/>\n3 %<br \/>\nGraciano<\/p>\n","protected":false},"excerpt":{"rendered":"<p>Bodegas Beronia Spain<\/p>\n","protected":false},"featured_media":49721,"template":"","meta":{"_acf_changed":false,"rs_blank_template":"","rs_page_bg_color":"","slide_template_v7":""},"product_brand":[],"product_cat":[2788,2798],"product_tag":[],"class_list":{"0":"post-49706","1":"product","2":"type-product","3":"status-publish","4":"has-post-thumbnail","6":"product_cat-vin-sv","7":"product_cat-roedvin-sv","8":"pa_aargang-2018-sv","9":"pa_drue-graciano-sv","10":"pa_drue-tempranillo-sv","11":"pa_land-spanien-sv","12":"pa_procent-14-sv","13":"pa_producent-bodegas-beronia-sv","14":"pa_region-rioja-sv","15":"pa_serveringstemperatur-16-18-sv","16":"pa_volume-75-sv","18":"first","19":"instock","20":"taxable","21":"shipping-taxable","22":"purchasable","23":"product-type-simple"},"bundled_by":[],"bundle_stock_status":"instock","bundle_stock_quantity":null,"bundle_virtual":false,"bundle_layout":"","bundle_add_to_cart_form_location":"","bundle_editable_in_cart":false,"bundle_sold_individually_context":"","bundle_item_grouping":"","bundle_min_size":"","bundle_max_size":"","bundle_price":[],"bundled_items":[],"bundle_sell_ids":[],"acf":[],"_links":{"self":[{"href":"https:\/\/www.raschvin.com\/sv\/wp-json\/wp\/v2\/product\/49706","targetHints":{"allow":["GET"]}}],"collection":[{"href":"https:\/\/www.raschvin.com\/sv\/wp-json\/wp\/v2\/product"}],"about":[{"href":"https:\/\/www.raschvin.com\/sv\/wp-json\/wp\/v2\/types\/product"}],"wp:featuredmedia":[{"embeddable":true,"href":"https:\/\/www.raschvin.com\/sv\/wp-json\/wp\/v2\/media\/49721"}],"wp:attachment":[{"href":"https:\/\/www.raschvin.com\/sv\/wp-json\/wp\/v2\/media?parent=49706"}],"wp:term":[{"taxonomy":"product_brand","embeddable":true,"href":"https:\/\/www.raschvin.com\/sv\/wp-json\/wp\/v2\/product_brand?post=49706"},{"taxonomy":"product_cat","embeddable":true,"href":"https:\/\/www.raschvin.com\/sv\/wp-json\/wp\/v2\/product_cat?post=49706"},{"taxonomy":"product_tag","embeddable":true,"href":"https:\/\/www.raschvin.com\/sv\/wp-json\/wp\/v2\/product_tag?post=49706"}],"curies":[{"name":"wp","href":"https:\/\/api.w.org\/{rel}","templated":true}]}}