{"id":49703,"date":"2024-03-04T18:48:53","date_gmt":"2024-03-04T17:48:53","guid":{"rendered":"https:\/\/www.raschvin.com\/produkt\/beronia-rioja-reserva-2019-75-cl\/"},"modified":"2025-08-19T08:39:54","modified_gmt":"2025-08-19T06:39:54","slug":"beronia-rioja-reserva-2019-75-cl","status":"publish","type":"product","link":"https:\/\/www.raschvin.com\/sv\/produkt\/beronia-rioja-reserva-2019-75-cl\/","title":{"rendered":"Beronia Rioja &#8211; Reserva 2020 75 cl."},"content":{"rendered":"<p>En reserva i modern stil, fyllig och komplex, gjord av druvor odlade p\u00e5 mer \u00e4n 40 \u00e5r gamla vinstockar.<\/p>\n<p>V\u00e5r Reserva \u00e4r gjord av v\u00e5ra prisade, gamla druvor och har en modern stil med en oemotst\u00e5ndlig komplexitet.<\/p>\n<p>Utseende<br \/>\nDjup, picota k\u00f6rsb\u00e4rsr\u00f6d<\/p>\n<p>Arom<br \/>\nEn sofistikerad dos av svarta frukter och s\u00f6t kanelkrydda.<\/p>\n<p>Gom<br \/>\nMjuka tanniner v\u00e4vs genom den frodiga, svarta fruktbasen, balanserad av toner av kakao, rostad hasseln\u00f6t och en touch av peppar.<\/p>\n<p>Efter den noggranna sk\u00f6rden av v\u00e5ra allra b\u00e4sta druvor b\u00f6rjar v\u00e5r Reserva sin j\u00e4sning. Detta \u00e4r en l\u00e5ngsam och kontrollerad process som g\u00f6r att all f\u00e4rg och arom fr\u00e5n druvorna kan extraheras. Under arton m\u00e5nader p\u00e5 blandade franska och amerikanska ekfat, utvecklar vinet gradvis sin varum\u00e4rkesj\u00e4mnhet och komplexitet, ytterligare genom att spendera arton m\u00e5nader p\u00e5 flaska innan det sl\u00e4pps.<\/p>\n<p>DRUVSORTER<br \/>\n95 %<br \/>\nTempranillo<br \/>\n4 %<br \/>\nGraciano<br \/>\n1 %<br \/>\nMazuelo<\/p>\n","protected":false},"excerpt":{"rendered":"<p>Bodegas Beronia Spain<\/p>\n","protected":false},"featured_media":49718,"template":"","meta":{"_acf_changed":false,"rs_blank_template":"","rs_page_bg_color":"","slide_template_v7":""},"product_brand":[],"product_cat":[2788,2798],"product_tag":[],"class_list":{"0":"post-49703","1":"product","2":"type-product","3":"status-publish","4":"has-post-thumbnail","6":"product_cat-vin-sv","7":"product_cat-roedvin-sv","8":"pa_aargang-2020-sv","9":"pa_drue-grenache-sv","10":"pa_drue-tempranillo-sv","11":"pa_drue-mazuelo-sv","12":"pa_land-spanien-sv","13":"pa_procent-14-sv","14":"pa_producent-bodegas-beronia-sv","15":"pa_region-rioja-sv","16":"pa_serveringstemperatur-16-18-sv","17":"pa_volume-75-sv","19":"first","20":"instock","21":"taxable","22":"shipping-taxable","23":"purchasable","24":"product-type-simple"},"bundled_by":[],"bundle_stock_status":"instock","bundle_stock_quantity":null,"bundle_virtual":false,"bundle_layout":"","bundle_add_to_cart_form_location":"","bundle_editable_in_cart":false,"bundle_sold_individually_context":"","bundle_item_grouping":"","bundle_min_size":"","bundle_max_size":"","bundle_price":[],"bundled_items":[],"bundle_sell_ids":[],"acf":[],"_links":{"self":[{"href":"https:\/\/www.raschvin.com\/sv\/wp-json\/wp\/v2\/product\/49703","targetHints":{"allow":["GET"]}}],"collection":[{"href":"https:\/\/www.raschvin.com\/sv\/wp-json\/wp\/v2\/product"}],"about":[{"href":"https:\/\/www.raschvin.com\/sv\/wp-json\/wp\/v2\/types\/product"}],"wp:featuredmedia":[{"embeddable":true,"href":"https:\/\/www.raschvin.com\/sv\/wp-json\/wp\/v2\/media\/49718"}],"wp:attachment":[{"href":"https:\/\/www.raschvin.com\/sv\/wp-json\/wp\/v2\/media?parent=49703"}],"wp:term":[{"taxonomy":"product_brand","embeddable":true,"href":"https:\/\/www.raschvin.com\/sv\/wp-json\/wp\/v2\/product_brand?post=49703"},{"taxonomy":"product_cat","embeddable":true,"href":"https:\/\/www.raschvin.com\/sv\/wp-json\/wp\/v2\/product_cat?post=49703"},{"taxonomy":"product_tag","embeddable":true,"href":"https:\/\/www.raschvin.com\/sv\/wp-json\/wp\/v2\/product_tag?post=49703"}],"curies":[{"name":"wp","href":"https:\/\/api.w.org\/{rel}","templated":true}]}}