{"id":49700,"date":"2024-03-04T18:38:19","date_gmt":"2024-03-04T17:38:19","guid":{"rendered":"https:\/\/www.raschvin.com\/produkt\/beronia-rioja-crianza-2020-75-cl\/"},"modified":"2024-03-04T18:38:19","modified_gmt":"2024-03-04T17:38:19","slug":"beronia-rioja-crianza-2020-75-cl","status":"publish","type":"product","link":"https:\/\/www.raschvin.com\/sv\/produkt\/beronia-rioja-crianza-2020-75-cl\/","title":{"rendered":"Beronia Rioja &#8211; Crianza 2020 75 cl."},"content":{"rendered":"<p>En traditionell blandning av Riojan druvsorter med noggrann lagring p\u00e5 blandade ekfat. V\u00e5r Crianza \u00e4r den sanna f\u00f6rkroppsligandet av Beronia-stilen.<\/p>\n<p>Ljus, k\u00f6rsb\u00e4rsr\u00f6d.<\/p>\n<p>En bukett av r\u00f6da frukter med inslag av rosmarin, kanel och timjan p\u00e5 n\u00e4san.<\/p>\n<p>Livliga, r\u00f6da b\u00e4rfrukter, mjuka toner av vanilj och en touch av choklad och kaffe i gommen.<\/p>\n<p>Efter noggrant urval av de b\u00e4sta druvorna b\u00f6rjar v\u00e5r Crianza sin j\u00e4sning. Detta \u00e4r en l\u00e5ngsam och kontrollerad process som g\u00f6r det m\u00f6jligt att extrahera alla f\u00e4rger och aromer fr\u00e5n druvorna. Vinet mjuknar och utvecklas under ett \u00e5r p\u00e5 blandade ekfat, beh\u00e5ller sin ljusa fruktkarakt\u00e4r, innan det tillbringar minst tre m\u00e5nader p\u00e5 flaska innan det sl\u00e4pps.<\/p>\n<p>DRUVSORTER<br \/>\n91 %<br \/>\nTempranillo<br \/>\n8 %<br \/>\nGarnacha<br \/>\n1 %<br \/>\nMazuelo<\/p>\n","protected":false},"excerpt":{"rendered":"<p>Bodegas Beronia Spain<\/p>\n","protected":false},"featured_media":49715,"template":"","meta":{"_acf_changed":false,"rs_blank_template":"","rs_page_bg_color":"","slide_template_v7":""},"product_brand":[],"product_cat":[2788,2798],"product_tag":[],"class_list":{"0":"post-49700","1":"product","2":"type-product","3":"status-publish","4":"has-post-thumbnail","6":"product_cat-vin-sv","7":"product_cat-roedvin-sv","8":"pa_aargang-2020-sv","9":"pa_drue-grenache-sv","10":"pa_drue-tempranillo-sv","11":"pa_drue-mazuelo-sv","12":"pa_land-spanien-sv","13":"pa_procent-13-5-sv","14":"pa_producent-bodegas-beronia-sv","15":"pa_region-rioja-sv","16":"pa_serveringstemperatur-16-18-sv","17":"pa_volume-75-sv","19":"first","20":"instock","21":"taxable","22":"shipping-taxable","23":"purchasable","24":"product-type-simple"},"bundled_by":[],"bundle_stock_status":"instock","bundle_stock_quantity":null,"bundle_virtual":false,"bundle_layout":"","bundle_add_to_cart_form_location":"","bundle_editable_in_cart":false,"bundle_sold_individually_context":"","bundle_item_grouping":"","bundle_min_size":"","bundle_max_size":"","bundle_price":[],"bundled_items":[],"bundle_sell_ids":[],"acf":[],"_links":{"self":[{"href":"https:\/\/www.raschvin.com\/sv\/wp-json\/wp\/v2\/product\/49700","targetHints":{"allow":["GET"]}}],"collection":[{"href":"https:\/\/www.raschvin.com\/sv\/wp-json\/wp\/v2\/product"}],"about":[{"href":"https:\/\/www.raschvin.com\/sv\/wp-json\/wp\/v2\/types\/product"}],"wp:featuredmedia":[{"embeddable":true,"href":"https:\/\/www.raschvin.com\/sv\/wp-json\/wp\/v2\/media\/49715"}],"wp:attachment":[{"href":"https:\/\/www.raschvin.com\/sv\/wp-json\/wp\/v2\/media?parent=49700"}],"wp:term":[{"taxonomy":"product_brand","embeddable":true,"href":"https:\/\/www.raschvin.com\/sv\/wp-json\/wp\/v2\/product_brand?post=49700"},{"taxonomy":"product_cat","embeddable":true,"href":"https:\/\/www.raschvin.com\/sv\/wp-json\/wp\/v2\/product_cat?post=49700"},{"taxonomy":"product_tag","embeddable":true,"href":"https:\/\/www.raschvin.com\/sv\/wp-json\/wp\/v2\/product_tag?post=49700"}],"curies":[{"name":"wp","href":"https:\/\/api.w.org\/{rel}","templated":true}]}}