{"id":49596,"date":"2024-03-04T09:06:10","date_gmt":"2024-03-04T08:06:10","guid":{"rendered":"https:\/\/www.raschvin.com\/produkt\/cdi-barbados-foursquare-dk-fbd15-2011-70-cl-572\/"},"modified":"2024-03-04T09:06:10","modified_gmt":"2024-03-04T08:06:10","slug":"cdi-barbados-foursquare-dk-fbd15-2011-70-cl-572","status":"publish","type":"product","link":"https:\/\/www.raschvin.com\/sv\/produkt\/cdi-barbados-foursquare-dk-fbd15-2011-70-cl-572\/","title":{"rendered":"CDI &#8211; Barbados Foursquare DK #FBD15 2011 70 cl. 57,2%"},"content":{"rendered":"<p>Vi har tappat tv\u00e5 systerfat fr\u00e5n samma parti eftersom vi vet att du bara \u00e4lskar Barbados-rom fr\u00e5n Foursquare-destilleriet. Rommen ligger precis i boken och fylld med massor av toner av kokos, vanilj, apelsin och m\u00f6rk choklad, samt skarpa toffeetoner. Oerh\u00f6rt trevlig bekantskap.<\/p>\n<p>Rommen buteljeras p\u00e5 full fatstyrka, utan tillsatt socker eller f\u00e4rg\u00e4mne, exklusivt f\u00f6r den danska marknaden.<\/p>\n<p>F\u00e4rg: M\u00f6rk.<br \/>\nDoft: Behaglig kryddig doft.<br \/>\nSmak: Kraftfull med toner av kokos, vanilj, apelsin och m\u00f6rk choklad, samt skarpa toffeetoner.<\/p>\n<p>Serveringsf\u00f6rslag: B\u00f6r avnjutas snyggt.<\/p>\n<p>Compagnie des Indes \u00e4r en s\u00e5 kallad &#8221;oberoende buteljerare&#8221;. F\u00f6retaget startades av fransmannen Florent Beuchet, och h\u00e4mtar inspiration fr\u00e5n det brittiska ostindiska kompaniet, som under 1500-, 1600- och 1700-talen importerade s\u00e4llsynta och exotiska varor fr\u00e5n hela v\u00e4rlden till Europa. P\u00e5 samma s\u00e4tt hittar Florent fat fr\u00e5n m\u00e4klare och destillerier i hela romv\u00e4rlden \u2013 fr\u00e5n Florida till Jamaica, Fiji och Indonesien \u2013 och buteljerar dem under varum\u00e4rket Compagnie des Indes. M\u00e5nga buteljeras som &#8221;single casks&#8221;, men CDI ger \u00e4ven ut v\u00e4lkomponerade blandningar.<\/p>\n<p>Under de senaste \u00e5ren har resten av Europa v\u00e4nt sig avundsjukt till Danmark n\u00e4r Florent serverar det \u00e5rliga partiet exklusiva, danska enfatstappningar. Dessa buteljeras alltid p\u00e5 fatstyrka och utan tillsatt f\u00e4rg eller socker \u2013 n\u00e5got som f\u00e5r t\u00e4nderna p\u00e5 romn\u00f6rdar runt om i v\u00e4rlden att vattnas! Men du hittar ocks\u00e5 s\u00f6tare och l\u00e4ttdrucken rom i serien av transkaribiska blandningar; t ex Latino och Cara\u00efbes. Det finns n\u00e5got f\u00f6r alla h\u00e4r.<\/p>\n","protected":false},"excerpt":{"rendered":"<p>Single Cask Premium Aged Rum<\/p>\n","protected":false},"featured_media":49641,"template":"","meta":{"_acf_changed":false,"rs_blank_template":"","rs_page_bg_color":"","slide_template_v7":""},"product_brand":[],"product_cat":[2387,4634,2391],"product_tag":[],"class_list":{"0":"post-49596","1":"product","2":"type-product","3":"status-publish","4":"has-post-thumbnail","6":"product_cat-avec-sv","7":"product_cat-premium-aged-sv","8":"product_cat-rom-sv","9":"pa_champagne-type-single-cask-sv","10":"pa_land-barbados-sv","11":"pa_procent-57-2-sv","12":"pa_producent-foursquare-sv","13":"pa_vintage-2011-sv","14":"pa_volume-70-sv-2","16":"first","17":"instock","18":"taxable","19":"shipping-taxable","20":"purchasable","21":"product-type-simple"},"bundled_by":[],"bundle_stock_status":"instock","bundle_stock_quantity":null,"bundle_virtual":false,"bundle_layout":"","bundle_add_to_cart_form_location":"","bundle_editable_in_cart":false,"bundle_sold_individually_context":"","bundle_item_grouping":"","bundle_min_size":"","bundle_max_size":"","bundle_price":[],"bundled_items":[],"bundle_sell_ids":[],"acf":[],"_links":{"self":[{"href":"https:\/\/www.raschvin.com\/sv\/wp-json\/wp\/v2\/product\/49596","targetHints":{"allow":["GET"]}}],"collection":[{"href":"https:\/\/www.raschvin.com\/sv\/wp-json\/wp\/v2\/product"}],"about":[{"href":"https:\/\/www.raschvin.com\/sv\/wp-json\/wp\/v2\/types\/product"}],"wp:featuredmedia":[{"embeddable":true,"href":"https:\/\/www.raschvin.com\/sv\/wp-json\/wp\/v2\/media\/49641"}],"wp:attachment":[{"href":"https:\/\/www.raschvin.com\/sv\/wp-json\/wp\/v2\/media?parent=49596"}],"wp:term":[{"taxonomy":"product_brand","embeddable":true,"href":"https:\/\/www.raschvin.com\/sv\/wp-json\/wp\/v2\/product_brand?post=49596"},{"taxonomy":"product_cat","embeddable":true,"href":"https:\/\/www.raschvin.com\/sv\/wp-json\/wp\/v2\/product_cat?post=49596"},{"taxonomy":"product_tag","embeddable":true,"href":"https:\/\/www.raschvin.com\/sv\/wp-json\/wp\/v2\/product_tag?post=49596"}],"curies":[{"name":"wp","href":"https:\/\/api.w.org\/{rel}","templated":true}]}}