{"id":49587,"date":"2024-03-04T08:46:57","date_gmt":"2024-03-04T07:46:57","guid":{"rendered":"https:\/\/www.raschvin.com\/produkt\/cdi-spiced-rum-70-cl-40\/"},"modified":"2024-03-04T08:46:57","modified_gmt":"2024-03-04T07:46:57","slug":"cdi-spiced-rum-70-cl-40","status":"publish","type":"product","link":"https:\/\/www.raschvin.com\/sv\/produkt\/cdi-spiced-rum-70-cl-40\/","title":{"rendered":"CDI \u2013 Spiced Rum 70 cl. 40%"},"content":{"rendered":"<p>Gl\u00f6m allt du vet om konventionell kryddad rom. Detta \u00e4r l\u00e5ngt ifr\u00e5n de sirapiga och konstgjorda versionerna som har dominerat kategorin alldeles f\u00f6r l\u00e4nge! Compagnie des Indes Spiced \u00e4r gjord av 80 % rom fr\u00e5n Dominikanska republiken och 20 % rom fr\u00e5n Venezuela, som under en period av 2 veckor varsamt infunderas med riktiga kryddor. I receptet ing\u00e5r ingef\u00e4ra, vanilj, lakrits, muskotn\u00f6t och svartpeppar och de endast 15 gram socker per liter ger en helt ny upplevelse av Spiced Rom. Den har inte ens karamellf\u00e4rg tillsatt! Bra gjort!<\/p>\n<p>F\u00e4rg: Ljus gyllene.<br \/>\nDoft: Doften k\u00e4nns komplex och v\u00e4ldigt &#8221;\u00e4kta&#8221; f\u00f6r en kryddad rom. H\u00e4r \u00e4r toner av ingef\u00e4ra, citrus, peppar och vanilj.<br \/>\nSmaknoter: Perfekt balans mellan det s\u00f6ta och det kryddiga. Varma toner av kryddnejlika, lakrits, ek och timjan.<\/p>\n<p>Serveringsf\u00f6rslag: Kan avnjutas snyggt eller i cocktails.<\/p>\n<p>Compagnie des Indes \u00e4r en s\u00e5 kallad &#8221;oberoende buteljerare&#8221;. F\u00f6retaget startades av fransmannen Florent Beuchet, och h\u00e4mtar inspiration fr\u00e5n det brittiska ostindiska kompaniet, som under 1500-, 1600- och 1700-talen importerade s\u00e4llsynta och exotiska varor fr\u00e5n hela v\u00e4rlden till Europa. P\u00e5 samma s\u00e4tt hittar Florent fat fr\u00e5n m\u00e4klare och destillerier i hela romv\u00e4rlden \u2013 fr\u00e5n Florida till Jamaica, Fiji och Indonesien \u2013 och buteljerar dem under varum\u00e4rket Compagnie des Indes. M\u00e5nga buteljeras som &#8221;single casks&#8221;, men CDI ger \u00e4ven ut v\u00e4lkomponerade blandningar.<\/p>\n<p>Under de senaste \u00e5ren har resten av Europa v\u00e4nt sig avundsjukt till Danmark n\u00e4r Florent serverar det \u00e5rliga partiet exklusiva, danska enfatstappningar. Dessa buteljeras alltid p\u00e5 fatstyrka och utan tillsatt f\u00e4rg eller socker \u2013 n\u00e5got som f\u00e5r t\u00e4nderna p\u00e5 romn\u00f6rdar runt om i v\u00e4rlden att vattnas! Men du hittar ocks\u00e5 s\u00f6tare och l\u00e4ttdrucken rom i serien av transkaribiska blandningar; t ex Latino och Cara\u00efbes. Det finns n\u00e5got f\u00f6r alla h\u00e4r.<\/p>\n","protected":false},"excerpt":{"rendered":"<p>Dominican Republic\/Venezuela Rum<\/p>\n","protected":false},"featured_media":49650,"template":"","meta":{"_acf_changed":false,"rs_blank_template":"","rs_page_bg_color":"","slide_template_v7":""},"product_brand":[],"product_cat":[2387,2391,4631],"product_tag":[],"class_list":{"0":"post-49587","1":"product","2":"type-product","3":"status-publish","4":"has-post-thumbnail","6":"product_cat-avec-sv","7":"product_cat-rom-sv","8":"product_cat-spiced-sv","9":"pa_land-dominikanska-republiken","10":"pa_land-venezuela-sv","11":"pa_procent-40-sv-2","12":"pa_volume-70-sv-2","14":"first","15":"instock","16":"taxable","17":"shipping-taxable","18":"purchasable","19":"product-type-simple"},"bundled_by":[],"bundle_stock_status":"instock","bundle_stock_quantity":null,"bundle_virtual":false,"bundle_layout":"","bundle_add_to_cart_form_location":"","bundle_editable_in_cart":false,"bundle_sold_individually_context":"","bundle_item_grouping":"","bundle_min_size":"","bundle_max_size":"","bundle_price":[],"bundled_items":[],"bundle_sell_ids":[],"acf":[],"_links":{"self":[{"href":"https:\/\/www.raschvin.com\/sv\/wp-json\/wp\/v2\/product\/49587","targetHints":{"allow":["GET"]}}],"collection":[{"href":"https:\/\/www.raschvin.com\/sv\/wp-json\/wp\/v2\/product"}],"about":[{"href":"https:\/\/www.raschvin.com\/sv\/wp-json\/wp\/v2\/types\/product"}],"wp:featuredmedia":[{"embeddable":true,"href":"https:\/\/www.raschvin.com\/sv\/wp-json\/wp\/v2\/media\/49650"}],"wp:attachment":[{"href":"https:\/\/www.raschvin.com\/sv\/wp-json\/wp\/v2\/media?parent=49587"}],"wp:term":[{"taxonomy":"product_brand","embeddable":true,"href":"https:\/\/www.raschvin.com\/sv\/wp-json\/wp\/v2\/product_brand?post=49587"},{"taxonomy":"product_cat","embeddable":true,"href":"https:\/\/www.raschvin.com\/sv\/wp-json\/wp\/v2\/product_cat?post=49587"},{"taxonomy":"product_tag","embeddable":true,"href":"https:\/\/www.raschvin.com\/sv\/wp-json\/wp\/v2\/product_tag?post=49587"}],"curies":[{"name":"wp","href":"https:\/\/api.w.org\/{rel}","templated":true}]}}