{"id":49468,"date":"2024-02-29T09:16:00","date_gmt":"2024-02-29T08:16:00","guid":{"rendered":"https:\/\/www.raschvin.com\/produkt\/hendricks-grand-cabernet-70-cl-434\/"},"modified":"2025-03-24T14:48:40","modified_gmt":"2025-03-24T13:48:40","slug":"hendricks-grand-cabernet-70-cl-434","status":"publish","type":"product","link":"https:\/\/www.raschvin.com\/sv\/produkt\/hendricks-grand-cabernet-70-cl-434\/","title":{"rendered":"Hendrick\u2019s Grand Cabernet 70 cl. 43,4%"},"content":{"rendered":"<p>Vi presenterar den NYA, BEGR\u00c4NSADE UTGIVEN, Hendrick&#8217;s Grand Cabaret gin: en \u00f6verseende skapelse fylld med en sensuell kabar\u00e9 av dekadenta smaker av stenfrukter och shimmies av s\u00f6ta aromatiska \u00f6rter. Inspirerad av ett fruktigt franskt experiment fr\u00e5n 1600-talet, d\u00e4r destillering av h\u00f6gar av stenfrukt ov\u00e4ntat gav en verkligt v\u00e4lsmakande dryck v\u00e4ckte fantasin hos v\u00e5r m\u00e4sterdestillat\u00f6r, Lesley Gracie, att experimentera med samma k\u00e4nsla av poetisk extravagans.<\/p>\n<p>I hj\u00e4rtat av denna extraordin\u00e4ra skapelse ligger en ovanlig ginupplevelse som h\u00e4mtar inspiration fr\u00e5n det f\u00f6rflutna och omdefinierar gr\u00e4nserna f\u00f6r traditionell gin. Presenterad i en underbar 70 cl flaska, Hendrick&#8217;s Grand Cabaret omfamnar essensen av rika frukttoner och aromatiska \u00f6rter, minuti\u00f6st destillerade till perfektion, vilket resulterar i en of\u00f6rgl\u00f6mlig infunderad gin som gl\u00e4djer sinnena.<\/p>\n<p>Designad f\u00f6r den kr\u00e4sna gin\u00e4lskaren, kommer denna premiumgin att f\u00f6rf\u00f6ra dina smakl\u00f6kar med piruetter av dekadent stenfrukt och shimmies av s\u00f6ta \u00f6rter. Resultatet \u00e4r ett dekadent l\u00e4ckert uttryck av Hendricks som \u00e4r idealiskt f\u00f6r att l\u00e4gga till en uppfriskande elegans till h\u00e4rliga sammankomster.<\/p>\n<p>Fr\u00e5n en \u00f6verd\u00e5dig soar\u00e9 till en intim sammankomst lyfter Hendrick&#8217;s Grand Cabaret din spritsamling med sin f\u00e4ngslande blandning av v\u00e4xter och uppfriskande, fruktig ginsmakprofil. L\u00e4gg bara till tonic och en garnering av gurka f\u00f6r att njuta av den okonventionella tjusningen hos denna handgjorda gin, som firar individualitet och en smak som skiljer sig fr\u00e5n m\u00e4ngden.<\/p>\n<p>G\u00e5 med i det storslagna firandet av smak, h\u00f6j ditt glas till den dekadenta sk\u00f6nheten i Hendricks Grand Cabaret, och l\u00e5t dina sinnen ge sig ut p\u00e5 en f\u00f6rtrollande resa genom v\u00e4rlden av premium gin.<\/p>\n","protected":false},"excerpt":{"rendered":"<p>Premium Botanical Gin<\/p>\n","protected":false},"featured_media":49472,"template":"","meta":{"_acf_changed":false,"rs_blank_template":"","rs_page_bg_color":"","slide_template_v7":""},"product_brand":[],"product_cat":[4711,2404,8335,2402],"product_tag":[],"class_list":{"0":"post-49468","1":"product","2":"type-product","3":"status-publish","4":"has-post-thumbnail","6":"product_cat-andra-gins","7":"product_cat-gin-sv","8":"product_cat-hendriks-sv","9":"product_cat-sprit-sv","10":"pa_land-skottland","11":"pa_procent-43-4-sv","12":"pa_producent-girvan-distillery-sv","13":"pa_volume-70-sv-2","15":"first","16":"instock","17":"sale","18":"taxable","19":"shipping-taxable","20":"purchasable","21":"product-type-simple"},"bundled_by":[],"bundle_stock_status":"instock","bundle_stock_quantity":null,"bundle_virtual":false,"bundle_layout":"","bundle_add_to_cart_form_location":"","bundle_editable_in_cart":false,"bundle_sold_individually_context":"","bundle_item_grouping":"","bundle_min_size":"","bundle_max_size":"","bundle_price":[],"bundled_items":[],"bundle_sell_ids":[],"acf":[],"_links":{"self":[{"href":"https:\/\/www.raschvin.com\/sv\/wp-json\/wp\/v2\/product\/49468","targetHints":{"allow":["GET"]}}],"collection":[{"href":"https:\/\/www.raschvin.com\/sv\/wp-json\/wp\/v2\/product"}],"about":[{"href":"https:\/\/www.raschvin.com\/sv\/wp-json\/wp\/v2\/types\/product"}],"wp:featuredmedia":[{"embeddable":true,"href":"https:\/\/www.raschvin.com\/sv\/wp-json\/wp\/v2\/media\/49472"}],"wp:attachment":[{"href":"https:\/\/www.raschvin.com\/sv\/wp-json\/wp\/v2\/media?parent=49468"}],"wp:term":[{"taxonomy":"product_brand","embeddable":true,"href":"https:\/\/www.raschvin.com\/sv\/wp-json\/wp\/v2\/product_brand?post=49468"},{"taxonomy":"product_cat","embeddable":true,"href":"https:\/\/www.raschvin.com\/sv\/wp-json\/wp\/v2\/product_cat?post=49468"},{"taxonomy":"product_tag","embeddable":true,"href":"https:\/\/www.raschvin.com\/sv\/wp-json\/wp\/v2\/product_tag?post=49468"}],"curies":[{"name":"wp","href":"https:\/\/api.w.org\/{rel}","templated":true}]}}