{"id":49392,"date":"2024-02-28T08:52:09","date_gmt":"2024-02-28T07:52:09","guid":{"rendered":"https:\/\/www.raschvin.com\/produkt\/giuseppe-sedilesu-cannonau-di-sardegna-riserva-2010-75-cl\/"},"modified":"2024-02-28T08:52:09","modified_gmt":"2024-02-28T07:52:09","slug":"giuseppe-sedilesu-cannonau-di-sardegna-riserva-2010-75-cl","status":"publish","type":"product","link":"https:\/\/www.raschvin.com\/sv\/produkt\/giuseppe-sedilesu-cannonau-di-sardegna-riserva-2010-75-cl\/","title":{"rendered":"Giuseppe Sedilesu &#8211; Cannonau di Sardegna Riserva 2010 75 cl."},"content":{"rendered":"<p>Cannnonau &#8221;Giuseppe Sedilesu&#8221; \u00e4r ett r\u00f6tt vin fr\u00e5n Sardinien mycket prestigefyllt och raffinerat, s\u00e5 det f\u00f6rtj\u00e4nar namnet p\u00e5 produktionsk\u00e4llaren Giuseppe Sedilesu. Den \u00e4r framst\u00e4lld av prestigefyllda Cannonau di Mamoiada-druvor. K\u00e4rnan i detta fantastiska vin \u00e4r omgivet av vinstockar f\u00f6r 50 \u00e5r sedan. Detta vin produceras med max 30 kv. hektar utvalda druvor som kommer fr\u00e5n sk\u00f6rden i oktober.<\/p>\n<p>Egenskaper hos detta r\u00f6da vin<br \/>\nDruvorna som anv\u00e4nds f\u00f6r produktionen av detta vin \u00e4r 100 % enstaka varianter av Cannonau di Mamoiada. B\u00e4ren pressas mjukt, sedan tas de ur musten och j\u00e4sningen sker naturligt enligt tradition. Samma j\u00e4sning har nyligen genomf\u00f6rts igen i fat om 75 hektoliter vardera. F\u00f6ljande filtrering \u00e4r inte n\u00f6dv\u00e4ndig och raffineringen p\u00e5 flaskor varar i 12 m\u00e5nader.<\/p>\n<p>F\u00f6reslagna parningar medan du provade detta vin fr\u00e5n Sardinien<br \/>\nDet r\u00f6da vinet Giuseppe Sedilesu Cannonau DOC \u00e4r mycket rikt och strukturerat och b\u00f6r matchas med vinterr\u00e4tter av den sardiska traditionen. Stekt k\u00f6tt, porchetta, kallskuret och ostarna passar perfekt till smaken och den lokala traditionen. Den b\u00f6r serveras i breda och djupa vinglas f\u00f6r att hj\u00e4lpa till med oxidationen och spridningen av aromerna. Driftstemperaturen m\u00e5ste vara mellan 16-18\u00b0C. Vinglasen som ska anv\u00e4ndas \u00e4r Bordeaux.<\/p>\n<p>Kombinationsstekt k\u00f6tt, grillat fl\u00e4sk, h\u00e5rdost, tortellini med k\u00f6tts\u00e5s, vilt, Pasta all&#8217;amatriciana, bakad fl\u00e4skknoge, Kokt k\u00f6tt<br \/>\nStil Full och intensiv<\/p>\n","protected":false},"excerpt":{"rendered":"<p>Giuseppe Sedilesu &#8211; Sardinia Italy <\/p>\n","protected":false},"featured_media":49413,"template":"","meta":{"_acf_changed":false,"rs_blank_template":"","rs_page_bg_color":"","slide_template_v7":""},"product_brand":[],"product_cat":[2788,2798],"product_tag":[],"class_list":{"0":"post-49392","1":"product","2":"type-product","3":"status-publish","4":"has-post-thumbnail","6":"product_cat-vin-sv","7":"product_cat-roedvin-sv","8":"pa_aargang-2010-sv","9":"pa_drue-cannonau-sv","10":"pa_land-italien-sv","11":"pa_procent-15-5-sv","12":"pa_producent-giuseppe-sedilesu-sv","13":"pa_region-sardegna-sv","14":"pa_serveringstemperatur-16-18-sv","15":"pa_volume-75-sv","17":"first","18":"instock","19":"sale","20":"taxable","21":"shipping-taxable","22":"purchasable","23":"product-type-simple"},"bundled_by":[],"bundle_stock_status":"instock","bundle_stock_quantity":null,"bundle_virtual":false,"bundle_layout":"","bundle_add_to_cart_form_location":"","bundle_editable_in_cart":false,"bundle_sold_individually_context":"","bundle_item_grouping":"","bundle_min_size":"","bundle_max_size":"","bundle_price":[],"bundled_items":[],"bundle_sell_ids":[],"acf":[],"_links":{"self":[{"href":"https:\/\/www.raschvin.com\/sv\/wp-json\/wp\/v2\/product\/49392","targetHints":{"allow":["GET"]}}],"collection":[{"href":"https:\/\/www.raschvin.com\/sv\/wp-json\/wp\/v2\/product"}],"about":[{"href":"https:\/\/www.raschvin.com\/sv\/wp-json\/wp\/v2\/types\/product"}],"wp:featuredmedia":[{"embeddable":true,"href":"https:\/\/www.raschvin.com\/sv\/wp-json\/wp\/v2\/media\/49413"}],"wp:attachment":[{"href":"https:\/\/www.raschvin.com\/sv\/wp-json\/wp\/v2\/media?parent=49392"}],"wp:term":[{"taxonomy":"product_brand","embeddable":true,"href":"https:\/\/www.raschvin.com\/sv\/wp-json\/wp\/v2\/product_brand?post=49392"},{"taxonomy":"product_cat","embeddable":true,"href":"https:\/\/www.raschvin.com\/sv\/wp-json\/wp\/v2\/product_cat?post=49392"},{"taxonomy":"product_tag","embeddable":true,"href":"https:\/\/www.raschvin.com\/sv\/wp-json\/wp\/v2\/product_tag?post=49392"}],"curies":[{"name":"wp","href":"https:\/\/api.w.org\/{rel}","templated":true}]}}