{"id":49385,"date":"2026-03-04T09:19:45","date_gmt":"2026-03-04T08:19:45","guid":{"rendered":"https:\/\/www.raschvin.com\/produkt\/coffele-alzari-eco-75-cl\/"},"modified":"2026-03-04T09:21:11","modified_gmt":"2026-03-04T08:21:11","slug":"coffele-alzari-eco-75-cl","status":"publish","type":"product","link":"https:\/\/www.raschvin.com\/sv\/produkt\/coffele-alzari-eco-75-cl\/","title":{"rendered":"Coffele Alzari Soave Classico 2024 (ECO) 75 cl."},"content":{"rendered":"<p>Vin gjort p\u00e5 Garganega-druvor, odlat i ving\u00e5rdarna Alzari Altiu och Bassi i Castelcerin p\u00e5 en h\u00f6jd av 150 m \u00f6ver havet. Druvorna plockas f\u00f6r hand under upprepade promenader genom ving\u00e5rden &#8211; endast optimalt mogna druvor v\u00e4ljs alltid ut.<\/p>\n<p>60 % av samlingen j\u00e4ser efter pressning i rostfria st\u00e5ltankar, 40 % torkas i ca. 40 dagar och sedan j\u00e4st separat. Detta f\u00f6ljs av lagring i 10-12 m\u00e5nader p\u00e5 ekfat med en volym p\u00e5 1500 l, d\u00e4refter minst 3 m\u00e5nader p\u00e5 flaska.<\/p>\n<p>Vinet har en halmgul f\u00e4rg med gyllene h\u00f6jdpunkter. I glaset utvecklas aromen fr\u00e5n bergs\u00f6rter, gr\u00f6nt te och mineralitet till mogna Williamsp\u00e4ron, torkad frukt, rostade n\u00f6tter och honung.<\/p>\n<p>Om du promenerar genom den stora porten i den gamla delen av den lilla charmiga staden Soave, hittar du Coffele i ett gotiskt kapell fr\u00e5n 1600-talet bel\u00e4get p\u00e5 en gammal innerg\u00e5rd. Familjen Coffele \u00e4r dock allt annat \u00e4n ett gammaldags och tungt rotat vinhus och den livliga familjen ger sina g\u00e4ster lika mycket omsorg och uppm\u00e4rksamhet som de ger vinerna de g\u00f6r. Det n\u00e4ra bandet familjen har med varandra och vinrankorna \u00e5terspeglas \u00e4ven i vinerna som \u00e4r klassiska och arketypiska Soaves \u2013 som smakar precis som top Soaves ska smaka.<\/p>\n","protected":false},"excerpt":{"rendered":"<p>Soave Classico &#8211; Veneto <\/p>\n","protected":false},"featured_media":49398,"template":"","meta":{"_acf_changed":false,"rs_blank_template":"","rs_page_bg_color":"","slide_template_v7":""},"product_brand":[],"product_cat":[2788,2792],"product_tag":[],"class_list":{"0":"post-49385","1":"product","2":"type-product","3":"status-publish","4":"has-post-thumbnail","6":"product_cat-vin-sv","7":"product_cat-vitt-vin","8":"pa_aargang-2024-sv","9":"pa_drue-garganega-sv","10":"pa_land-italien-sv","11":"pa_oekologisk-yes-sv","12":"pa_procent-13-sv","13":"pa_producent-alberto-coffele-sv","14":"pa_region-veneto-sv","15":"pa_serveringstemperatur-10-12-sv-2","16":"pa_volume-75-sv","18":"first","19":"instock","20":"taxable","21":"shipping-taxable","22":"purchasable","23":"product-type-simple"},"bundled_by":[],"bundle_stock_status":"instock","bundle_stock_quantity":null,"bundle_virtual":false,"bundle_layout":"","bundle_add_to_cart_form_location":"","bundle_editable_in_cart":false,"bundle_sold_individually_context":"","bundle_item_grouping":"","bundle_min_size":"","bundle_max_size":"","bundle_price":[],"bundled_items":[],"bundle_sell_ids":[],"acf":[],"_links":{"self":[{"href":"https:\/\/www.raschvin.com\/sv\/wp-json\/wp\/v2\/product\/49385","targetHints":{"allow":["GET"]}}],"collection":[{"href":"https:\/\/www.raschvin.com\/sv\/wp-json\/wp\/v2\/product"}],"about":[{"href":"https:\/\/www.raschvin.com\/sv\/wp-json\/wp\/v2\/types\/product"}],"wp:featuredmedia":[{"embeddable":true,"href":"https:\/\/www.raschvin.com\/sv\/wp-json\/wp\/v2\/media\/49398"}],"wp:attachment":[{"href":"https:\/\/www.raschvin.com\/sv\/wp-json\/wp\/v2\/media?parent=49385"}],"wp:term":[{"taxonomy":"product_brand","embeddable":true,"href":"https:\/\/www.raschvin.com\/sv\/wp-json\/wp\/v2\/product_brand?post=49385"},{"taxonomy":"product_cat","embeddable":true,"href":"https:\/\/www.raschvin.com\/sv\/wp-json\/wp\/v2\/product_cat?post=49385"},{"taxonomy":"product_tag","embeddable":true,"href":"https:\/\/www.raschvin.com\/sv\/wp-json\/wp\/v2\/product_tag?post=49385"}],"curies":[{"name":"wp","href":"https:\/\/api.w.org\/{rel}","templated":true}]}}