{"id":49260,"date":"2024-02-27T12:56:09","date_gmt":"2024-02-27T11:56:09","guid":{"rendered":"https:\/\/www.raschvin.com\/produkt\/chateau-suduiraut-blanc-sec-de-suduiraut-2020-75-cl\/"},"modified":"2026-01-21T14:28:03","modified_gmt":"2026-01-21T13:28:03","slug":"chateau-suduiraut-blanc-sec-de-suduiraut-2020-75-cl","status":"publish","type":"product","link":"https:\/\/www.raschvin.com\/sv\/produkt\/chateau-suduiraut-blanc-sec-de-suduiraut-2020-75-cl\/","title":{"rendered":"Lions de Suduiraut Bordeaux Blanc Sec 2023 75 cl."},"content":{"rendered":"<p>Den har en behaglig intensiv doft av vita frukter, kryddor och en touch av hasseln\u00f6tter. Den har en kr\u00e4mig struktur, rena linjer och en fr\u00e4sch smak som framh\u00e4ver aromer av p\u00e4ron och \u00e4pplen, samt toner av citrusfrukter som lime och grapefrukt.<\/p>\n<p>\u00c4nnu ett AXA Mill\u00e9sime-innehav. Ch\u00e2teau Suduiraut f\u00f6rv\u00e4rvades 1992 och efter \u00f6vertagandet har slottet flyttats fram bland de ledande 1er Crus i Sauternes. Det kan bara n\u00e4mnas att AXA Mill\u00e9simes idag bl.a. greve Ch\u00e2teau Pichon Longueville Baron, Ch\u00e2teau Pibran och Quinta do Noval. Som en kuriosa kan n\u00e4mnas att AXA Mill\u00e9simes, i str\u00e4van att \u00e5terplacera Ch\u00e2teau Suduiraut i Sauternes hierarki, efter k\u00f6pet beslutade att inte sl\u00e4ppa vare sig 1991, 1992 eller 1993 \u00e5rg\u00e5ngerna till f\u00f6rs\u00e4ljning, eftersom dessa inte uppfyllde ch\u00e2teau nya standarder. Ett extremt dyrt och ambiti\u00f6st beslut, som borde skicka en signal till marknaden om de nya tiderna i fastigheten.<\/p>\n<p>Ch\u00e2teau Suduiraut, vars 90 hektar ving\u00e5rdar gr\u00e4nsar till Ch\u00e2teau d&#8217;Yquems norra sida, erbjuder idag n\u00e5gra av de b\u00e4sta i Sauternes.<\/p>\n<p>Som ung erbjuder Blanc Sec de Suduiraut omedelbart n\u00f6je. Vinets ljusa aromatiska uttryck g\u00f6r det till ett idealiskt vin att njuta av i sin ungdom, j\u00e4mf\u00f6rt med S de Suduiraut Vieilles Vignes, som framst\u00e4lls av druvor fr\u00e5n \u00e4ldre vinstockar. Blanc Sec de Suduiraut framst\u00e4lls av druvor fr\u00e5n en specifik tomt i Ch\u00e2teau Suduirauts ving\u00e5rdar, fr\u00e4mst planterade med S\u00e9millon-vinstockar. Det fina gruset och sandiga terroiren ger fruktaromer och en vacker friskhet till vinet.<\/p>\n<p>Druvsorter<br \/>\n54% S\u00e9millon och 46% Sauvignon Blanc.<\/p>\n<p>Lagring<br \/>\nLagras i 6 m\u00e5nader. 75% i tankar och 25% i franska ekfat (30% nya).<\/p>\n<p>Kan rekommenderas till<br \/>\nSkaldjur, fisk, f\u00e5gel, pasta och gr\u00f6nsaker.<\/p>\n<p>Recensioner<br \/>\n\u00c5r 2020:<br \/>\n93 po\u00e4ng \/ Karaff.<br \/>\n91 po\u00e4ng \/ Vinous.<br \/>\n89-91 \/ Vinadvokat.<br \/>\n\u00c5r 2019:<br \/>\n16 po\u00e4ng \/ Jancis Robinson.<br \/>\n92 po\u00e4ng \/ Vinous.<\/p>\n","protected":false},"excerpt":{"rendered":"<p>Ch\u00e2teau Suduiraut &#8211; Bordeaux<\/p>\n","protected":false},"featured_media":113702,"template":"","meta":{"_acf_changed":false,"rs_blank_template":"","rs_page_bg_color":"","slide_template_v7":""},"product_brand":[],"product_cat":[2788,2792],"product_tag":[],"class_list":{"0":"post-49260","1":"product","2":"type-product","3":"status-publish","4":"has-post-thumbnail","6":"product_cat-vin-sv","7":"product_cat-vitt-vin","8":"pa_aargang-2023-sv","9":"pa_drue-sauvignon-blanc-sv","10":"pa_drue-semillon-sv","11":"pa_land-frankrike","12":"pa_procent-13-sv","13":"pa_producent-chateau-suduiraut-sv","14":"pa_region-bordeaux-sv","15":"pa_serveringstemperatur-12-14-sv","16":"pa_volume-75-sv","18":"first","19":"instock","20":"taxable","21":"shipping-taxable","22":"purchasable","23":"product-type-simple"},"bundled_by":[],"bundle_stock_status":"instock","bundle_stock_quantity":null,"bundle_virtual":false,"bundle_layout":"","bundle_add_to_cart_form_location":"","bundle_editable_in_cart":false,"bundle_sold_individually_context":"","bundle_item_grouping":"","bundle_min_size":"","bundle_max_size":"","bundle_price":[],"bundled_items":[],"bundle_sell_ids":[],"acf":[],"_links":{"self":[{"href":"https:\/\/www.raschvin.com\/sv\/wp-json\/wp\/v2\/product\/49260","targetHints":{"allow":["GET"]}}],"collection":[{"href":"https:\/\/www.raschvin.com\/sv\/wp-json\/wp\/v2\/product"}],"about":[{"href":"https:\/\/www.raschvin.com\/sv\/wp-json\/wp\/v2\/types\/product"}],"wp:featuredmedia":[{"embeddable":true,"href":"https:\/\/www.raschvin.com\/sv\/wp-json\/wp\/v2\/media\/113702"}],"wp:attachment":[{"href":"https:\/\/www.raschvin.com\/sv\/wp-json\/wp\/v2\/media?parent=49260"}],"wp:term":[{"taxonomy":"product_brand","embeddable":true,"href":"https:\/\/www.raschvin.com\/sv\/wp-json\/wp\/v2\/product_brand?post=49260"},{"taxonomy":"product_cat","embeddable":true,"href":"https:\/\/www.raschvin.com\/sv\/wp-json\/wp\/v2\/product_cat?post=49260"},{"taxonomy":"product_tag","embeddable":true,"href":"https:\/\/www.raschvin.com\/sv\/wp-json\/wp\/v2\/product_tag?post=49260"}],"curies":[{"name":"wp","href":"https:\/\/api.w.org\/{rel}","templated":true}]}}