{"id":49250,"date":"2024-02-27T12:13:09","date_gmt":"2024-02-27T11:13:09","guid":{"rendered":"https:\/\/www.raschvin.com\/produkt\/stags-leap-wine-cellars-karia-chardonnay-75-cl\/"},"modified":"2025-11-04T13:03:32","modified_gmt":"2025-11-04T12:03:32","slug":"stags-leap-wine-cellars-karia-chardonnay-75-cl","status":"publish","type":"product","link":"https:\/\/www.raschvin.com\/sv\/produkt\/stags-leap-wine-cellars-karia-chardonnay-75-cl\/","title":{"rendered":"Stag&#8217;s Leap Wine Cellars Karia Chardonnay 2021 75 cl."},"content":{"rendered":"<p>Alla viner fr\u00e5n Stag&#8217;s Leap Wine Cellars \u00e4r intensiva, mycket seri\u00f6sa och skapade med perfektion som ett obestridligt m\u00e5l. Namnet KARIA \u00e4r ett antikt grekiskt ord f\u00f6r graci\u00f6s. Och detta \u00e4r l\u00e4tt och graci\u00f6st vin fr\u00e5n de svala klimatf\u00e4lten i s\u00f6dra Napa Valley, d\u00e4r vindar fr\u00e5n San Pablo Bay fungerar som en slags luftkonditionering. I varma klimat gynnas framf\u00f6r allt vitavinsdruvor av svala vindar f\u00f6r att bevara syra som skapar friskhet i vinet, samtidigt som druvorna utvecklar s\u00f6tma. KARIA \u00e4r ett perfekt exempel; s\u00f6tma fr\u00e5n frukten och en fin v\u00e5rig syra f\u00f6r att h\u00e5lla vinet p\u00e5 plats och ge det dess graci\u00f6sa uttryck. Vinet \u00f6ppnar sig fint i glaset med smak och doft av honung, knapriga \u00e4pplen, f\u00e4rsk citron, p\u00e4ron, lite vaniljst\u00e5ng och \u00e4ven lite banan. Perfekt f\u00f6r pilgrimsmusslor i vilken nyans som helst.<\/p>\n<p>Namnet KARIA \u00e4r ett antikt grekiskt ord f\u00f6r graci\u00f6s<br \/>\n9 m\u00e5nader &#8221;sur lie&#8221; fatlagring p\u00e5 32% nya franska fat.<br \/>\nGraci\u00f6s, elegant Chardonnay med b\u00e5de syra, mineralitet och exotiska honungs- och p\u00e4rontoner.<br \/>\nFet fisk, Pilgrimsmussla<\/p>\n<p>2009 Parker&#8217;s Wine Advocate 90 po\u00e4ng<br \/>\n2012 Berlingske Tidende *****<br \/>\n2017 Oldenburgs Vinguide 18 po\u00e4ng<br \/>\n2018 Din vinguide 93 po\u00e4ng<\/p>\n<p>Idag \u00e4r Stag&#8217;s Leap Wine Cellars fortfarande producenten bakom n\u00e5gra av Napa Valleys mest eftertraktade viner. Huset bidrog till att skapa ett helt nytt fenomen i vinv\u00e4rlden, n\u00e4r en Stag&#8217;s Leap Cabernet 1976 f\u00f6r den nu ikoniska provningen i Paris, vann blindprovningen och bland annat slog viner som Mouton-Rothschild, Haut-Brion, Ridge Monte Bello och Leoville Las Cases. Efter detta myntades termen &#8217;New World Wine&#8217; och ingen skrattade \u00e5t Cowboyvinerna fr\u00e5n Napa l\u00e4ngre. Sedan dess har Stag&#8217;s Leap varit en global superstj\u00e4rna och vinerna finns i m\u00e5nga av de mest prestigefyllda k\u00e4llarna runt om i v\u00e4rlden.<\/p>\n<p>Napa Valley, den vackra 20 mil l\u00e5nga dalen i skydd mellan de \u00f6stra och v\u00e4stra bergskedjorna, norr om San Francisco. H\u00e4r \u00e4r dagen alltid solig och varm, n\u00e4tterna svala. F\u00f6rbudstiden 1920-34 var en tuff tid f\u00f6r Napa Valley, men en hel del vinmakare tog sig igenom den puritanska eran genom att g\u00f6ra altarvin. Napa Valley blev v\u00e4rldsber\u00f6mt 1976, d\u00e5 vinet Stag&#8217;s Leap var det f\u00f6rsta vinet n\u00e5gonsin utanf\u00f6r Europa som slog franska 1st Crus i en blindprovning. Filmen &#8221;Bottleshock&#8221; handlar om den revolutionerande h\u00e4ndelse i vinv\u00e4rlden som satte Napa Valley p\u00e5 vinv\u00e4rldskartan f\u00f6r alltid.). Napa Valley har blivit synonymt med kaliforniskt intensivt, h\u00f6galkoholiskt, distinkt vin baserat p\u00e5 Cabernet Sauvignon, Chardonnay, Pinot Noir, Merlot och signaturdruvan Zinfandel.<\/p>\n","protected":false},"excerpt":{"rendered":"<p>Napa Valley &#8211; California USA<\/p>\n","protected":false},"featured_media":49333,"template":"","meta":{"_acf_changed":false,"rs_blank_template":"","rs_page_bg_color":"","slide_template_v7":""},"product_brand":[],"product_cat":[2788,2792],"product_tag":[],"class_list":{"0":"post-49250","1":"product","2":"type-product","3":"status-publish","4":"has-post-thumbnail","6":"product_cat-vin-sv","7":"product_cat-vitt-vin","8":"pa_aargang-2021-sv","9":"pa_drue-chardonnay-sv","10":"pa_land-usa-sv","11":"pa_procent-14-5-sv","12":"pa_producent-stags-leap-wine-cellars-sv","13":"pa_region-napa-valley-sv","14":"pa_serveringstemperatur-14-16-sv","15":"pa_volume-75-sv","17":"first","18":"instock","19":"taxable","20":"shipping-taxable","21":"purchasable","22":"product-type-simple"},"bundled_by":[],"bundle_stock_status":"instock","bundle_stock_quantity":null,"bundle_virtual":false,"bundle_layout":"","bundle_add_to_cart_form_location":"","bundle_editable_in_cart":false,"bundle_sold_individually_context":"","bundle_item_grouping":"","bundle_min_size":"","bundle_max_size":"","bundle_price":[],"bundled_items":[],"bundle_sell_ids":[],"acf":[],"_links":{"self":[{"href":"https:\/\/www.raschvin.com\/sv\/wp-json\/wp\/v2\/product\/49250","targetHints":{"allow":["GET"]}}],"collection":[{"href":"https:\/\/www.raschvin.com\/sv\/wp-json\/wp\/v2\/product"}],"about":[{"href":"https:\/\/www.raschvin.com\/sv\/wp-json\/wp\/v2\/types\/product"}],"wp:featuredmedia":[{"embeddable":true,"href":"https:\/\/www.raschvin.com\/sv\/wp-json\/wp\/v2\/media\/49333"}],"wp:attachment":[{"href":"https:\/\/www.raschvin.com\/sv\/wp-json\/wp\/v2\/media?parent=49250"}],"wp:term":[{"taxonomy":"product_brand","embeddable":true,"href":"https:\/\/www.raschvin.com\/sv\/wp-json\/wp\/v2\/product_brand?post=49250"},{"taxonomy":"product_cat","embeddable":true,"href":"https:\/\/www.raschvin.com\/sv\/wp-json\/wp\/v2\/product_cat?post=49250"},{"taxonomy":"product_tag","embeddable":true,"href":"https:\/\/www.raschvin.com\/sv\/wp-json\/wp\/v2\/product_tag?post=49250"}],"curies":[{"name":"wp","href":"https:\/\/api.w.org\/{rel}","templated":true}]}}