{"id":49246,"date":"2025-06-05T08:40:37","date_gmt":"2025-06-05T06:40:37","guid":{"rendered":"https:\/\/www.raschvin.com\/produkt\/villa-antinori-chianti-classico-riserva-d-o-c-g-2020-75-cl\/"},"modified":"2025-06-05T08:42:25","modified_gmt":"2025-06-05T06:42:25","slug":"villa-antinori-chianti-classico-riserva-d-o-c-g-2020-75-cl","status":"publish","type":"product","link":"https:\/\/www.raschvin.com\/sv\/produkt\/villa-antinori-chianti-classico-riserva-d-o-c-g-2020-75-cl\/","title":{"rendered":"Villa Antinori Chianti Classico Riserva D.O.C.G 2022 75 cl."},"content":{"rendered":"<p>Vacker rubinr\u00f6d f\u00e4rg och en intensiv och f\u00e4ngslande arom som definieras av fruktiga toner av svarta k\u00f6rsb\u00e4r och svarta vinb\u00e4r med inslag av kaffe och kakao. Den behagliga aromen kompletteras av kryddor och buxbom. Rik med sammetslena tanniner, som st\u00f6ds fint av utm\u00e4rkt fr\u00e4sch\u00f6r och saftighet.<\/p>\n<p>Villa Antinori skapades f\u00f6rst 1928 av Marchese Niccol\u00f2 Antinori, Piero Antinoris far, som signaturvinet f\u00f6r familjen Antinori. Ett exceptionellt vin som ska representera familjens historia, identitet och kontinuitet utan dess like. Och det g\u00f6r det. Ett \u00e4kta, klassiskt toskanskt r\u00f6tt vin d\u00e4r druvor odlas, mognar och sk\u00f6rdas fr\u00e5n Antinoris toskanska ving\u00e5rdar och sedan j\u00e4ser och lagras i familjens gods.<\/p>\n<p>Milt vinterv\u00e4der och begr\u00e4nsad nederb\u00f6rd markerade starten p\u00e5 odlingss\u00e4songen 2020, f\u00f6ljt av en sval v\u00e5rs\u00e4song. Dessa klimatf\u00f6rh\u00e5llanden uppmuntrade normalt knoppbrott och blomning i ving\u00e5rdarna, vilket intr\u00e4ffade i slutet av maj.<br \/>\nJuni bj\u00f6d p\u00e5 regn och n\u00e5got m\u00e5ttliga temperaturer. Sommarm\u00e5naderna var relativt torra och klimatet f\u00f6rblev svalt. F\u00f6rst i augusti p\u00e5verkade enstaka perioder av v\u00e4rme omr\u00e5det. Regnskurar i slutet av augusti garanterade en optimal mognadsfas med idealiska temperaturv\u00e4xlingar mellan dag och natt. Druvsk\u00f6rden b\u00f6rjade andra veckan i september med Merlot, fortsatte med Syrah och Petit Verdot och avslutades i mitten av oktober med Sangiovese och Cabernet.<\/p>\n<p>Italienska Marchesi Antinori \u00e4r 26 generationers vinhistoria i absolut v\u00e4rldsklass. 630 \u00e5r \u00e4r n\u00e4stan sv\u00e5rt att f\u00f6rst\u00e5 n\u00e4r det handlar om en och samma familj av vinproducenter. Men Antinori kan sp\u00e5ra sin historia \u00e4nda tillbaka till 1385, d\u00e5 Giovanni di Piero Antinori antogs till &#8217;Arte Fiorentina dei Vinattieri&#8217;, vinmakarorden i Florens. Idag \u00e4r Marchesi Antinori medlem i Primum Familiae Vini \u2013 en sammanslutning av 12 av de mest prestigefyllda familje\u00e4gda ving\u00e5rdarna i v\u00e4rlden. Det blir inte mycket st\u00f6rre \u00e4n s\u00e5 h\u00e4r.<\/p>\n<p>Redan i ren\u00e4ssansen Florens var Marchesi Antinori ett mycket framg\u00e5ngsrikt vinhus, och Allesandro Antinori var en av de rikaste inv\u00e5narna i staden, som var centrum f\u00f6r tidens stora t\u00e4nkare och konstn\u00e4rer som Leonardo da Vinci och f\u00f6r f\u00f6rfattare som Dante Alighieri, som skrev sin gudomliga komedi. Marchesi Antinori \u00e4r \u00e4n i dag ett familje\u00e4gt f\u00f6retag, d\u00e4r v\u00e4rden som enorm omsorg, fokus p\u00e5 \u00e4ven sm\u00e5 detaljer och viljan att hela tiden bli skickligare ligger under huden. Genom 26 generationer har familjen format italiensk vintillverkning med innovativa och ibland dj\u00e4rva beslut, men alltid med en grundl\u00e4ggande respekt f\u00f6r tradition. 1974 lanserade Marchesi Antinori sin f\u00f6rsta Tignanello p\u00e5 marknaden, en av de f\u00f6rsta s\u00e5 kallade &#8221;Super Tuscans&#8221;. Vinet skakade om den italienska vinv\u00e4rlden och f\u00f6r\u00e4ndrade vad som kunde g\u00f6ras i st\u00f6vellandet. Piero Antinori skapades p\u00e5 en blandning av Sangiovese och de d\u00e5 &#8221;f\u00f6rbjudna&#8221; utl\u00e4ndska druvsorterna Cabernet Sauvignon och Cabernet Franc, och var en av de stora innovat\u00f6rerna i en helt ny v\u00e5g av supertoskaner, som man v\u00e5gade skapa utan att diskriminera gamla regler och standarder. Idag anses Tignanello vara ett av de viktigaste vinerna i hela Italiens vinhistoria.<\/p>\n<p>Antinori har allts\u00e5 redan m\u00e5nga fler kapitel i sin historia \u00e4n de allra flesta ving\u00e5rdar. Men det sista kapitlet \u00e4r fortfarande l\u00e5ngt ifr\u00e5n skrivet. Du kommer att vara s\u00e4ker p\u00e5 detta n\u00e4r du k\u00f6r upp framf\u00f6r den framst\u00e5ende ving\u00e5rden. H\u00e4r g\u00f6rs allt smakfullt, fr\u00e5n verken av Leonardo da Vinci och Giovanni Della Robbia som visas upp till belysningen framf\u00f6r hissen, som leder upp till den lilla restaurangen med utsikt \u00f6ver ving\u00e5rdarna. \u00c4ven om de gamla r\u00f6tterna spelar en stor roll i familjens dagliga arbete och i visionerna f\u00f6r huset och varje enskilt vin, har det aldrig satt stopp f\u00f6r Antinoris alltid innovativa anda, vilket exemplet med Tignanello visar. De forskar om nya lokala och internationella druvsorter och experimenterar med alternativa odlingsmetoder, \u00e5krar i varierande h\u00f6jder, j\u00e4sningsmetoder, olika fat f\u00f6r fatlagring etc. Idag \u00e4r Albiera Antinori chef f\u00f6r Marchesi Antinori med st\u00f6d av systrarna Allegra och Alessia . Deras far, Marchese Piero Antinori, \u00e4r hedersordf\u00f6rande f\u00f6r familjef\u00f6retaget.<\/p>\n<p>93 PO\u00c4NG<br \/>\nWine Spectator<br \/>\n&#8221;DET H\u00c4R R\u00d6DA LYSER&#8221;<br \/>\nDenna r\u00f6da lyser f\u00f6r sin elegans och renhet av frukt, och erbjuder k\u00f6rsb\u00e4r, jordgubbar, ros och en blixt av jord matchat till en fast, v\u00e4lintegrerad struktur. Charmig och l\u00e4ttillg\u00e4nglig nu, men har ocks\u00e5 en fast bas av tanniner. Visar fantastisk l\u00e4ngd. Drick nu till och med 2042.<br \/>\n92 PO\u00c4NG<br \/>\nJames Suckling<br \/>\nEn rund och fr\u00e4sch Chianti Classico med karakt\u00e4r av k\u00f6rsb\u00e4r, b\u00e4r och apelsinskal. Medium kropp. Hint av vanilj. \u00d6ppna korniga tanniner.<br \/>\n92 PO\u00c4NG<br \/>\nVin\u00f6s<br \/>\n&#8221;MYMPLIGT, SAFTIGT OCH SUPEREXPRESSIVT&#8221;<br \/>\n2020 Chianti Classico Riserva Villa Antinori \u00e4r fyllig, saftig och superuttrycksfull. M\u00f6rk k\u00f6rsb\u00e4r, plommon, mocka, lakrits, krydda och l\u00e4der \u00e4r alla uppringda. Denna frodiga, fram\u00e5triktade Riserva \u00e4r full av \u00f6verklagande p\u00e5 kort och medell\u00e5ng sikt. Vackra blommiga toner lyfter finishen. Villa Antinori \u00e4r en blandning av frukt fr\u00e5n Antinori-familjens innehav i fastigheterna San Sano, Capraia, Cigliano och Tignanello.<br \/>\n91 PUNKT<br \/>\nVinentusiast<br \/>\nVanilj, kokos och \u00f6rter f\u00f6ljt av blyertssp\u00e5n och mald peppar och slutligen kommer jordgubbar och k\u00f6rsb\u00e4r i den ordningen p\u00e5 n\u00e4san, med gommen som speglar och avsl\u00f6jar samma komponenter i omv\u00e4nd ordning, mot sp\u00e4nda tanniner.<\/p>\n","protected":false},"excerpt":{"rendered":"<p>Villa Antinori &#8211; Toscana<\/p>\n","protected":false},"featured_media":49357,"template":"","meta":{"_acf_changed":false,"rs_blank_template":"","rs_page_bg_color":"","slide_template_v7":""},"product_brand":[],"product_cat":[2788,2798],"product_tag":[],"class_list":{"0":"post-49246","1":"product","2":"type-product","3":"status-publish","4":"has-post-thumbnail","6":"product_cat-vin-sv","7":"product_cat-roedvin-sv","8":"pa_aargang-2022-sv","9":"pa_drue-cabernet-sauvignon-sv","10":"pa_drue-sangiovese-sv","11":"pa_land-italien-sv","12":"pa_procent-13-5-sv","13":"pa_producent-villa-antinori-sv","14":"pa_region-toscana-sv","15":"pa_serveringstemperatur-18-20-sv","16":"pa_volume-75-sv","18":"first","19":"instock","20":"taxable","21":"shipping-taxable","22":"purchasable","23":"product-type-simple"},"bundled_by":[],"bundle_stock_status":"instock","bundle_stock_quantity":null,"bundle_virtual":false,"bundle_layout":"","bundle_add_to_cart_form_location":"","bundle_editable_in_cart":false,"bundle_sold_individually_context":"","bundle_item_grouping":"","bundle_min_size":"","bundle_max_size":"","bundle_price":[],"bundled_items":[],"bundle_sell_ids":[],"acf":[],"_links":{"self":[{"href":"https:\/\/www.raschvin.com\/sv\/wp-json\/wp\/v2\/product\/49246","targetHints":{"allow":["GET"]}}],"collection":[{"href":"https:\/\/www.raschvin.com\/sv\/wp-json\/wp\/v2\/product"}],"about":[{"href":"https:\/\/www.raschvin.com\/sv\/wp-json\/wp\/v2\/types\/product"}],"wp:featuredmedia":[{"embeddable":true,"href":"https:\/\/www.raschvin.com\/sv\/wp-json\/wp\/v2\/media\/49357"}],"wp:attachment":[{"href":"https:\/\/www.raschvin.com\/sv\/wp-json\/wp\/v2\/media?parent=49246"}],"wp:term":[{"taxonomy":"product_brand","embeddable":true,"href":"https:\/\/www.raschvin.com\/sv\/wp-json\/wp\/v2\/product_brand?post=49246"},{"taxonomy":"product_cat","embeddable":true,"href":"https:\/\/www.raschvin.com\/sv\/wp-json\/wp\/v2\/product_cat?post=49246"},{"taxonomy":"product_tag","embeddable":true,"href":"https:\/\/www.raschvin.com\/sv\/wp-json\/wp\/v2\/product_tag?post=49246"}],"curies":[{"name":"wp","href":"https:\/\/api.w.org\/{rel}","templated":true}]}}