{"id":49237,"date":"2024-02-27T09:31:44","date_gmt":"2024-02-27T08:31:44","guid":{"rendered":"https:\/\/www.raschvin.com\/produkt\/domaine-cazes-muscat-de-rivesaltes-bio-375-cl-15\/"},"modified":"2024-02-27T09:31:44","modified_gmt":"2024-02-27T08:31:44","slug":"domaine-cazes-muscat-de-rivesaltes-bio-375-cl-15","status":"publish","type":"product","link":"https:\/\/www.raschvin.com\/sv\/produkt\/domaine-cazes-muscat-de-rivesaltes-bio-375-cl-15\/","title":{"rendered":"Domaine Cazes Muscat de Rivesaltes (BIO) 37,5 cl. 15%"},"content":{"rendered":"<p>Muscat de Rivesaltes best\u00e5r av 70 % Muscat d&#8217;Alexandrie och 30 % Muscat \u00e0 Petits Grains, som kommer fr\u00e5n fastighetens biodynamiskt odlade ving\u00e5rdar. Undergrunden best\u00e5r av leriga och kalkhaltiga lager, blandade med s\u00f6nderfallande skiffer och klassiska runda avlagringsstenar. Klimatet \u00e4r varmt, men med god kylning fr\u00e5n havet \u2013 alla perfekta f\u00f6ruts\u00e4ttningar f\u00f6r att odla Muscat.<\/p>\n<p>Druvorna pressas direkt efter ankomsten till k\u00e4llaren och j\u00e4sningen b\u00f6rjar spontant med druvornas egen j\u00e4st. Br\u00e4nnvinet tills\u00e4tts mitt i processen, och vinet f\u00f6rvaras sedan svalt i st\u00e5ltankar i ca. 6 m\u00e5nader. Buteljering sker efter naturlig sedimentering och utan filtrering.<\/p>\n<p>Muscat de Rivesaltes har en fin, glansig, blekt gyllene f\u00e4rg. Doften \u00e4r mycket komplex med delikata toner av blommor och blad f\u00f6rst, som snabbt ers\u00e4tts av mer exotiska nyanser av mogna frukter (apelsin, mango, persikor). P\u00e5 gommen \u00e4r vinet ganska strukturerat och krispigt trots den fruktiga s\u00f6tman, och det avslutas mycket fr\u00e4scht och lite kryddigt (inklusive gr\u00f6nmynta). Vinets fr\u00e4sch\u00f6r g\u00f6r att det passar som aperitif\/v\u00e4lkomstdrink, eller till ett litet glas tidigt p\u00e5 morgonen, men det passar \u00e4ven utm\u00e4rkt till desserter med frukt eller vanilj. Prova den ocks\u00e5 till glass eller sorbet \u2013 eller till en god \u00e4delost. Muscat de Rivesaltes b\u00f6r serveras kyld men inte iskall. En temperatur p\u00e5 ca. 8\u00b0 rekommenderas.<\/p>\n","protected":false},"excerpt":{"rendered":"<p>Vin Doux Naturels \u2013 France<\/p>\n","protected":false},"featured_media":49273,"template":"","meta":{"_acf_changed":false,"rs_blank_template":"","rs_page_bg_color":"","slide_template_v7":""},"product_brand":[],"product_cat":[2788,2790],"product_tag":[],"class_list":{"0":"post-49237","1":"product","2":"type-product","3":"status-publish","4":"has-post-thumbnail","6":"product_cat-vin-sv","7":"product_cat-dessertvin-sv","8":"pa_drue-muscat-a-petits-grains-sv","9":"pa_drue-muscat-dalexandrie-sv","10":"pa_land-frankrike","11":"pa_oekologisk-organisk","12":"pa_procent-15-sv","13":"pa_producent-domaine-cazes-sv","14":"pa_region-languedoc-sv","15":"pa_serveringstemperatur-8-sv","16":"pa_volume-37-5-sv","18":"first","19":"instock","20":"sale","21":"taxable","22":"shipping-taxable","23":"purchasable","24":"product-type-simple"},"bundled_by":[],"bundle_stock_status":"instock","bundle_stock_quantity":null,"bundle_virtual":false,"bundle_layout":"","bundle_add_to_cart_form_location":"","bundle_editable_in_cart":false,"bundle_sold_individually_context":"","bundle_item_grouping":"","bundle_min_size":"","bundle_max_size":"","bundle_price":[],"bundled_items":[],"bundle_sell_ids":[],"acf":[],"_links":{"self":[{"href":"https:\/\/www.raschvin.com\/sv\/wp-json\/wp\/v2\/product\/49237","targetHints":{"allow":["GET"]}}],"collection":[{"href":"https:\/\/www.raschvin.com\/sv\/wp-json\/wp\/v2\/product"}],"about":[{"href":"https:\/\/www.raschvin.com\/sv\/wp-json\/wp\/v2\/types\/product"}],"wp:featuredmedia":[{"embeddable":true,"href":"https:\/\/www.raschvin.com\/sv\/wp-json\/wp\/v2\/media\/49273"}],"wp:attachment":[{"href":"https:\/\/www.raschvin.com\/sv\/wp-json\/wp\/v2\/media?parent=49237"}],"wp:term":[{"taxonomy":"product_brand","embeddable":true,"href":"https:\/\/www.raschvin.com\/sv\/wp-json\/wp\/v2\/product_brand?post=49237"},{"taxonomy":"product_cat","embeddable":true,"href":"https:\/\/www.raschvin.com\/sv\/wp-json\/wp\/v2\/product_cat?post=49237"},{"taxonomy":"product_tag","embeddable":true,"href":"https:\/\/www.raschvin.com\/sv\/wp-json\/wp\/v2\/product_tag?post=49237"}],"curies":[{"name":"wp","href":"https:\/\/api.w.org\/{rel}","templated":true}]}}