{"id":49230,"date":"2024-02-27T09:08:29","date_gmt":"2024-02-27T08:08:29","guid":{"rendered":"https:\/\/www.raschvin.com\/produkt\/domaine-cazes-rivesaltes-ambre-bio-375-cl-17\/"},"modified":"2024-02-27T09:08:29","modified_gmt":"2024-02-27T08:08:29","slug":"domaine-cazes-rivesaltes-ambre-bio-375-cl-17","status":"publish","type":"product","link":"https:\/\/www.raschvin.com\/sv\/produkt\/domaine-cazes-rivesaltes-ambre-bio-375-cl-17\/","title":{"rendered":"Domaine Cazes Rivesaltes Ambr\u00e9 (BIO) 37,5 cl. 17%"},"content":{"rendered":"<p>Rivesaltes &#8221;Ambr\u00e9&#8221; \u00e4r gjord av 100 % Grenache Blanc, som kommer fr\u00e5n fastighetens biodynamiskt odlade ving\u00e5rdar. Undergrunden best\u00e5r av leriga och kalkhaltiga lager, blandade med s\u00f6nderfallande skiffer och klassiska runda avlagringsstenar. Klimatet \u00e4r varmt, men med god kylning fr\u00e5n havet \u2013 alla perfekta f\u00f6ruts\u00e4ttningar f\u00f6r att odla t.ex. Grenache Blanc. Vinrankorna som producerar druvorna till detta vin \u00e4r \u00f6ver 50 \u00e5r gamla.<\/p>\n<p>Druvorna pressas direkt efter ankomsten till k\u00e4llaren och j\u00e4sningen b\u00f6rjar spontant med druvornas egen j\u00e4st. Tillsatsen av br\u00e4nnvinet sker mitt i processen och vinet flyttas sedan till hundra\u00e5riga &#8221;foudres&#8221; (stora tr\u00e4fat p\u00e5 20-30 hl.), d\u00e4r det mognar i 15 \u00e5r. Avdunstning \u00e4r 7 % per \u00e5r, och vinet uppn\u00e5r d\u00e4rf\u00f6r en imponerande koncentration. Buteljering sker efter naturlig sedimentering och utan filtrering. Vinet f\u00f6rvaras sedan svalt.<\/p>\n<p>Vinet har en fin, m\u00f6rk b\u00e4rnstensf\u00e4rgad f\u00e4rg. Trots 15 \u00e5rs mognad har aromen ett otroligt gott bett med nyanser av persika, picklad ananas, apelsin, rostad mandel och lite lakrits. Smaken \u00e4r ocks\u00e5 ganska &#8221;ung&#8221;, med toner av valn\u00f6tter, torkade aprikoser, picklad ingef\u00e4ra, l\u00e4der och lite &#8221;rancio&#8221;. Det avslutas med bra fr\u00e4sch\u00f6r och tannin. Ganska imponerande f\u00f6r ett s\u00e5 gammalt vin! Prova den till stekt foie gras, till exotiska kyckling- eller fl\u00e4skr\u00e4tter (t.ex. med ingef\u00e4ra eller curry), pajer med n\u00f6tter (mandel, valn\u00f6tter eller hasseln\u00f6tter), cr\u00e8me br\u00fbl\u00e9e eller \u00e4delost. B\u00f6r serveras kyld men inte iskall.<\/p>\n","protected":false},"excerpt":{"rendered":"<p>Vin Doux Naturels \u2013 France<\/p>\n","protected":false},"featured_media":49297,"template":"","meta":{"_acf_changed":false,"rs_blank_template":"","rs_page_bg_color":"","slide_template_v7":""},"product_brand":[],"product_cat":[2788,2790],"product_tag":[],"class_list":{"0":"post-49230","1":"product","2":"type-product","3":"status-publish","4":"has-post-thumbnail","6":"product_cat-vin-sv","7":"product_cat-dessertvin-sv","8":"pa_drue-grenache-blanc-sv","9":"pa_land-frankrike","10":"pa_oekologisk-organisk","11":"pa_procent-17-sv","12":"pa_producent-domaine-cazes-sv","13":"pa_region-languedoc-sv","14":"pa_serveringstemperatur-16-sv","15":"pa_volume-37-5-sv","17":"first","18":"instock","19":"sale","20":"taxable","21":"shipping-taxable","22":"purchasable","23":"product-type-simple"},"bundled_by":[],"bundle_stock_status":"instock","bundle_stock_quantity":null,"bundle_virtual":false,"bundle_layout":"","bundle_add_to_cart_form_location":"","bundle_editable_in_cart":false,"bundle_sold_individually_context":"","bundle_item_grouping":"","bundle_min_size":"","bundle_max_size":"","bundle_price":[],"bundled_items":[],"bundle_sell_ids":[],"acf":[],"_links":{"self":[{"href":"https:\/\/www.raschvin.com\/sv\/wp-json\/wp\/v2\/product\/49230","targetHints":{"allow":["GET"]}}],"collection":[{"href":"https:\/\/www.raschvin.com\/sv\/wp-json\/wp\/v2\/product"}],"about":[{"href":"https:\/\/www.raschvin.com\/sv\/wp-json\/wp\/v2\/types\/product"}],"wp:featuredmedia":[{"embeddable":true,"href":"https:\/\/www.raschvin.com\/sv\/wp-json\/wp\/v2\/media\/49297"}],"wp:attachment":[{"href":"https:\/\/www.raschvin.com\/sv\/wp-json\/wp\/v2\/media?parent=49230"}],"wp:term":[{"taxonomy":"product_brand","embeddable":true,"href":"https:\/\/www.raschvin.com\/sv\/wp-json\/wp\/v2\/product_brand?post=49230"},{"taxonomy":"product_cat","embeddable":true,"href":"https:\/\/www.raschvin.com\/sv\/wp-json\/wp\/v2\/product_cat?post=49230"},{"taxonomy":"product_tag","embeddable":true,"href":"https:\/\/www.raschvin.com\/sv\/wp-json\/wp\/v2\/product_tag?post=49230"}],"curies":[{"name":"wp","href":"https:\/\/api.w.org\/{rel}","templated":true}]}}