{"id":49227,"date":"2024-02-27T08:57:21","date_gmt":"2024-02-27T07:57:21","guid":{"rendered":"https:\/\/www.raschvin.com\/produkt\/arnaud-de-villeneuve-ambre-collection-rivesaltes-1965-75-cl-16\/"},"modified":"2025-06-11T18:33:38","modified_gmt":"2025-06-11T16:33:38","slug":"arnaud-de-villeneuve-ambre-collection-rivesaltes-1965-75-cl-16","status":"publish","type":"product","link":"https:\/\/www.raschvin.com\/sv\/produkt\/arnaud-de-villeneuve-ambre-collection-rivesaltes-1965-75-cl-16\/","title":{"rendered":"Arnaud de Villeneuve Ambr\u00e9 Collection Rivesaltes 1965 50 cl. 16%"},"content":{"rendered":"<p>Druvsorter<br \/>\nGrenache, Macabeu<\/p>\n<p>Terroir<br \/>\nVing\u00e5rd p\u00e5 Roussillon-sl\u00e4tten mellan Pyren\u00e9erna och Medelhavskusten. Cuv\u00e9e fr\u00e5n gamla vinstockar planterade p\u00e5 r\u00f6d jord och kompakt kalksten, stenig jord med l\u00e5g b\u00f6rdighet.<\/p>\n<p>F\u00e4rg: Djupt b\u00e4rnsten.<br \/>\nN\u00e4sa: Komplex, som erbjuder ett bra \u00e4ktenskap mellan toner av torkad frukt, vanilj, kaffe, rancio och blond tobak.<br \/>\nMun: \u00d6verraskande attackvolym och framf\u00f6r allt ett anm\u00e4rkningsv\u00e4rt intryck av friskhet. En palett av aromer som str\u00e4cker sig fr\u00e5n s\u00f6ta kryddor till kaffe, fr\u00e5n torkade fikon till kanderad kumquat.<br \/>\nDen \u00e4r ih\u00e5llande och fr\u00e4sch\u00f6ren f\u00f6rl\u00e4nger finishen.<\/p>\n<p>Driftstemperatur<\/p>\n<p>Servera runt 15\u00b0C.<\/p>\n<p>Mat och vin kombinationer<\/p>\n<p>M\u00e5ste avnjutas till chokladdesserter. Nj\u00f6t ocks\u00e5 av i slutet av en m\u00e5ltid f\u00f6r att \u00e5tf\u00f6lja alla stunder av gemytlighet.<\/p>\n<p>Arnaud de Villeneuve \u00e4r ett kooperativ bel\u00e4get i staden Rivesaltes i Roussillon. Det grundades 2007 n\u00e4r tv\u00e5 gamla v\u00e4lrenommerade f\u00f6retag, Cave de Salses fr\u00e5n 1909 och Cellars de Rivesaltes fr\u00e5n 1932, slogs samman. Idag har kooperativet \u00f6ver 220 medlemmar som levererar druvor fr\u00e5n en m\u00e4ngd olika terroirer och samarbetar kring en stor och varierad portf\u00f6lj av viner. De mest k\u00e4nda \u00e4r det s\u00f6ta vinet doux naturel och den oxidativa rancio. F\u00f6retagets imponerande och noggrant bevakade k\u00e4llare lagrar fortfarande viner fr\u00e5n 1930-talet &#8211; och priserna \u00e4r f\u00f6rv\u00e5nansv\u00e4rt \u00f6verkomliga f\u00f6r vin av den kvaliteten och h\u00e4rkomsten.<\/p>\n","protected":false},"excerpt":{"rendered":"<p>Vintage Rivesaltes \u2013 France<\/p>\n","protected":false},"featured_media":49300,"template":"","meta":{"_acf_changed":false,"rs_blank_template":"","rs_page_bg_color":"","slide_template_v7":""},"product_brand":[],"product_cat":[2790,2788],"product_tag":[],"class_list":{"0":"post-49227","1":"product","2":"type-product","3":"status-publish","4":"has-post-thumbnail","6":"product_cat-dessertvin-sv","7":"product_cat-vin-sv","8":"pa_drue-grenache-blanc-sv","9":"pa_drue-macabeo-sv","10":"pa_drue-grenache-gris-sv","11":"pa_land-frankrike","12":"pa_procent-16-sv","13":"pa_producent-arnaud-de-villeneuve-sv","14":"pa_region-languedoc-sv","15":"pa_serveringstemperatur-16-sv","16":"pa_vintage-1965-sv","17":"pa_volume-50-sv","19":"first","20":"instock","21":"sale","22":"taxable","23":"shipping-taxable","24":"purchasable","25":"product-type-simple"},"bundled_by":[],"bundle_stock_status":"instock","bundle_stock_quantity":null,"bundle_virtual":false,"bundle_layout":"","bundle_add_to_cart_form_location":"","bundle_editable_in_cart":false,"bundle_sold_individually_context":"","bundle_item_grouping":"","bundle_min_size":"","bundle_max_size":"","bundle_price":[],"bundled_items":[],"bundle_sell_ids":[],"acf":[],"_links":{"self":[{"href":"https:\/\/www.raschvin.com\/sv\/wp-json\/wp\/v2\/product\/49227","targetHints":{"allow":["GET"]}}],"collection":[{"href":"https:\/\/www.raschvin.com\/sv\/wp-json\/wp\/v2\/product"}],"about":[{"href":"https:\/\/www.raschvin.com\/sv\/wp-json\/wp\/v2\/types\/product"}],"wp:featuredmedia":[{"embeddable":true,"href":"https:\/\/www.raschvin.com\/sv\/wp-json\/wp\/v2\/media\/49300"}],"wp:attachment":[{"href":"https:\/\/www.raschvin.com\/sv\/wp-json\/wp\/v2\/media?parent=49227"}],"wp:term":[{"taxonomy":"product_brand","embeddable":true,"href":"https:\/\/www.raschvin.com\/sv\/wp-json\/wp\/v2\/product_brand?post=49227"},{"taxonomy":"product_cat","embeddable":true,"href":"https:\/\/www.raschvin.com\/sv\/wp-json\/wp\/v2\/product_cat?post=49227"},{"taxonomy":"product_tag","embeddable":true,"href":"https:\/\/www.raschvin.com\/sv\/wp-json\/wp\/v2\/product_tag?post=49227"}],"curies":[{"name":"wp","href":"https:\/\/api.w.org\/{rel}","templated":true}]}}