{"id":49221,"date":"2024-02-27T08:36:47","date_gmt":"2024-02-27T07:36:47","guid":{"rendered":"https:\/\/www.raschvin.com\/produkt\/arnaud-de-villeneuve-ambre-collection-rivesaltes-1970-75-cl-16\/"},"modified":"2024-02-27T08:36:47","modified_gmt":"2024-02-27T07:36:47","slug":"arnaud-de-villeneuve-ambre-collection-rivesaltes-1970-75-cl-16","status":"publish","type":"product","link":"https:\/\/www.raschvin.com\/sv\/produkt\/arnaud-de-villeneuve-ambre-collection-rivesaltes-1970-75-cl-16\/","title":{"rendered":"Arnaud de Villeneuve Ambr\u00e9 Collection Rivesaltes 1970 75 cl. 16%"},"content":{"rendered":"<p>Blandning av de b\u00e4sta handplockade Gray &#038; White Grenache &#038; Macabeu druvorna fr\u00e5n gamla vinstockar odlade p\u00e5 lime och sm\u00e5sten mellan Pyren\u00e9erna och Medelhavskusten. \u00c5ldrad i 50 \u00e5r. i ek, med >80 % f\u00f6rlorad till angel share f\u00f6re buteljering. Kraftfull och harmonisk med ranciomarkerade aromer som framkallar torkade aprikoser med toner av gurkmeja och rostat kaffe. Vackert uppfriskande med en l\u00e5ngvarig smak. Servera vid 15\u00b0C och l\u00e5t det andas i det fina glaset, blunda och njut till en chokladdessert eller som avslutning p\u00e5 en middag f\u00f6r meditation.<\/p>\n<p>Detta vin kommer att vara en rik, komplex blandning av torkad frukt, valn\u00f6tter, kanderad frukt, rostat kaffe, tr\u00e4 och kryddor. De komplexa oxiderade aromerna och smakerna uppn\u00e5s genom att uts\u00e4tta vinet f\u00f6r luft medan det mognar.<\/p>\n<p>Arnaud de Villeneuve \u00e4r ett kooperativ bel\u00e4get i staden Rivesaltes i Roussillon. Det grundades 2007 n\u00e4r tv\u00e5 gamla v\u00e4lrenommerade f\u00f6retag, Cave de Salses fr\u00e5n 1909 och Cellars de Rivesaltes fr\u00e5n 1932, slogs samman. Idag har kooperativet \u00f6ver 220 medlemmar som levererar druvor fr\u00e5n en m\u00e4ngd olika terroirer och samarbetar kring en stor och varierad portf\u00f6lj av viner. De mest k\u00e4nda \u00e4r det s\u00f6ta vinet doux naturel och den oxidativa rancio. F\u00f6retagets imponerande och noggrant bevakade k\u00e4llare lagrar fortfarande viner fr\u00e5n 1930-talet &#8211; och priserna \u00e4r f\u00f6rv\u00e5nansv\u00e4rt \u00f6verkomliga f\u00f6r vin av den kvaliteten och h\u00e4rkomsten.<\/p>\n","protected":false},"excerpt":{"rendered":"<p>Vintage Rivesaltes &#8211; France<\/p>\n","protected":false},"featured_media":49270,"template":"","meta":{"_acf_changed":false,"rs_blank_template":"","rs_page_bg_color":"","slide_template_v7":""},"product_brand":[],"product_cat":[2790,2788],"product_tag":[],"class_list":{"0":"post-49221","1":"product","2":"type-product","3":"status-publish","4":"has-post-thumbnail","6":"product_cat-dessertvin-sv","7":"product_cat-vin-sv","8":"pa_drue-grenache-blanc-sv","9":"pa_drue-macabeo-sv","10":"pa_drue-grenache-gris-sv","11":"pa_land-frankrike","12":"pa_procent-16-sv","13":"pa_producent-arnaud-de-villeneuve-sv","14":"pa_region-languedoc-sv","15":"pa_serveringstemperatur-16-sv","16":"pa_vintage-1970-sv","17":"pa_volume-75-sv","19":"first","20":"instock","21":"sale","22":"taxable","23":"shipping-taxable","24":"purchasable","25":"product-type-simple"},"bundled_by":[],"bundle_stock_status":"instock","bundle_stock_quantity":null,"bundle_virtual":false,"bundle_layout":"","bundle_add_to_cart_form_location":"","bundle_editable_in_cart":false,"bundle_sold_individually_context":"","bundle_item_grouping":"","bundle_min_size":"","bundle_max_size":"","bundle_price":[],"bundled_items":[],"bundle_sell_ids":[],"acf":[],"_links":{"self":[{"href":"https:\/\/www.raschvin.com\/sv\/wp-json\/wp\/v2\/product\/49221","targetHints":{"allow":["GET"]}}],"collection":[{"href":"https:\/\/www.raschvin.com\/sv\/wp-json\/wp\/v2\/product"}],"about":[{"href":"https:\/\/www.raschvin.com\/sv\/wp-json\/wp\/v2\/types\/product"}],"wp:featuredmedia":[{"embeddable":true,"href":"https:\/\/www.raschvin.com\/sv\/wp-json\/wp\/v2\/media\/49270"}],"wp:attachment":[{"href":"https:\/\/www.raschvin.com\/sv\/wp-json\/wp\/v2\/media?parent=49221"}],"wp:term":[{"taxonomy":"product_brand","embeddable":true,"href":"https:\/\/www.raschvin.com\/sv\/wp-json\/wp\/v2\/product_brand?post=49221"},{"taxonomy":"product_cat","embeddable":true,"href":"https:\/\/www.raschvin.com\/sv\/wp-json\/wp\/v2\/product_cat?post=49221"},{"taxonomy":"product_tag","embeddable":true,"href":"https:\/\/www.raschvin.com\/sv\/wp-json\/wp\/v2\/product_tag?post=49221"}],"curies":[{"name":"wp","href":"https:\/\/api.w.org\/{rel}","templated":true}]}}