{"id":49215,"date":"2024-02-27T08:16:47","date_gmt":"2024-02-27T07:16:47","guid":{"rendered":"https:\/\/www.raschvin.com\/produkt\/arnaud-de-villeneuve-rivesaltes-ambre-5-years-75-cl-16\/"},"modified":"2024-02-27T08:16:47","modified_gmt":"2024-02-27T07:16:47","slug":"arnaud-de-villeneuve-rivesaltes-ambre-5-years-75-cl-16","status":"publish","type":"product","link":"https:\/\/www.raschvin.com\/sv\/produkt\/arnaud-de-villeneuve-rivesaltes-ambre-5-years-75-cl-16\/","title":{"rendered":"Arnaud de Villeneuve Rivesaltes Ambr\u00e9 5 Years 75 cl. 16%"},"content":{"rendered":"<p>En blandning av Macabeo, Grenache blanc och Grenache Gris. Efter att j\u00e4sningen har b\u00f6rjat sker mutation, det vill s\u00e4ga tillsats av neutralt druvdestillat, vilket stoppar j\u00e4sningen och sockret i musten. D\u00e4refter b\u00f6rjar mognaden i kar i 3 \u00e5r och minst 2 \u00e5r p\u00e5 ekfat. Vacker b\u00e4rnstensf\u00e4rgad f\u00e4rg med orange reflektioner. Dofter av torkade aprikoser och fikon, kanderat apelsinskal med toner av ljus ek. Behaglig och fr\u00e4sch i munnen. Torkad frukt, pepparkakor och vanilj dominerar igen. Avslutningen \u00e4r l\u00e5ng och behaglig. Perfekt till \u00e4delost, cheesecake med exotiska frukter, m\u00f6rdegskakor, makroner eller som digestif.<\/p>\n<p>Arnaud de Villeneuve \u00e4r ett kooperativ bel\u00e4get i staden Rivesaltes i Roussillon. Det grundades 2007 n\u00e4r tv\u00e5 gamla v\u00e4lrenommerade f\u00f6retag, Cave de Salses fr\u00e5n 1909 och Cellars de Rivesaltes fr\u00e5n 1932, slogs samman. Idag har kooperativet \u00f6ver 220 medlemmar som levererar druvor fr\u00e5n en m\u00e4ngd olika terroirer och samarbetar kring en stor och varierad portf\u00f6lj av viner. De mest k\u00e4nda \u00e4r det s\u00f6ta vinet doux naturel och den oxidativa rancio. F\u00f6retagets imponerande och noggrant bevakade k\u00e4llare lagrar fortfarande viner fr\u00e5n 1930-talet &#8211; och priserna \u00e4r f\u00f6rv\u00e5nansv\u00e4rt \u00f6verkomliga f\u00f6r vin av den kvaliteten och h\u00e4rkomsten.<\/p>\n","protected":false},"excerpt":{"rendered":"<p>Vin Doux Naturels &#8211; France<\/p>\n","protected":false},"featured_media":49285,"template":"","meta":{"_acf_changed":false,"rs_blank_template":"","rs_page_bg_color":"","slide_template_v7":""},"product_brand":[],"product_cat":[2790,2788],"product_tag":[],"class_list":{"0":"post-49215","1":"product","2":"type-product","3":"status-publish","4":"has-post-thumbnail","6":"product_cat-dessertvin-sv","7":"product_cat-vin-sv","8":"pa_drue-grenache-blanc-sv","9":"pa_drue-macabeo-sv","10":"pa_drue-grenache-gris-sv","11":"pa_land-frankrike","12":"pa_procent-16-sv","13":"pa_producent-arnaud-de-villeneuve-sv","14":"pa_region-languedoc-sv","15":"pa_volume-75-sv","17":"first","18":"instock","19":"sale","20":"taxable","21":"shipping-taxable","22":"purchasable","23":"product-type-simple"},"bundled_by":[],"bundle_stock_status":"instock","bundle_stock_quantity":null,"bundle_virtual":false,"bundle_layout":"","bundle_add_to_cart_form_location":"","bundle_editable_in_cart":false,"bundle_sold_individually_context":"","bundle_item_grouping":"","bundle_min_size":"","bundle_max_size":"","bundle_price":[],"bundled_items":[],"bundle_sell_ids":[],"acf":[],"_links":{"self":[{"href":"https:\/\/www.raschvin.com\/sv\/wp-json\/wp\/v2\/product\/49215","targetHints":{"allow":["GET"]}}],"collection":[{"href":"https:\/\/www.raschvin.com\/sv\/wp-json\/wp\/v2\/product"}],"about":[{"href":"https:\/\/www.raschvin.com\/sv\/wp-json\/wp\/v2\/types\/product"}],"wp:featuredmedia":[{"embeddable":true,"href":"https:\/\/www.raschvin.com\/sv\/wp-json\/wp\/v2\/media\/49285"}],"wp:attachment":[{"href":"https:\/\/www.raschvin.com\/sv\/wp-json\/wp\/v2\/media?parent=49215"}],"wp:term":[{"taxonomy":"product_brand","embeddable":true,"href":"https:\/\/www.raschvin.com\/sv\/wp-json\/wp\/v2\/product_brand?post=49215"},{"taxonomy":"product_cat","embeddable":true,"href":"https:\/\/www.raschvin.com\/sv\/wp-json\/wp\/v2\/product_cat?post=49215"},{"taxonomy":"product_tag","embeddable":true,"href":"https:\/\/www.raschvin.com\/sv\/wp-json\/wp\/v2\/product_tag?post=49215"}],"curies":[{"name":"wp","href":"https:\/\/api.w.org\/{rel}","templated":true}]}}