{"id":49167,"date":"2024-02-26T18:39:11","date_gmt":"2024-02-26T17:39:11","guid":{"rendered":"https:\/\/www.raschvin.com\/produkt\/milenico-2017-eco-75-cl\/"},"modified":"2026-02-04T14:25:46","modified_gmt":"2026-02-04T13:25:46","slug":"milenico-2017-eco-75-cl","status":"publish","type":"product","link":"https:\/\/www.raschvin.com\/sv\/produkt\/milenico-2017-eco-75-cl\/","title":{"rendered":"Mil\u00e9nico 2018 (ECO) 75 cl."},"content":{"rendered":"<p>Uttalade kryddiga toner i doften med en touch av cigarrl\u00e5da, kaffeb\u00f6nor, k\u00f6rsb\u00e4r och undervegetation. Klassisk Ribera del Duero med fasta tanniner, k\u00f6ttigt djup och perfekt matchad syra.<\/p>\n<p>100% Tempranillo fr\u00e5n en kombination av vinstockar som \u00e4r \u00f6ver 50 \u00e5r gamla och nyare vinstockar som planterades i b\u00f6rjan av 1990-talet.<\/p>\n<p>Maceration i 4-5 veckor. 21 dagars j\u00e4sning vid temperaturer p\u00e5 25-28\u00baC. Lagrad 12 m\u00e5nader p\u00e5 85% franska ekfat och 15% amerikanska. Dessutom har vinet haft 12 m\u00e5nader p\u00e5 flaska.<\/p>\n<p>Om Vinedos Mil\u00e9nico<br \/>\nVinedos Mil\u00e9nico ligger p\u00e5 stranden av floden Duero i utkanten av San Mart\u00edn de Rubiales mellan Roa och Pe\u00f1afiel i hj\u00e4rtat av den v\u00e4rldsber\u00f6mda Ribera del Duero \u2013 en region med \u00f6ver tusen \u00e5rs vinhistoria. Men ocks\u00e5 ett h\u00e5rt klimat med betydande dagliga fluktuationer, vilket tvingar in vinstockarna i en daglig rytm som ger vinet en omissk\u00e4nnlig s\u00e4rpr\u00e4gel<\/p>\n<p>Vinrankorna vid Mil\u00e9nico v\u00e4xer p\u00e5 branta sluttningar i en stenig jord som best\u00e5r av kalk och sand. De \u00e4r spaljerade l\u00e4ngs floden Duero p\u00e5 de s\u00f6derv\u00e4nda sluttningarna i rader orienterade f\u00f6r att balansera solljuset. Ving\u00e5rdarna ligger mitt mellan dalen och h\u00f6glandet, mitt i ett speciellt mikroklimat som naturligt skyddar vinstockarna fr\u00e5n v\u00e5rfrost, och som tillsammans med den magra jorden ger upphov till viner som \u00e4r uttrycksfulla, kraftfulla, l\u00e5nga. -levt och unikt. Bergssluttningarna g\u00f6r att \u00e4ven om f\u00f6rh\u00e5llandena \u00e4r tuffa kommer deras b\u00e4ttre ventilation och ljusexponering och mindre o\u00f6nskade v\u00e4xtlighet att ge optimala f\u00f6ruts\u00e4ttningar f\u00f6r druvorna, oavsett vad \u00e5ret f\u00f6r med sig av of\u00f6rutsett v\u00e4der.<\/p>\n<p>Den naturliga ventilationen av sluttningarna, det rikliga solljuset och den markanta kontrasten i temperatur mellan middagsv\u00e4rmen och nattens svalka \u00e4r idealiska f\u00f6ruts\u00e4ttningar f\u00f6r den perfekta mognaden av Tinta Fino-druvan, som \u00e4r en variant av Tempranillo som acklimatiseras till det extrema omr\u00e5det .<\/p>\n<p>Liksom hos andra kvalitetsproducenter \u00e4r filosofin bakom vinerna ganska enkel, n\u00e4mligen att behandla vinstockarna med st\u00f6rsta respekt utan anv\u00e4ndning av herbicider eller konstg\u00f6dsel, och med minimal jordbearbetning.<br \/>\nEndast de mest perfekta druvorna anv\u00e4nds \u2013 f\u00f6rst handplockade utomhus och sedan igen inne p\u00e5 ving\u00e5rden, d\u00e4r j\u00e4sning p\u00e5b\u00f6rjas med naturlig vildj\u00e4st baserad p\u00e5 icke-intervention.<\/p>\n<p>Vinerna \u00e4r allts\u00e5 skapade f\u00f6r att visa upp det b\u00e4sta fr\u00e5n terroiren d\u00e4r druvorna odlas. Vinerna ska ses som en \u00e4rlig och realistisk \u00e5terspegling av omgivningen och av viljan att f\u00f6rvandla druvorna till vin p\u00e5 det mest naturliga s\u00e4ttet.<\/p>\n<p>Mil\u00e9nicos viner kommer fr\u00e5n sex utvalda sluttningar som gr\u00e4nsar till Duerofloden. Totalt \u00e4r omr\u00e5det n\u00e4stan nio hektar: Socastillo, Carraroa, Rodero, Solape\u00f1a och Valdepila i Agujer\u00f3n.<\/p>\n","protected":false},"excerpt":{"rendered":"<p>Ribera del Duero \u2013 Spain<\/p>\n","protected":false},"featured_media":49180,"template":"","meta":{"_acf_changed":false,"rs_blank_template":"","rs_page_bg_color":"","slide_template_v7":""},"product_brand":[],"product_cat":[2788,2798],"product_tag":[],"class_list":{"0":"post-49167","1":"product","2":"type-product","3":"status-publish","4":"has-post-thumbnail","6":"product_cat-vin-sv","7":"product_cat-roedvin-sv","8":"pa_aargang-2018-sv","9":"pa_drue-tempranillo-sv","10":"pa_land-spanien-sv","11":"pa_oekologisk-organisk","12":"pa_procent-15-sv","13":"pa_producent-vinedos-milenico-sv","14":"pa_region-ribera-del-duero-sv","15":"pa_serveringstemperatur-18-20-sv","16":"pa_volume-75-sv","18":"first","19":"instock","20":"taxable","21":"shipping-taxable","22":"purchasable","23":"product-type-simple"},"bundled_by":[],"bundle_stock_status":"instock","bundle_stock_quantity":null,"bundle_virtual":false,"bundle_layout":"","bundle_add_to_cart_form_location":"","bundle_editable_in_cart":false,"bundle_sold_individually_context":"","bundle_item_grouping":"","bundle_min_size":"","bundle_max_size":"","bundle_price":[],"bundled_items":[],"bundle_sell_ids":[],"acf":[],"_links":{"self":[{"href":"https:\/\/www.raschvin.com\/sv\/wp-json\/wp\/v2\/product\/49167","targetHints":{"allow":["GET"]}}],"collection":[{"href":"https:\/\/www.raschvin.com\/sv\/wp-json\/wp\/v2\/product"}],"about":[{"href":"https:\/\/www.raschvin.com\/sv\/wp-json\/wp\/v2\/types\/product"}],"wp:featuredmedia":[{"embeddable":true,"href":"https:\/\/www.raschvin.com\/sv\/wp-json\/wp\/v2\/media\/49180"}],"wp:attachment":[{"href":"https:\/\/www.raschvin.com\/sv\/wp-json\/wp\/v2\/media?parent=49167"}],"wp:term":[{"taxonomy":"product_brand","embeddable":true,"href":"https:\/\/www.raschvin.com\/sv\/wp-json\/wp\/v2\/product_brand?post=49167"},{"taxonomy":"product_cat","embeddable":true,"href":"https:\/\/www.raschvin.com\/sv\/wp-json\/wp\/v2\/product_cat?post=49167"},{"taxonomy":"product_tag","embeddable":true,"href":"https:\/\/www.raschvin.com\/sv\/wp-json\/wp\/v2\/product_tag?post=49167"}],"curies":[{"name":"wp","href":"https:\/\/api.w.org\/{rel}","templated":true}]}}