{"id":49164,"date":"2024-02-26T18:17:25","date_gmt":"2024-02-26T17:17:25","guid":{"rendered":"https:\/\/www.raschvin.com\/produkt\/finca-valpiedra-d-o-c-reserva-2015-75-cl\/"},"modified":"2026-02-04T14:28:48","modified_gmt":"2026-02-04T13:28:48","slug":"finca-valpiedra-d-o-c-reserva-2015-75-cl","status":"publish","type":"product","link":"https:\/\/www.raschvin.com\/sv\/produkt\/finca-valpiedra-d-o-c-reserva-2015-75-cl\/","title":{"rendered":"Finca Valpiedra D.O.C. Reserva 2018 75 cl."},"content":{"rendered":"<p data-start=\"1980\" data-end=\"2532\">Finca Valpiedra \u00e4r en av de mest prestigefyllda ving\u00e5rdarna i Rioja och den enda i regionen som arbetar efter ett koncept inspirerat av Bordeaux Grand Cru. \u00c5rg\u00e5ng 2018 \u00e4r framst\u00e4lld av Tempranillo med sm\u00e5 andelar Graciano och Maturana Tinta, sk\u00f6rdade fr\u00e5n egendomens egna vinmarker vid floden Ebro. Vinet uttrycker terroirets unika karakt\u00e4r med steniga jordar som ger en tydlig mineralitet. Efter en sval v\u00e4xts\u00e4song med god mognad framst\u00e5r denna Reserva med balans, djup och klassisk Rioja-elegans, d\u00e4r frukt, fat och struktur sm\u00e4lter samman i harmoni.<\/p>\n<p data-start=\"2534\" data-end=\"2695\">Komplex doft med mogna svarta b\u00e4r, vanilj, tobak och kryddighet. Smaken \u00e4r fyllig, silkeslen och ih\u00e5llande med fina tanniner och en elegant, kryddig fatkarakt\u00e4r.<\/p>\n<p data-start=\"2697\" data-end=\"2963\">Druvorna handsk\u00f6rdas och sorteras noggrant. J\u00e4sningen sker i temperaturkontrollerade st\u00e5ltankar, f\u00f6ljt av 22 m\u00e5naders lagring p\u00e5 franska och amerikanska ekfat. Vinet f\u00e5r sedan mogna vidare p\u00e5 flaska innan det sl\u00e4pps, vilket ger komplexitet och god lagringspotential.<\/p>\n<h3 data-start=\"2965\" data-end=\"2987\">Om Finca Valpiedra<\/h3>\n<p data-start=\"2988\" data-end=\"3422\">Finca Valpiedra \u00e4r en \u201davknoppning\u201d fr\u00e5n det v\u00e4lk\u00e4nda Riojahuset Bodegas Valdemar, som generellt \u00e4r k\u00e4nt f\u00f6r att producera vin av suver\u00e4n kvalitet till l\u00e5ga priser. P\u00e5 grund av den stora framg\u00e5ngen valde man att s\u00e4rskilja Finca Valpiedra\u2014tillsammans med Finca Antigua i La Mancha och Cosecheros y Criadores i Tierra de Castilla\u2014fr\u00e5n det ursprungliga Bodegas Valdemar, och dessa tre bildar nu vinhuset\/gruppen Familia Mart\u00ednez Bujanda.<\/p>\n<p data-start=\"3424\" data-end=\"3870\" data-is-last-node=\"\" data-is-only-node=\"\">Finca Valpiedra\u2014ving\u00e5rden med den steniga marken\u2014byggdes som en helt unik och toppmodern bodega 1991 av familjen Mart\u00ednez Bujanda i exklusiva Rioja Alta, bara 20 meter fr\u00e5n floden Ebro. Druvorna till detta single vineyard-vin odlas p\u00e5 80 hektar vinmarker med en jordm\u00e5n av sand och kalksten, i ett klimat med idealisk kombination av regn och sol. Sk\u00f6rden sker i flera omg\u00e5ngar f\u00f6r att alltid f\u00e5 perfekt mogna druvor, och resultatet \u00e4r enast\u00e5ende.<\/p>\n","protected":false},"excerpt":{"rendered":"<p>Rioja &#8211; Spain<\/p>\n","protected":false},"featured_media":49177,"template":"","meta":{"_acf_changed":false,"rs_blank_template":"","rs_page_bg_color":"","slide_template_v7":""},"product_brand":[],"product_cat":[2788,2798],"product_tag":[],"class_list":{"0":"post-49164","1":"product","2":"type-product","3":"status-publish","4":"has-post-thumbnail","6":"product_cat-vin-sv","7":"product_cat-roedvin-sv","8":"pa_aargang-2018-sv","9":"pa_drue-tempranillo-sv","10":"pa_land-spanien-sv","11":"pa_procent-13-5-sv","12":"pa_producent-finca-valpiedra-sv","13":"pa_region-rioja-sv","14":"pa_serveringstemperatur-18-20-sv","15":"pa_volume-75-sv","17":"first","18":"instock","19":"taxable","20":"shipping-taxable","21":"purchasable","22":"product-type-simple"},"bundled_by":[],"bundle_stock_status":"instock","bundle_stock_quantity":null,"bundle_virtual":false,"bundle_layout":"","bundle_add_to_cart_form_location":"","bundle_editable_in_cart":false,"bundle_sold_individually_context":"","bundle_item_grouping":"","bundle_min_size":"","bundle_max_size":"","bundle_price":[],"bundled_items":[],"bundle_sell_ids":[],"acf":[],"_links":{"self":[{"href":"https:\/\/www.raschvin.com\/sv\/wp-json\/wp\/v2\/product\/49164","targetHints":{"allow":["GET"]}}],"collection":[{"href":"https:\/\/www.raschvin.com\/sv\/wp-json\/wp\/v2\/product"}],"about":[{"href":"https:\/\/www.raschvin.com\/sv\/wp-json\/wp\/v2\/types\/product"}],"wp:featuredmedia":[{"embeddable":true,"href":"https:\/\/www.raschvin.com\/sv\/wp-json\/wp\/v2\/media\/49177"}],"wp:attachment":[{"href":"https:\/\/www.raschvin.com\/sv\/wp-json\/wp\/v2\/media?parent=49164"}],"wp:term":[{"taxonomy":"product_brand","embeddable":true,"href":"https:\/\/www.raschvin.com\/sv\/wp-json\/wp\/v2\/product_brand?post=49164"},{"taxonomy":"product_cat","embeddable":true,"href":"https:\/\/www.raschvin.com\/sv\/wp-json\/wp\/v2\/product_cat?post=49164"},{"taxonomy":"product_tag","embeddable":true,"href":"https:\/\/www.raschvin.com\/sv\/wp-json\/wp\/v2\/product_tag?post=49164"}],"curies":[{"name":"wp","href":"https:\/\/api.w.org\/{rel}","templated":true}]}}