{"id":49158,"date":"2024-02-26T17:17:51","date_gmt":"2024-02-26T16:17:51","guid":{"rendered":"https:\/\/www.raschvin.com\/produkt\/althea-marika-extra-dry-75-cl\/"},"modified":"2025-12-02T14:22:49","modified_gmt":"2025-12-02T13:22:49","slug":"althea-marika-extra-dry-75-cl","status":"publish","type":"product","link":"https:\/\/www.raschvin.com\/sv\/produkt\/althea-marika-extra-dry-75-cl\/","title":{"rendered":"Althea Marika Extra Dry 75 cl."},"content":{"rendered":"<p data-start=\"1101\" data-end=\"1483\">Althea Marika Extra Dry \u00e4r en elegant, fruktig spumante fr\u00e5n Treviso-provinsen i norra Italien. Vinet \u00e4r gjort p\u00e5 de lokala druvorna Glera, Bianchetta och Perera och framst\u00e4lls enligt Charmat-metoden, vilket ger en frisk, ren stil med fina, livliga bubblor. Alkoholhalten ligger p\u00e5 11 % och rests\u00f6tman kring 13\u201318 g\/l, vilket ger en behaglig frukts\u00f6tma utan att vinet k\u00e4nns tungt.<\/p>\n<p data-start=\"1485\" data-end=\"1814\">I glaset visar den en halmgul f\u00e4rg med fin, ih\u00e5llande mousse. Doften \u00e4r fruktig och blommig med toner av citron, gr\u00f6na \u00e4pplen och saftig persika tillsammans med subtila blommiga inslag. I munnen \u00e4r vinet mjukt, fr\u00e4scht och inbjudande med ren frukt, balanserad syra och en uppfriskande avslutning som bjuder in till n\u00e4sta klunk.<\/p>\n<p data-start=\"1816\" data-end=\"2082\">Althea Marika Extra Dry passar utm\u00e4rkt som aperitif, till mingel och fest eller som s\u00e4llskap till l\u00e4ttare r\u00e4tter som sallader, skaldjur, fisk, ljust k\u00f6tt och olika plockr\u00e4tter. Serveras helst vid 6\u20138 \u00b0C i ett tulpanformat glas f\u00f6r att lyfta b\u00e5de aromer och mousse.<\/p>\n","protected":false},"excerpt":{"rendered":"<p>Spumante Extra Dry<\/p>\n","protected":false},"featured_media":49192,"template":"","meta":{"_acf_changed":false,"rs_blank_template":"","rs_page_bg_color":"","slide_template_v7":""},"product_brand":[],"product_cat":[2779,2776,2784],"product_tag":[],"class_list":{"0":"post-49158","1":"product","2":"type-product","3":"status-publish","4":"has-post-thumbnail","6":"product_cat-andra","7":"product_cat-mousserende-sv","8":"product_cat-prosecco-sv","9":"pa_champagne-type-spumante-sv","10":"pa_drue-glera-sv","11":"pa_drue-bianchetta-sv","12":"pa_drue-perera-sv","13":"pa_land-italien-sv","14":"pa_procent-11-sv","15":"pa_producent-althea-sv","16":"pa_region-treviso-sv","17":"pa_serveringstemperatur-6-8-sv","18":"pa_volume-75-sv","20":"first","21":"instock","22":"taxable","23":"shipping-taxable","24":"purchasable","25":"product-type-simple"},"bundled_by":["115620","115687","115649","115697","115704","115715","115729","115742","115765","116193","116188","116223","116297","116311","116329","117282","117290","117498","117507","119989"],"bundle_stock_status":"instock","bundle_stock_quantity":null,"bundle_virtual":false,"bundle_layout":"","bundle_add_to_cart_form_location":"","bundle_editable_in_cart":false,"bundle_sold_individually_context":"","bundle_item_grouping":"","bundle_min_size":"","bundle_max_size":"","bundle_price":[],"bundled_items":[],"bundle_sell_ids":[],"acf":[],"_links":{"self":[{"href":"https:\/\/www.raschvin.com\/sv\/wp-json\/wp\/v2\/product\/49158","targetHints":{"allow":["GET"]}}],"collection":[{"href":"https:\/\/www.raschvin.com\/sv\/wp-json\/wp\/v2\/product"}],"about":[{"href":"https:\/\/www.raschvin.com\/sv\/wp-json\/wp\/v2\/types\/product"}],"wp:featuredmedia":[{"embeddable":true,"href":"https:\/\/www.raschvin.com\/sv\/wp-json\/wp\/v2\/media\/49192"}],"wp:attachment":[{"href":"https:\/\/www.raschvin.com\/sv\/wp-json\/wp\/v2\/media?parent=49158"}],"wp:term":[{"taxonomy":"product_brand","embeddable":true,"href":"https:\/\/www.raschvin.com\/sv\/wp-json\/wp\/v2\/product_brand?post=49158"},{"taxonomy":"product_cat","embeddable":true,"href":"https:\/\/www.raschvin.com\/sv\/wp-json\/wp\/v2\/product_cat?post=49158"},{"taxonomy":"product_tag","embeddable":true,"href":"https:\/\/www.raschvin.com\/sv\/wp-json\/wp\/v2\/product_tag?post=49158"}],"curies":[{"name":"wp","href":"https:\/\/api.w.org\/{rel}","templated":true}]}}