{"id":48992,"date":"2024-02-26T13:25:01","date_gmt":"2024-02-26T12:25:01","guid":{"rendered":"https:\/\/www.raschvin.com\/produkt\/bepi-tosolini-pinot-grigio-50-cl-40\/"},"modified":"2024-02-26T13:25:01","modified_gmt":"2024-02-26T12:25:01","slug":"bepi-tosolini-pinot-grigio-50-cl-40","status":"publish","type":"product","link":"https:\/\/www.raschvin.com\/sv\/produkt\/bepi-tosolini-pinot-grigio-50-cl-40\/","title":{"rendered":"Bepi Tosolini \u2013 Pinot Grigio 50 cl. 40%"},"content":{"rendered":"<p>Mycket mjuk och balanserad Grappa. Endast de b\u00e4sta Pinot Grigio-druvorna v\u00e4ljs ut i Friuli-regionen f\u00f6r denna sprit som k\u00e4nnetecknas av fina och ih\u00e5llande toner av vita blommor och h\u00f6. Mycket behaglig i gommen med en harmonisk och ih\u00e5llande finish.<\/p>\n<p>Nysk\u00f6rdad pressrester destilleras enligt &#8221;Tosolini-metoden&#8221; f\u00f6r att bevara de intensiva aromerna och f\u00e5 en mjuk grappa med en extremt aromatisk kropp. Endast de b\u00e4sta Pinot Grigio-druvorna v\u00e4ljs ut fr\u00e5n Tosolinis i omr\u00e5det Friuli.<br \/>\nResultatet \u00e4r en mycket behaglig grappa med en harmonisk eftersmak.<\/p>\n<p>M\u00e4ngd:<br \/>\nF\u00e4rska rester av Pinot Grigio-druvan<br \/>\nAlkoholhalt:<br \/>\n40% vol.<br \/>\nHantverksm\u00e4ssig destillation:<br \/>\ntraditionella \u00e5ngkokare, manuellt man\u00f6vrerade<br \/>\n\u00c5ldrande:<br \/>\n6 m\u00e5nader i rostfria tankar<br \/>\nF\u00e4rg:<br \/>\nkristall vit<br \/>\nKropp:<br \/>\ndelikat<br \/>\nSmakanteckningar:<br \/>\nUts\u00f6kt, kvardr\u00f6jande doft av bleka blommor och aromatiskt h\u00f6. Torr smak med ih\u00e5llande arom.<br \/>\nServeringsf\u00f6rslag:<br \/>\nservera vid en temperatur av 16\/18\u00b0C i ett klassiskt tulpanglas.<\/p>\n","protected":false},"excerpt":{"rendered":"<p>Handcrafted Italian Grappa \u2013 Udine<\/p>\n","protected":false},"featured_media":49121,"template":"","meta":{"_acf_changed":false,"rs_blank_template":"","rs_page_bg_color":"","slide_template_v7":""},"product_brand":[],"product_cat":[2743,2397],"product_tag":[],"class_list":{"0":"post-48992","1":"product","2":"type-product","3":"status-publish","4":"has-post-thumbnail","6":"product_cat-brannvin-sv","7":"product_cat-grappa-sv","8":"pa_drue-pinot-grigio-sv","9":"pa_land-italien-sv","10":"pa_procent-40-sv-2","11":"pa_producent-bepi-tosolini-sv","12":"pa_region-friuli-sv","13":"pa_volume-50-sv","15":"first","16":"instock","17":"sale","18":"taxable","19":"shipping-taxable","20":"purchasable","21":"product-type-simple"},"bundled_by":[],"bundle_stock_status":"instock","bundle_stock_quantity":null,"bundle_virtual":false,"bundle_layout":"","bundle_add_to_cart_form_location":"","bundle_editable_in_cart":false,"bundle_sold_individually_context":"","bundle_item_grouping":"","bundle_min_size":"","bundle_max_size":"","bundle_price":[],"bundled_items":[],"bundle_sell_ids":[],"acf":[],"_links":{"self":[{"href":"https:\/\/www.raschvin.com\/sv\/wp-json\/wp\/v2\/product\/48992","targetHints":{"allow":["GET"]}}],"collection":[{"href":"https:\/\/www.raschvin.com\/sv\/wp-json\/wp\/v2\/product"}],"about":[{"href":"https:\/\/www.raschvin.com\/sv\/wp-json\/wp\/v2\/types\/product"}],"wp:featuredmedia":[{"embeddable":true,"href":"https:\/\/www.raschvin.com\/sv\/wp-json\/wp\/v2\/media\/49121"}],"wp:attachment":[{"href":"https:\/\/www.raschvin.com\/sv\/wp-json\/wp\/v2\/media?parent=48992"}],"wp:term":[{"taxonomy":"product_brand","embeddable":true,"href":"https:\/\/www.raschvin.com\/sv\/wp-json\/wp\/v2\/product_brand?post=48992"},{"taxonomy":"product_cat","embeddable":true,"href":"https:\/\/www.raschvin.com\/sv\/wp-json\/wp\/v2\/product_cat?post=48992"},{"taxonomy":"product_tag","embeddable":true,"href":"https:\/\/www.raschvin.com\/sv\/wp-json\/wp\/v2\/product_tag?post=48992"}],"curies":[{"name":"wp","href":"https:\/\/api.w.org\/{rel}","templated":true}]}}