{"id":48984,"date":"2024-02-26T12:49:47","date_gmt":"2024-02-26T11:49:47","guid":{"rendered":"https:\/\/www.raschvin.com\/produkt\/bepi-tosolini-grappa-ex-sherry-barrique-distillery-edition-70-cl-40\/"},"modified":"2024-02-26T12:49:47","modified_gmt":"2024-02-26T11:49:47","slug":"bepi-tosolini-grappa-ex-sherry-barrique-distillery-edition-70-cl-40","status":"publish","type":"product","link":"https:\/\/www.raschvin.com\/sv\/produkt\/bepi-tosolini-grappa-ex-sherry-barrique-distillery-edition-70-cl-40\/","title":{"rendered":"Bepi Tosolini \u2013 Grappa Ex-Sherry Barrique Distillery Edition 70 cl. 40%"},"content":{"rendered":"<p>Destillerad enligt &#8221;Tosolini-metoden&#8221; valdes denna grappa ut f\u00f6r lagring p\u00e5 amerikanska Ex &#8211; Sherry (Oloroso) ekfat i familjens k\u00e4llare. En exakt blandning som \u00e4r mycket rik i gommen med omslutande toner av vanilj, russin, s\u00f6ta kryddor och hasseln\u00f6tter.<\/p>\n<p>Intensiv gul f\u00e4rg med kopparorange nyanser. P\u00e5 gommen \u00e4r den komplex och doftande, med omslutande toner av vanilj, russin, s\u00f6ta kryddor och hasseln\u00f6tter. Denna \u00e4dla blandning av pressrester av druvor fr\u00e5n Friuli har lagrats p\u00e5 amerikanska ekfat som tidigare inneh\u00f6ll sherry (Oloroso). Endast 2001 flaskor tillverkade. Finns i en elegant tr\u00e4l\u00e5da.<\/p>\n<p>servera rumstemperatur i det klassiska tulpanglaset. Under sommarperioden \u00e4r den b\u00e4sta temperaturen i k\u00e4llaren runt 16\/18\u00b0C.<\/p>\n","protected":false},"excerpt":{"rendered":"<p>Handcrafted Premium Italian Grappa \u2013 Udine<\/p>\n","protected":false},"featured_media":49094,"template":"","meta":{"_acf_changed":false,"rs_blank_template":"","rs_page_bg_color":"","slide_template_v7":""},"product_brand":[],"product_cat":[2397],"product_tag":[],"class_list":{"0":"post-48984","1":"product","2":"type-product","3":"status-publish","4":"has-post-thumbnail","6":"product_cat-grappa-sv","7":"pa_land-italien-sv","8":"pa_procent-40-sv-2","9":"pa_producent-bepi-tosolini-sv","10":"pa_region-friuli-sv","11":"pa_traefad-sherry-sv","12":"pa_volume-70-sv-2","14":"first","15":"outofstock","16":"sale","17":"taxable","18":"shipping-taxable","19":"purchasable","20":"product-type-simple"},"bundled_by":[],"bundle_stock_status":"outofstock","bundle_stock_quantity":null,"bundle_virtual":false,"bundle_layout":"","bundle_add_to_cart_form_location":"","bundle_editable_in_cart":false,"bundle_sold_individually_context":"","bundle_item_grouping":"","bundle_min_size":"","bundle_max_size":"","bundle_price":[],"bundled_items":[],"bundle_sell_ids":[],"acf":[],"_links":{"self":[{"href":"https:\/\/www.raschvin.com\/sv\/wp-json\/wp\/v2\/product\/48984","targetHints":{"allow":["GET"]}}],"collection":[{"href":"https:\/\/www.raschvin.com\/sv\/wp-json\/wp\/v2\/product"}],"about":[{"href":"https:\/\/www.raschvin.com\/sv\/wp-json\/wp\/v2\/types\/product"}],"wp:featuredmedia":[{"embeddable":true,"href":"https:\/\/www.raschvin.com\/sv\/wp-json\/wp\/v2\/media\/49094"}],"wp:attachment":[{"href":"https:\/\/www.raschvin.com\/sv\/wp-json\/wp\/v2\/media?parent=48984"}],"wp:term":[{"taxonomy":"product_brand","embeddable":true,"href":"https:\/\/www.raschvin.com\/sv\/wp-json\/wp\/v2\/product_brand?post=48984"},{"taxonomy":"product_cat","embeddable":true,"href":"https:\/\/www.raschvin.com\/sv\/wp-json\/wp\/v2\/product_cat?post=48984"},{"taxonomy":"product_tag","embeddable":true,"href":"https:\/\/www.raschvin.com\/sv\/wp-json\/wp\/v2\/product_tag?post=48984"}],"curies":[{"name":"wp","href":"https:\/\/api.w.org\/{rel}","templated":true}]}}