{"id":48978,"date":"2024-02-26T11:57:32","date_gmt":"2024-02-26T10:57:32","guid":{"rendered":"https:\/\/www.raschvin.com\/produkt\/bepi-tosolini-grappa-ex-whisky-barrique-distillery-edition-70-cl-40\/"},"modified":"2024-02-26T12:04:48","modified_gmt":"2024-02-26T11:04:48","slug":"bepi-tosolini-grappa-ex-whisky-barrique-distillery-edition-70-cl-40","status":"publish","type":"product","link":"https:\/\/www.raschvin.com\/sv\/produkt\/bepi-tosolini-grappa-ex-whisky-barrique-distillery-edition-70-cl-40\/","title":{"rendered":"Bepi Tosolini \u2013 Grappa Ex-Whisky Barrique Distillery Edition 70 cl. 40%"},"content":{"rendered":"<p>Destillerad enligt &#8221;Tosolini-metoden&#8221; valdes denna grappa ut f\u00f6r lagring p\u00e5 europeiska ekfat fr\u00e5n Ex &#8211; Whisky i familjens k\u00e4llare. En exakt blandning mycket rik p\u00e5 gommen med en stark och kryddig karakt\u00e4r med en ren och sl\u00e4t finish. Med omslutande toner av marmelad, toner av apelsin, kryddor och rostad ek.<\/p>\n<p>\u00c4del blandning av olika m\u00e4rken av friulan-druvor utvalda f\u00f6r lagring p\u00e5 medelrostade europeiska ekfat som tidigare inneh\u00f6ll whisky. En mycket rik blandning med en stark och kryddig karakt\u00e4r och omslutande toner av sylt, apelsiner och rostad ek. Ren och sl\u00e4t med en ih\u00e5llande finish p\u00e5 gommen. Single release av 2001 flaskor, tillg\u00e4nglig i en elegant tr\u00e4l\u00e5da.<\/p>\n<p>servera rumstemperatur i det klassiska stora ballongglaset. Under sommarperioden \u00e4r den b\u00e4sta temperaturen i k\u00e4llaren runt 18\/20\u00b0C.<\/p>\n","protected":false},"excerpt":{"rendered":"<p>Handcrafted Premium Italian Grappa \u2013 Udine<\/p>\n","protected":false},"featured_media":49133,"template":"","meta":{"_acf_changed":false,"rs_blank_template":"","rs_page_bg_color":"","slide_template_v7":""},"product_brand":[],"product_cat":[2743,2397],"product_tag":[],"class_list":{"0":"post-48978","1":"product","2":"type-product","3":"status-publish","4":"has-post-thumbnail","6":"product_cat-brannvin-sv","7":"product_cat-grappa-sv","8":"pa_land-italien-sv","9":"pa_procent-40-sv-2","10":"pa_producent-bepi-tosolini-sv","11":"pa_region-friuli-sv","12":"pa_traefad-whisky-finish-sv","13":"pa_volume-70-sv-2","15":"first","16":"outofstock","17":"sale","18":"taxable","19":"shipping-taxable","20":"purchasable","21":"product-type-simple"},"bundled_by":[],"bundle_stock_status":"outofstock","bundle_stock_quantity":null,"bundle_virtual":false,"bundle_layout":"","bundle_add_to_cart_form_location":"","bundle_editable_in_cart":false,"bundle_sold_individually_context":"","bundle_item_grouping":"","bundle_min_size":"","bundle_max_size":"","bundle_price":[],"bundled_items":[],"bundle_sell_ids":[],"acf":[],"_links":{"self":[{"href":"https:\/\/www.raschvin.com\/sv\/wp-json\/wp\/v2\/product\/48978","targetHints":{"allow":["GET"]}}],"collection":[{"href":"https:\/\/www.raschvin.com\/sv\/wp-json\/wp\/v2\/product"}],"about":[{"href":"https:\/\/www.raschvin.com\/sv\/wp-json\/wp\/v2\/types\/product"}],"wp:featuredmedia":[{"embeddable":true,"href":"https:\/\/www.raschvin.com\/sv\/wp-json\/wp\/v2\/media\/49133"}],"wp:attachment":[{"href":"https:\/\/www.raschvin.com\/sv\/wp-json\/wp\/v2\/media?parent=48978"}],"wp:term":[{"taxonomy":"product_brand","embeddable":true,"href":"https:\/\/www.raschvin.com\/sv\/wp-json\/wp\/v2\/product_brand?post=48978"},{"taxonomy":"product_cat","embeddable":true,"href":"https:\/\/www.raschvin.com\/sv\/wp-json\/wp\/v2\/product_cat?post=48978"},{"taxonomy":"product_tag","embeddable":true,"href":"https:\/\/www.raschvin.com\/sv\/wp-json\/wp\/v2\/product_tag?post=48978"}],"curies":[{"name":"wp","href":"https:\/\/api.w.org\/{rel}","templated":true}]}}