{"id":48970,"date":"2024-02-26T11:20:12","date_gmt":"2024-02-26T10:20:12","guid":{"rendered":"https:\/\/www.raschvin.com\/produkt\/marquis-de-la-fayette-xo-carafe-cognac-70-cl-40\/"},"modified":"2024-02-26T11:20:12","modified_gmt":"2024-02-26T10:20:12","slug":"marquis-de-la-fayette-xo-carafe-cognac-70-cl-40","status":"publish","type":"product","link":"https:\/\/www.raschvin.com\/sv\/produkt\/marquis-de-la-fayette-xo-carafe-cognac-70-cl-40\/","title":{"rendered":"Marquis De La Fayette XO Carafe Cognac 70 cl. 40%"},"content":{"rendered":"<p>Min \u00e5lder: 15 \u00e5r<\/p>\n<p>Max \u00e5lder: 20 \u00e5r<\/p>\n<p>Medel\u00e5lder: 18 \u00e5r<\/p>\n<p>Antal eaux-de-vie: 75<\/p>\n<p>Crus: 50% Petite Champagne, 30% Fins Bois, 20% Grande Champagne<\/p>\n<p>XO Carafe-blandningen skapas n\u00e4r nya eaux-de-vie v\u00e4ljs.<br \/>\nEaux-de-vie tillbringar f\u00f6rst 10 till 14 m\u00e5nader p\u00e5 nya ekfat (tungt rostat br\u00f6d). D\u00e4refter kommer 9 \u00e5rs mognad p\u00e5 r\u00f6da (lagrade) fat.<\/p>\n<p>Den stegvisa lagringsprocessen f\u00f6r gradvis ner alkoholhalten fr\u00e5n 55\u00b0, n\u00e4r spriten f\u00f6rst g\u00e5r p\u00e5 fat, ner till 40\u00b0. Det finns fyra \u00e5ldringssteg, med en provsmakning i varje fas (55\u00b0, 47\u00b0, 43\u00b0, 40\u00b0).<\/p>\n<p>K\u00e4llarm\u00e4starens anteckningar<br \/>\n\u2022 Bukett: hasseln\u00f6t, katrinplommon, kanel, kaffe, karamelliserad apelsin, kafferostning, marronglac\u00e9, grillad mandel, vit tryffel, svarta k\u00f6rsb\u00e4r, pepparkakor, stj\u00e4rnanis, Sichuanpeppar, ingef\u00e4ra. \u2022 Smak: det kraftfulla intrycket i attacken f\u00f6rl\u00e4ngs med samma intensitet under hela provningen. Underbart eleganta smaker.<br \/>\n\u2022 Finish: fantastiskt rik och l\u00e5ngvarig!<\/p>\n","protected":false},"excerpt":{"rendered":"<p>Cognac de France<\/p>\n","protected":false},"featured_media":49106,"template":"","meta":{"_acf_changed":false,"rs_blank_template":"","rs_page_bg_color":"","slide_template_v7":""},"product_brand":[],"product_cat":[2387,2389,4600],"product_tag":[],"class_list":{"0":"post-48970","1":"product","2":"type-product","3":"status-publish","4":"has-post-thumbnail","6":"product_cat-avec-sv","7":"product_cat-cognac-sv","8":"product_cat-x-o-sv","9":"pa_land-frankrike","10":"pa_procent-40-sv-2","11":"pa_producent-marquis-de-la-fayette-sv","12":"pa_region-cognac-sv","13":"pa_volume-70-sv-2","15":"first","16":"instock","17":"taxable","18":"shipping-taxable","19":"purchasable","20":"product-type-simple"},"bundled_by":[],"bundle_stock_status":"instock","bundle_stock_quantity":null,"bundle_virtual":false,"bundle_layout":"","bundle_add_to_cart_form_location":"","bundle_editable_in_cart":false,"bundle_sold_individually_context":"","bundle_item_grouping":"","bundle_min_size":"","bundle_max_size":"","bundle_price":[],"bundled_items":[],"bundle_sell_ids":[],"acf":[],"_links":{"self":[{"href":"https:\/\/www.raschvin.com\/sv\/wp-json\/wp\/v2\/product\/48970","targetHints":{"allow":["GET"]}}],"collection":[{"href":"https:\/\/www.raschvin.com\/sv\/wp-json\/wp\/v2\/product"}],"about":[{"href":"https:\/\/www.raschvin.com\/sv\/wp-json\/wp\/v2\/types\/product"}],"wp:featuredmedia":[{"embeddable":true,"href":"https:\/\/www.raschvin.com\/sv\/wp-json\/wp\/v2\/media\/49106"}],"wp:attachment":[{"href":"https:\/\/www.raschvin.com\/sv\/wp-json\/wp\/v2\/media?parent=48970"}],"wp:term":[{"taxonomy":"product_brand","embeddable":true,"href":"https:\/\/www.raschvin.com\/sv\/wp-json\/wp\/v2\/product_brand?post=48970"},{"taxonomy":"product_cat","embeddable":true,"href":"https:\/\/www.raschvin.com\/sv\/wp-json\/wp\/v2\/product_cat?post=48970"},{"taxonomy":"product_tag","embeddable":true,"href":"https:\/\/www.raschvin.com\/sv\/wp-json\/wp\/v2\/product_tag?post=48970"}],"curies":[{"name":"wp","href":"https:\/\/api.w.org\/{rel}","templated":true}]}}