{"id":48964,"date":"2024-02-26T10:58:19","date_gmt":"2024-02-26T09:58:19","guid":{"rendered":"https:\/\/www.raschvin.com\/produkt\/cava-nitus-rose-75-cl\/"},"modified":"2024-02-26T10:58:19","modified_gmt":"2024-02-26T09:58:19","slug":"cava-nitus-rose-75-cl","status":"publish","type":"product","link":"https:\/\/www.raschvin.com\/sv\/produkt\/cava-nitus-rose-75-cl\/","title":{"rendered":"Cava Nitus Ros\u00e9 75 cl."},"content":{"rendered":"<p>Doften har l\u00e4tta toner av hallon och jordgubb med en diskret br\u00f6dig karakt\u00e4r. Smaken \u00e4r torr och krispig med medel syra.<\/p>\n<p>De flesta av oss \u00e4r redan bekanta med det spanska mousserande vinet cava. Majoriteten av all cava produceras i Katalonien, som ocks\u00e5 var f\u00f6delseplatsen f\u00f6r detta vin. Kraven p\u00e5 en cava \u00e4r att den ska vara framst\u00e4lld enligt M\u00e9thode Traditionelle (tidigare kallad champagnemetoden) av de f\u00f6r \u00e4ndam\u00e5let godk\u00e4nda druvsorterna med begr\u00e4nsad avkastning (1 hl must per 150 kg druvor). Vidare ska vinet lagras i minst 9 m\u00e5nader p\u00e5 j\u00e4stf\u00e4llningen och ha en alkoholhalt p\u00e5 mellan 10,8 % och 12,8 % vid buteljering. Bodegas Sojosa grundades 1985 av Arturo Ramos och Joseph M. Delgado Goma. I dag producerar bodegan 1 500 000 flaskor cava, som f\u00f6rvaras i husets 2 300 m2 stora k\u00e4llare. N\u00e4r vineriet grundades producerade man uteslutande cava, men idag har man \u00e4ven en mindre produktion av bordsvin fr\u00e5n Pened\u00e8s.<\/p>\n","protected":false},"excerpt":{"rendered":"<p>Barcelona \u2013 Pened\u00e8s \u2013 Spain \u2013 Sparkling Wine<\/p>\n","protected":false},"featured_media":49025,"template":"","meta":{"_acf_changed":false,"rs_blank_template":"","rs_page_bg_color":"","slide_template_v7":""},"product_brand":[],"product_cat":[2780,2776,2787],"product_tag":[],"class_list":{"0":"post-48964","1":"product","2":"type-product","3":"status-publish","4":"has-post-thumbnail","6":"product_cat-cava-sv","7":"product_cat-mousserende-sv","8":"product_cat-sparkling-rose-sv","9":"pa_drue-trepat-sv","10":"pa_land-spanien-sv","11":"pa_procent-11-5-sv","12":"pa_producent-nitus-cava-sv","13":"pa_region-catalonia-penedes-sv","14":"pa_serveringstemperatur-16-18-sv","15":"pa_volume-75-sv","17":"first","18":"instock","19":"taxable","20":"shipping-taxable","21":"purchasable","22":"product-type-simple"},"bundled_by":[],"bundle_stock_status":"instock","bundle_stock_quantity":null,"bundle_virtual":false,"bundle_layout":"","bundle_add_to_cart_form_location":"","bundle_editable_in_cart":false,"bundle_sold_individually_context":"","bundle_item_grouping":"","bundle_min_size":"","bundle_max_size":"","bundle_price":[],"bundled_items":[],"bundle_sell_ids":[],"acf":[],"_links":{"self":[{"href":"https:\/\/www.raschvin.com\/sv\/wp-json\/wp\/v2\/product\/48964","targetHints":{"allow":["GET"]}}],"collection":[{"href":"https:\/\/www.raschvin.com\/sv\/wp-json\/wp\/v2\/product"}],"about":[{"href":"https:\/\/www.raschvin.com\/sv\/wp-json\/wp\/v2\/types\/product"}],"wp:featuredmedia":[{"embeddable":true,"href":"https:\/\/www.raschvin.com\/sv\/wp-json\/wp\/v2\/media\/49025"}],"wp:attachment":[{"href":"https:\/\/www.raschvin.com\/sv\/wp-json\/wp\/v2\/media?parent=48964"}],"wp:term":[{"taxonomy":"product_brand","embeddable":true,"href":"https:\/\/www.raschvin.com\/sv\/wp-json\/wp\/v2\/product_brand?post=48964"},{"taxonomy":"product_cat","embeddable":true,"href":"https:\/\/www.raschvin.com\/sv\/wp-json\/wp\/v2\/product_cat?post=48964"},{"taxonomy":"product_tag","embeddable":true,"href":"https:\/\/www.raschvin.com\/sv\/wp-json\/wp\/v2\/product_tag?post=48964"}],"curies":[{"name":"wp","href":"https:\/\/api.w.org\/{rel}","templated":true}]}}