{"id":48954,"date":"2024-02-26T10:14:21","date_gmt":"2024-02-26T09:14:21","guid":{"rendered":"https:\/\/www.raschvin.com\/produkt\/crystal-head-vodka-175-cl-40\/"},"modified":"2024-02-26T10:14:21","modified_gmt":"2024-02-26T09:14:21","slug":"crystal-head-vodka-175-cl-40","status":"publish","type":"product","link":"https:\/\/www.raschvin.com\/sv\/produkt\/crystal-head-vodka-175-cl-40\/","title":{"rendered":"Crystal Head Vodka 175 cl. 40%"},"content":{"rendered":"<p>Crystal Head \u00e4r en silkeslen vodka fr\u00e5n Newfoundland. Den destilleras 4 g\u00e5nger och filtreras 7 g\u00e5nger, bland annat genom ett lager kvartskristaller som kallas &#8221;herkimerdiamanter&#8221;, f\u00f6r att f\u00e5 fram den karakteristiska mjuka, rika smaken. Det finns inget tillsatt socker eller glycerol, och vodkan buteljeras med den klassiska 40-procentiga alkoholen.<br \/>\nOBS: 1,75L<br \/>\nF\u00e4rg: Kristallklar.<br \/>\nDoft: Ren och behaglig doft av vitpeppar och l\u00e4tt vanilj.<br \/>\nSmaknoter: Mjuk och kr\u00e4mig smak.<\/p>\n<p>Serveringsf\u00f6rslag: Kan avnjutas snyggt eller i cocktails.<\/p>\n<p>Crystal Head \u00e4r en premiumvodka producerad i Newfoundland utanf\u00f6r Kanadas \u00f6stkust. Vodkan \u00e4r gjord av persikor och majs och destilleras fyra g\u00e5nger f\u00f6r att producera en neutral sprit. Detta filtreras d\u00e4refter sju g\u00e5nger, inklusive tre g\u00e5nger genom ett lager av kvartskristaller som kallas &#8221;Herkimer-diamanter&#8221;. Crystal Head inneh\u00e5ller inga av de tillsatser du regelbundet st\u00f6ter p\u00e5 i vodka: glycerol, socker och citrusoljor.<\/p>\n<p>F\u00f6retaget grundades av komikern Dan Akroyd och konstn\u00e4ren John Alexander, som ocks\u00e5 designade den distinkta flaskan. Designprocessen tog \u00f6ver tv\u00e5 \u00e5r och n\u00e4r flaskan \u00e4ntligen var klar meddelade den Milano-baserade glastillverkaren Bruni Glass att det var den mest komplexa flaskan de n\u00e5gonsin tillverkat.<\/p>\n","protected":false},"excerpt":{"rendered":"<p>Premium Canadian Vodka<\/p>\n","protected":false},"featured_media":49148,"template":"","meta":{"_acf_changed":false,"rs_blank_template":"","rs_page_bg_color":"","slide_template_v7":""},"product_brand":[],"product_cat":[4609,2402,2409],"product_tag":[],"class_list":{"0":"post-48954","1":"product","2":"type-product","3":"status-publish","4":"has-post-thumbnail","6":"product_cat-plain-sv","7":"product_cat-sprit-sv","8":"product_cat-vodka-sv","9":"pa_land-canada-sv","10":"pa_procent-40-sv-2","11":"pa_producent-dan-akroyd-sv","12":"pa_region-ontario-sv","13":"pa_volume-175-sv","15":"first","16":"instock","17":"taxable","18":"shipping-taxable","19":"purchasable","20":"product-type-simple"},"bundled_by":[],"bundle_stock_status":"instock","bundle_stock_quantity":null,"bundle_virtual":false,"bundle_layout":"","bundle_add_to_cart_form_location":"","bundle_editable_in_cart":false,"bundle_sold_individually_context":"","bundle_item_grouping":"","bundle_min_size":"","bundle_max_size":"","bundle_price":[],"bundled_items":[],"bundle_sell_ids":[],"acf":[],"_links":{"self":[{"href":"https:\/\/www.raschvin.com\/sv\/wp-json\/wp\/v2\/product\/48954","targetHints":{"allow":["GET"]}}],"collection":[{"href":"https:\/\/www.raschvin.com\/sv\/wp-json\/wp\/v2\/product"}],"about":[{"href":"https:\/\/www.raschvin.com\/sv\/wp-json\/wp\/v2\/types\/product"}],"wp:featuredmedia":[{"embeddable":true,"href":"https:\/\/www.raschvin.com\/sv\/wp-json\/wp\/v2\/media\/49148"}],"wp:attachment":[{"href":"https:\/\/www.raschvin.com\/sv\/wp-json\/wp\/v2\/media?parent=48954"}],"wp:term":[{"taxonomy":"product_brand","embeddable":true,"href":"https:\/\/www.raschvin.com\/sv\/wp-json\/wp\/v2\/product_brand?post=48954"},{"taxonomy":"product_cat","embeddable":true,"href":"https:\/\/www.raschvin.com\/sv\/wp-json\/wp\/v2\/product_cat?post=48954"},{"taxonomy":"product_tag","embeddable":true,"href":"https:\/\/www.raschvin.com\/sv\/wp-json\/wp\/v2\/product_tag?post=48954"}],"curies":[{"name":"wp","href":"https:\/\/api.w.org\/{rel}","templated":true}]}}