{"id":48950,"date":"2024-02-26T10:05:11","date_gmt":"2024-02-26T09:05:11","guid":{"rendered":"https:\/\/www.raschvin.com\/produkt\/crystal-head-pride-vodka-70-cl-40\/"},"modified":"2024-02-26T10:05:11","modified_gmt":"2024-02-26T09:05:11","slug":"crystal-head-pride-vodka-70-cl-40","status":"publish","type":"product","link":"https:\/\/www.raschvin.com\/sv\/produkt\/crystal-head-pride-vodka-70-cl-40\/","title":{"rendered":"Crystal Head Pride Vodka 70 cl. 40%"},"content":{"rendered":"<p>F\u00e4rg spelar en viktig roll i den v\u00e4rld vi lever i, ofta anv\u00e4nds som ett kraftfullt kommunikationsverktyg och en form av uttryck. F\u00e4rg v\u00e4cker k\u00e4nsla och har en direkt koppling till kreativt t\u00e4nkande. Crystal Head Vodka v\u00e4cker den kreativa andan till liv med denna Pride-flaska i begr\u00e4nsad upplaga f\u00f6r att fira m\u00e5ngfald och j\u00e4mlikhet.<\/p>\n<p>Flaskan inneh\u00e5ller v\u00e5r originalblandning, destillerad 4 g\u00e5nger fr\u00e5n h\u00f6gsta kvalitet, lokalt framst\u00e4lld kanadensisk majs. Silkeslen med en hint av s\u00f6tma och vanilj. Filtrerad genom Herkimer-diamanter och blandad med or\u00f6rda Newfoundlandsvatten. Denna rena sprit \u00e4r helt fri fr\u00e5n tillsatser och tillverkad med stolthet.<\/p>\n<p>Denna Pride-flaska kommer att finnas tillg\u00e4nglig p\u00e5 utvalda marknader och sl\u00e4pps \u00e5rligen under en begr\u00e4nsad tid.<\/p>\n<p>Smaka p\u00e5 v\u00e5r Pride-cocktailkollektion h\u00e4r. \u00c5rets regnb\u00e5gsinspirerade cocktails \u00e4r st\u00f6rre \u00e4n n\u00e5gonsin med till\u00e4gg av 3 nya f\u00e4rger.<\/p>\n<p>Crystal Head Vodka har \u00e5tagit sig att anv\u00e4nda sin plattform som ett verktyg f\u00f6r att utbilda och st\u00f6dja, inte bara fr\u00e5n vinsterna fr\u00e5n Pride-flaskan i begr\u00e4nsad upplaga utan med kontinuerliga globala anstr\u00e4ngningar under hela \u00e5ret. Crystal Head \u00e4r extremt lyckligt lottad f\u00f6r sina m\u00e5nga partnerskap och det effektfulla arbete som g\u00f6rs f\u00f6r HBTQ+-gemenskapen.<\/p>\n<p>Samma premiumvodka fr\u00e5n Crystal Head Vodka i en begr\u00e4nsad upplaga Pride-flaska. Diamantfiltrerad vodka fri fr\u00e5n tillsatser och ren i smaken. Uppkallad efter den \u00f6vernaturliga myten om de 13 kristallskallarna av Dan Aykroyd, en man som \u00e4r ganska bekant med det \u00f6vernaturliga.<\/p>\n","protected":false},"excerpt":{"rendered":"<p>Premium Canadian Vodka<\/p>\n","protected":false},"featured_media":49067,"template":"","meta":{"_acf_changed":false,"rs_blank_template":"","rs_page_bg_color":"","slide_template_v7":""},"product_brand":[],"product_cat":[4609,2402,2409],"product_tag":[],"class_list":{"0":"post-48950","1":"product","2":"type-product","3":"status-publish","4":"has-post-thumbnail","6":"product_cat-plain-sv","7":"product_cat-sprit-sv","8":"product_cat-vodka-sv","9":"pa_land-canada-sv","10":"pa_procent-40-sv-2","11":"pa_producent-dan-akroyd-sv","12":"pa_region-ontario-sv","13":"pa_volume-70-sv-2","15":"first","16":"instock","17":"sale","18":"taxable","19":"shipping-taxable","20":"purchasable","21":"product-type-simple"},"bundled_by":[],"bundle_stock_status":"instock","bundle_stock_quantity":null,"bundle_virtual":false,"bundle_layout":"","bundle_add_to_cart_form_location":"","bundle_editable_in_cart":false,"bundle_sold_individually_context":"","bundle_item_grouping":"","bundle_min_size":"","bundle_max_size":"","bundle_price":[],"bundled_items":[],"bundle_sell_ids":[],"acf":[],"_links":{"self":[{"href":"https:\/\/www.raschvin.com\/sv\/wp-json\/wp\/v2\/product\/48950","targetHints":{"allow":["GET"]}}],"collection":[{"href":"https:\/\/www.raschvin.com\/sv\/wp-json\/wp\/v2\/product"}],"about":[{"href":"https:\/\/www.raschvin.com\/sv\/wp-json\/wp\/v2\/types\/product"}],"wp:featuredmedia":[{"embeddable":true,"href":"https:\/\/www.raschvin.com\/sv\/wp-json\/wp\/v2\/media\/49067"}],"wp:attachment":[{"href":"https:\/\/www.raschvin.com\/sv\/wp-json\/wp\/v2\/media?parent=48950"}],"wp:term":[{"taxonomy":"product_brand","embeddable":true,"href":"https:\/\/www.raschvin.com\/sv\/wp-json\/wp\/v2\/product_brand?post=48950"},{"taxonomy":"product_cat","embeddable":true,"href":"https:\/\/www.raschvin.com\/sv\/wp-json\/wp\/v2\/product_cat?post=48950"},{"taxonomy":"product_tag","embeddable":true,"href":"https:\/\/www.raschvin.com\/sv\/wp-json\/wp\/v2\/product_tag?post=48950"}],"curies":[{"name":"wp","href":"https:\/\/api.w.org\/{rel}","templated":true}]}}