{"id":48947,"date":"2024-02-26T09:58:29","date_gmt":"2024-02-26T08:58:29","guid":{"rendered":"https:\/\/www.raschvin.com\/produkt\/crystal-head-onyx-blue-agave-vodka-70-cl-40\/"},"modified":"2024-02-26T09:58:29","modified_gmt":"2024-02-26T08:58:29","slug":"crystal-head-onyx-blue-agave-vodka-70-cl-40","status":"publish","type":"product","link":"https:\/\/www.raschvin.com\/sv\/produkt\/crystal-head-onyx-blue-agave-vodka-70-cl-40\/","title":{"rendered":"Crystal Head Onyx Blue Agave Vodka 70 cl. 40%"},"content":{"rendered":"<p>Onyx \u00e4r ett unikt nytt uttryck av Crystal Head Vodka, gjord av premium Blue Weber Agave och kommer fr\u00e5n en enda g\u00e5rd i Mexiko.<\/p>\n<p>Flaskan med sin lyxiga svarta finish och matchande crest-pr\u00e4glade lock \u00e4r en hyllning till den kraftfulla krigarkristallen Onyx. Delar sin intuition, fokus, positivitet och skydd till dem som h\u00e5ller den n\u00e4ra. Onyx ansluter till v\u00e5r jord med sin skyddande energi som inte till\u00e5ter ljus. Onyx kombinerar alla f\u00e4rger i spektrat och s\u00e4gs absorbera negativitet; ju m\u00f6rkare sten, desto mer energi h\u00e5ller den. Onyx \u00e4r gjord av Blue Weber Agave och fungerar som en symbol f\u00f6r den m\u00e4nskliga resan. Det \u00e4r ett fokus p\u00e5 positivitet som p\u00e5kallar ens inre kreativa anda. Som alla Crystal Head-uttryck blandas Onyx med det renaste vattnet fr\u00e5n Newfoundland, Kanada. Detta ger slutprodukten en ren och halvs\u00f6t finish. Trogen Crystal Head-v\u00e4rdena inneh\u00e5ller Onyx inga oljor, sockerarter eller tillsatser.<\/p>\n<p>Fr\u00e4scht gr\u00f6nt gr\u00e4s nyanserad vitpeppar och inslag av citrus p\u00e5 n\u00e4san. Mjuk och len med en hint av krydda och s\u00f6tma som utvecklas till den subtila men omissk\u00e4nnliga jordn\u00e4ra agaven. En medium finish av gr\u00f6nt gr\u00e4s, peppar och citrus.<\/p>\n<p>Crystal Head \u00e4r en premiumvodka producerad i Newfoundland utanf\u00f6r Kanadas \u00f6stkust. Vodkan \u00e4r gjord av persikor och majs och destilleras fyra g\u00e5nger f\u00f6r att producera en neutral sprit. Detta filtreras d\u00e4refter sju g\u00e5nger, inklusive tre g\u00e5nger genom ett lager av kvartskristaller som kallas &#8221;Herkimer-diamanter&#8221;. Crystal Head inneh\u00e5ller inga av de tillsatser du regelbundet st\u00f6ter p\u00e5 i vodka: glycerol, socker och citrusoljor.<\/p>\n<p>F\u00f6retaget grundades av komikern Dan Akroyd och konstn\u00e4ren John Alexander, som ocks\u00e5 designade den distinkta flaskan. Designprocessen tog \u00f6ver tv\u00e5 \u00e5r och n\u00e4r flaskan \u00e4ntligen var klar meddelade den Milano-baserade glastillverkaren Bruni Glass att det var den mest komplexa flaskan de n\u00e5gonsin tillverkat.<\/p>\n","protected":false},"excerpt":{"rendered":"<p>Premium Canadian Vodka<\/p>\n","protected":false},"featured_media":49139,"template":"","meta":{"_acf_changed":false,"rs_blank_template":"","rs_page_bg_color":"","slide_template_v7":""},"product_brand":[],"product_cat":[4609,2402,2409],"product_tag":[],"class_list":{"0":"post-48947","1":"product","2":"type-product","3":"status-publish","4":"has-post-thumbnail","6":"product_cat-plain-sv","7":"product_cat-sprit-sv","8":"product_cat-vodka-sv","9":"pa_land-canada-sv","10":"pa_procent-40-sv-2","11":"pa_producent-dan-akroyd-sv","12":"pa_region-ontario-sv","13":"pa_volume-70-sv-2","15":"first","16":"instock","17":"sale","18":"taxable","19":"shipping-taxable","20":"purchasable","21":"product-type-simple"},"bundled_by":[],"bundle_stock_status":"instock","bundle_stock_quantity":null,"bundle_virtual":false,"bundle_layout":"","bundle_add_to_cart_form_location":"","bundle_editable_in_cart":false,"bundle_sold_individually_context":"","bundle_item_grouping":"","bundle_min_size":"","bundle_max_size":"","bundle_price":[],"bundled_items":[],"bundle_sell_ids":[],"acf":[],"_links":{"self":[{"href":"https:\/\/www.raschvin.com\/sv\/wp-json\/wp\/v2\/product\/48947","targetHints":{"allow":["GET"]}}],"collection":[{"href":"https:\/\/www.raschvin.com\/sv\/wp-json\/wp\/v2\/product"}],"about":[{"href":"https:\/\/www.raschvin.com\/sv\/wp-json\/wp\/v2\/types\/product"}],"wp:featuredmedia":[{"embeddable":true,"href":"https:\/\/www.raschvin.com\/sv\/wp-json\/wp\/v2\/media\/49139"}],"wp:attachment":[{"href":"https:\/\/www.raschvin.com\/sv\/wp-json\/wp\/v2\/media?parent=48947"}],"wp:term":[{"taxonomy":"product_brand","embeddable":true,"href":"https:\/\/www.raschvin.com\/sv\/wp-json\/wp\/v2\/product_brand?post=48947"},{"taxonomy":"product_cat","embeddable":true,"href":"https:\/\/www.raschvin.com\/sv\/wp-json\/wp\/v2\/product_cat?post=48947"},{"taxonomy":"product_tag","embeddable":true,"href":"https:\/\/www.raschvin.com\/sv\/wp-json\/wp\/v2\/product_tag?post=48947"}],"curies":[{"name":"wp","href":"https:\/\/api.w.org\/{rel}","templated":true}]}}