{"id":48936,"date":"2024-02-26T09:32:57","date_gmt":"2024-02-26T08:32:57","guid":{"rendered":"https:\/\/www.raschvin.com\/produkt\/glenmorangie-the-quinta-ruban-port-cask-finish-14-years-old-70-cl-46\/"},"modified":"2024-02-26T09:32:57","modified_gmt":"2024-02-26T08:32:57","slug":"glenmorangie-the-quinta-ruban-port-cask-finish-14-years-old-70-cl-46","status":"publish","type":"product","link":"https:\/\/www.raschvin.com\/sv\/produkt\/glenmorangie-the-quinta-ruban-port-cask-finish-14-years-old-70-cl-46\/","title":{"rendered":"Glenmorangie The Quinta Ruban Port Cask Finish 14 Years Old 70 cl. 46%"},"content":{"rendered":"<p>Glenmorangie grundades 1843 i Royal Burgh of Tain, l\u00e4ngst norr i Skottland, och \u00e4r Skottlands favorit whisky f\u00f6r single malt skotsk whisky. Destilleriet \u00e4r k\u00e4nt f\u00f6r sina distinkta h\u00f6ga stillbilder \u2013 de h\u00f6gsta i Skottland \u2013 som spelar en viktig roll i utvecklingen av den komplexa och fruktiga husstilen. Vi \u00e4r ocks\u00e5 erk\u00e4nda som pionj\u00e4ren f\u00f6r extramognad p\u00e5 1980-talet och f\u00f6r innovativt arbete inom fathanteringsomr\u00e5det sedan b\u00f6rjan av 1990-talet. Vi h\u00e4vdar stolt att v\u00e5ra whisky \u00e4r &#8221;On\u00f6digt v\u00e4lgjorda&#8221;, och producerar en rad \u00e5ldrade och extramogna uttryck tillsammans med signaturen Glenmorangie Original och den banbrytande Glenmorangie Signet.<\/p>\n<p>Den m\u00f6rkaste och mest intensiva whiskyn i v\u00e5rt k\u00e4rnsortiment, Glenmorangie Quinta Ruban har \u00e4gnat 10 \u00e5r \u00e5t att mogna p\u00e5 amerikanska vita ekfat, innan de \u00f6verf\u00f6rts till speciellt utvalda rubinportpipor fr\u00e5n Quintas eller ving\u00e5rdar i Portugal.<\/p>\n<p>&#8221;R\u00f6r&#8221; \u00e4r de st\u00f6rsta typerna av fat som anv\u00e4nds f\u00f6r att mogna whisky. Med en kapacitet p\u00e5 cirka 600 liter \u00e4r de n\u00e4ra den maximala lagliga storleken f\u00f6r mognad skotsk whisky (700 liter). &#8221;Barriques&#8221; \u00e4r mycket mindre vanliga i Skottland \u00e4n Barrels eller Butts. De anv\u00e4nds vanligtvis inom vinindustrin och rymmer cirka 225 liter Glenmorangie sl\u00e4ppte branschens f\u00f6rsta portfatfinish 1994. Det var en \u00e5rg\u00e5ng fr\u00e5n 1975<\/p>\n<p>Smakanteckningar:<\/p>\n<p>Syn: Solbelyst ros\u00e9guld.<\/p>\n<p>N\u00e4sa: Denna whisky ger en n\u00e4sa berikad med kola, ingef\u00e4ra och dadlar.<\/p>\n<p>Smak: Smidig i gommen, dess honungssmak avsl\u00f6jar rikedomen av sultanor, varma kryddor och sevilla apelsin, innan en l\u00e5ng, kvardr\u00f6jande finish<\/p>\n","protected":false},"excerpt":{"rendered":"<p>Highland Single Malt Scotch Whisky<\/p>\n","protected":false},"featured_media":50841,"template":"","meta":{"_acf_changed":false,"rs_blank_template":"","rs_page_bg_color":"","slide_template_v7":""},"product_brand":[],"product_cat":[2387,4651,2392],"product_tag":[],"class_list":{"0":"post-48936","1":"product","2":"type-product","3":"status-publish","4":"has-post-thumbnail","6":"product_cat-avec-sv","7":"product_cat-single-malt-sv","8":"product_cat-whisky-sv","9":"pa_land-skottland","10":"pa_procent-46-sv","11":"pa_producent-glenmorangie-sv","12":"pa_region-highland-sv","13":"pa_volume-70-sv-2","15":"first","16":"instock","17":"taxable","18":"shipping-taxable","19":"purchasable","20":"product-type-simple"},"bundled_by":[],"bundle_stock_status":"instock","bundle_stock_quantity":null,"bundle_virtual":false,"bundle_layout":"","bundle_add_to_cart_form_location":"","bundle_editable_in_cart":false,"bundle_sold_individually_context":"","bundle_item_grouping":"","bundle_min_size":"","bundle_max_size":"","bundle_price":[],"bundled_items":[],"bundle_sell_ids":[],"acf":[],"_links":{"self":[{"href":"https:\/\/www.raschvin.com\/sv\/wp-json\/wp\/v2\/product\/48936","targetHints":{"allow":["GET"]}}],"collection":[{"href":"https:\/\/www.raschvin.com\/sv\/wp-json\/wp\/v2\/product"}],"about":[{"href":"https:\/\/www.raschvin.com\/sv\/wp-json\/wp\/v2\/types\/product"}],"wp:featuredmedia":[{"embeddable":true,"href":"https:\/\/www.raschvin.com\/sv\/wp-json\/wp\/v2\/media\/50841"}],"wp:attachment":[{"href":"https:\/\/www.raschvin.com\/sv\/wp-json\/wp\/v2\/media?parent=48936"}],"wp:term":[{"taxonomy":"product_brand","embeddable":true,"href":"https:\/\/www.raschvin.com\/sv\/wp-json\/wp\/v2\/product_brand?post=48936"},{"taxonomy":"product_cat","embeddable":true,"href":"https:\/\/www.raschvin.com\/sv\/wp-json\/wp\/v2\/product_cat?post=48936"},{"taxonomy":"product_tag","embeddable":true,"href":"https:\/\/www.raschvin.com\/sv\/wp-json\/wp\/v2\/product_tag?post=48936"}],"curies":[{"name":"wp","href":"https:\/\/api.w.org\/{rel}","templated":true}]}}