{"id":48831,"date":"2024-02-22T13:11:33","date_gmt":"2024-02-22T12:11:33","guid":{"rendered":"https:\/\/www.raschvin.com\/produkt\/kopke-port-colheita-2003-75-cl-195\/"},"modified":"2024-02-22T13:11:33","modified_gmt":"2024-02-22T12:11:33","slug":"kopke-port-colheita-2003-75-cl-195","status":"publish","type":"product","link":"https:\/\/www.raschvin.com\/sv\/produkt\/kopke-port-colheita-2003-75-cl-195\/","title":{"rendered":"Kopke Port \u2013 Colheita 2003 75 cl. 19,5%"},"content":{"rendered":"<p>Detta \u00e4r en kvalitetsport som kommer att gl\u00e4dja alla portentusiaster med utm\u00e4rkt komplexitet, balans och dryckesgl\u00e4dje.<\/p>\n<p>Vid framst\u00e4llningen av de lagrade portvinerna utg\u00e5r Kopke fr\u00e5n husets hundra\u00e5riga erfarenhet av fatlagrade portviner, d\u00e4r de tillh\u00f6r en liten exklusiv elit. Colheita \u00e4r &#8211; till skillnad fr\u00e5n de blandade portvinerna &#8211; en tawny fr\u00e5n en och samma \u00e5rg\u00e5ng, allts\u00e5 en &#8217;vintage tawny&#8217;.<br \/>\nKopke har en komplex och syrafri aromprofil som g\u00f6r dem behagliga att dricka \u00f6ver tid.<\/p>\n<p>F\u00f6r en colheita kr\u00e4vs minst 7 \u00e5rs lagring p\u00e5 tr\u00e4fat innan den sl\u00e4pps. Denna Colheita 2003 \u00e4r fatlagrad i 20 \u00e5r innan den buteljeras; en tidsperiod som satt sin pr\u00e4gel p\u00e5 vinet i den utstr\u00e4ckningen.<\/p>\n<p>Katrinplommon, russin, lack, kola, valn\u00f6tter, lite r\u00f6k och apelsinskal matchas av en gyllene syra, s\u00e5 att helheten framst\u00e5r med r\u00e4tt tyngd. Eftersmaken har exemplarisk l\u00e4ngd.<\/p>\n<p>Njut av denna tawny som ett mysigt vin eller till exempel med cr\u00eapes suzette, kolakant, n\u00f6tt\u00e5rtor m.m. \u2013 och s\u00e5 \u00e4r den ju lysande till julbaket n\u00e4r \u00e5rstiden \u00e4r r\u00e4tt f\u00f6r det.<\/p>\n<p>Serveras vid 13-15\u00b0 i ett rymligt vinglas.<\/p>\n<p>96 po\u00e4ng International Wine Challenge<\/p>\n<p>&#8221;Underbara ruvande sm\u00f6rkolatoner, vilket leder till en h\u00e4rlig rik och smakl\u00f6s smak. Silkeslen, intensiv och mycket ungdomlig!&#8221;<\/p>\n","protected":false},"excerpt":{"rendered":"<p>Douro Valley Port<\/p>\n","protected":false},"featured_media":48870,"template":"","meta":{"_acf_changed":false,"rs_blank_template":"","rs_page_bg_color":"","slide_template_v7":""},"product_brand":[],"product_cat":[2765,2772,4737],"product_tag":[],"class_list":{"0":"post-48831","1":"product","2":"type-product","3":"status-publish","4":"has-post-thumbnail","6":"product_cat-hedvin-sv","7":"product_cat-hamn","8":"product_cat-colheita-sv","9":"pa_drue-traditional-douro-grape-varieties-sv","10":"pa_land-portugal-sv","11":"pa_procent-20-sv","12":"pa_producent-kopke-sv","13":"pa_region-douro-sv","14":"pa_serveringstemperatur-13-15-sv","15":"pa_vintage-2003-sv","16":"pa_volume-75-sv","18":"first","19":"instock","20":"taxable","21":"shipping-taxable","22":"purchasable","23":"product-type-simple"},"bundled_by":[],"bundle_stock_status":"instock","bundle_stock_quantity":null,"bundle_virtual":false,"bundle_layout":"","bundle_add_to_cart_form_location":"","bundle_editable_in_cart":false,"bundle_sold_individually_context":"","bundle_item_grouping":"","bundle_min_size":"","bundle_max_size":"","bundle_price":[],"bundled_items":[],"bundle_sell_ids":[],"acf":[],"_links":{"self":[{"href":"https:\/\/www.raschvin.com\/sv\/wp-json\/wp\/v2\/product\/48831","targetHints":{"allow":["GET"]}}],"collection":[{"href":"https:\/\/www.raschvin.com\/sv\/wp-json\/wp\/v2\/product"}],"about":[{"href":"https:\/\/www.raschvin.com\/sv\/wp-json\/wp\/v2\/types\/product"}],"wp:featuredmedia":[{"embeddable":true,"href":"https:\/\/www.raschvin.com\/sv\/wp-json\/wp\/v2\/media\/48870"}],"wp:attachment":[{"href":"https:\/\/www.raschvin.com\/sv\/wp-json\/wp\/v2\/media?parent=48831"}],"wp:term":[{"taxonomy":"product_brand","embeddable":true,"href":"https:\/\/www.raschvin.com\/sv\/wp-json\/wp\/v2\/product_brand?post=48831"},{"taxonomy":"product_cat","embeddable":true,"href":"https:\/\/www.raschvin.com\/sv\/wp-json\/wp\/v2\/product_cat?post=48831"},{"taxonomy":"product_tag","embeddable":true,"href":"https:\/\/www.raschvin.com\/sv\/wp-json\/wp\/v2\/product_tag?post=48831"}],"curies":[{"name":"wp","href":"https:\/\/api.w.org\/{rel}","templated":true}]}}