{"id":48616,"date":"2024-02-16T11:15:12","date_gmt":"2024-02-16T10:15:12","guid":{"rendered":"https:\/\/www.raschvin.com\/produkt\/champagne-mandois-vieilles-vignes-victor-brut-rose-2012-75-cl\/"},"modified":"2026-02-11T14:02:08","modified_gmt":"2026-02-11T13:02:08","slug":"champagne-mandois-vieilles-vignes-victor-brut-rose-2012-75-cl","status":"publish","type":"product","link":"https:\/\/www.raschvin.com\/sv\/produkt\/champagne-mandois-vieilles-vignes-victor-brut-rose-2012-75-cl\/","title":{"rendered":"Champagne Mandois Vieilles Vignes Victor Brut Ros\u00e9 2016 75 cl."},"content":{"rendered":"<p data-start=\"11\" data-end=\"514\">Victor Ros\u00e9 2016 \u00e4r en \u00e5rg\u00e5ngschampagne som f\u00f6renar elegans och komplexitet. Den \u00e4r framst\u00e4lld av 90 % chardonnay och 10 % pinot meunier fr\u00e5n gamla vinstockar, vilket ger en raffinerad struktur och djup. Vinet har en vacker kopparrosa f\u00e4rg och en bouquet med toner av kanderade k\u00f6rsb\u00e4r, hallon och jordgubbar, kompletterat av subtila kryddor och en touch av kalkig mineralitet. Smaken \u00e4r gener\u00f6s och kr\u00e4mig med en elegant mousse, frisk syra och en l\u00e5ng, kalkig finish som tydligt speglar vinets terroir.<\/p>\n<p data-start=\"516\" data-end=\"637\">Kanderade k\u00f6rsb\u00e4r, hallon och jordgubbar med kryddighet och kalkig mineralitet. Kr\u00e4mig textur och l\u00e5ng, frisk avslutning.<\/p>\n<p data-start=\"639\" data-end=\"975\">Victor Ros\u00e9 framst\u00e4lls enligt den traditionella metoden med en andra j\u00e4sning p\u00e5 flaska. Druvorna handsk\u00f6rdas och vinifieras separat, varefter en del r\u00f6tt vin tills\u00e4tts f\u00f6r att ge den karakteristiska f\u00e4rgen och aromatiska djupet. Vinet lagras i k\u00e4llaren i flera \u00e5r f\u00f6r att utveckla komplexitet och finess innan det degorgeras och sl\u00e4pps.<\/p>\n","protected":false},"excerpt":{"rendered":"<p>Champagne de France<\/p>\n","protected":false},"featured_media":48685,"template":"","meta":{"_acf_changed":false,"rs_blank_template":"","rs_page_bg_color":"","slide_template_v7":""},"product_brand":[],"product_cat":[2745,2749,2750],"product_tag":[],"class_list":{"0":"post-48616","1":"product","2":"type-product","3":"status-publish","4":"has-post-thumbnail","6":"product_cat-champagne-sv","7":"product_cat-rose-sv","8":"product_cat-vintage-sv","9":"pa_drue-chardonnay-sv","10":"pa_drue-pinot-noir-sv","11":"pa_land-frankrike","12":"pa_procent-12-sv","13":"pa_producent-mandois-sv","14":"pa_region-champagne-sv","15":"pa_serveringstemperatur-10-12-sv-2","16":"pa_vintage-2016-sv","17":"pa_volume-75-sv","19":"first","20":"instock","21":"taxable","22":"shipping-taxable","23":"purchasable","24":"product-type-simple"},"bundled_by":[],"bundle_stock_status":"instock","bundle_stock_quantity":null,"bundle_virtual":false,"bundle_layout":"","bundle_add_to_cart_form_location":"","bundle_editable_in_cart":false,"bundle_sold_individually_context":"","bundle_item_grouping":"","bundle_min_size":"","bundle_max_size":"","bundle_price":[],"bundled_items":[],"bundle_sell_ids":[],"acf":[],"_links":{"self":[{"href":"https:\/\/www.raschvin.com\/sv\/wp-json\/wp\/v2\/product\/48616","targetHints":{"allow":["GET"]}}],"collection":[{"href":"https:\/\/www.raschvin.com\/sv\/wp-json\/wp\/v2\/product"}],"about":[{"href":"https:\/\/www.raschvin.com\/sv\/wp-json\/wp\/v2\/types\/product"}],"wp:featuredmedia":[{"embeddable":true,"href":"https:\/\/www.raschvin.com\/sv\/wp-json\/wp\/v2\/media\/48685"}],"wp:attachment":[{"href":"https:\/\/www.raschvin.com\/sv\/wp-json\/wp\/v2\/media?parent=48616"}],"wp:term":[{"taxonomy":"product_brand","embeddable":true,"href":"https:\/\/www.raschvin.com\/sv\/wp-json\/wp\/v2\/product_brand?post=48616"},{"taxonomy":"product_cat","embeddable":true,"href":"https:\/\/www.raschvin.com\/sv\/wp-json\/wp\/v2\/product_cat?post=48616"},{"taxonomy":"product_tag","embeddable":true,"href":"https:\/\/www.raschvin.com\/sv\/wp-json\/wp\/v2\/product_tag?post=48616"}],"curies":[{"name":"wp","href":"https:\/\/api.w.org\/{rel}","templated":true}]}}