{"id":48613,"date":"2026-02-11T14:21:31","date_gmt":"2026-02-11T13:21:31","guid":{"rendered":"https:\/\/www.raschvin.com\/produkt\/champagne-mandois-vieilles-vignes-victor-brut-2012-75-cl\/"},"modified":"2026-02-11T14:22:28","modified_gmt":"2026-02-11T13:22:28","slug":"champagne-mandois-vieilles-vignes-victor-brut-2012-75-cl","status":"publish","type":"product","link":"https:\/\/www.raschvin.com\/sv\/produkt\/champagne-mandois-vieilles-vignes-victor-brut-2012-75-cl\/","title":{"rendered":"Champagne Mandois Vieilles Vignes Victor Brut Blanc de Blancs 2013 75 cl."},"content":{"rendered":"<p data-start=\"11\" data-end=\"452\">Champagne Cuv\u00e9e Victor Brut 2013 fr\u00e5n Champagne Mandois kommer fr\u00e5n hj\u00e4rtat av Champagne, d\u00e4r kalkrika jordar och ett svalt, kontinentalt klimat skapar perfekta f\u00f6ruts\u00e4ttningar f\u00f6r eleganta och komplexa viner. Druvorna till denna cuv\u00e9e sk\u00f6rdas fr\u00e5n noggrant utvalda parceller med gamla vinstockar, vilket ger extra djup och koncentration. Jordm\u00e5nen best\u00e5r av lera och kalk, som bidrar till champagnens karakteristiska finess och mineralitet.<\/p>\n<p data-start=\"454\" data-end=\"772\">Denna champagne bjuder p\u00e5 f\u00f6rf\u00f6riska doftnoter av mogen p\u00e4ron, \u00e4pple och vita blommor, kompletterat av subtila inslag av rostade n\u00f6tter och vanilj. I munnen upplevs en harmonisk balans mellan frisk syra, renhet och en fyllig textur. Smaken utvecklas gradvis med nyanser av torkad frukt, citrus och en l\u00e4tt salt finish.<\/p>\n<p data-start=\"774\" data-end=\"1082\">J\u00e4sningen sker i en kombination av rostfria st\u00e5ltankar och ekfat f\u00f6r att uppn\u00e5 b\u00e5de fr\u00e4sch\u00f6r och komplexitet. Efter den f\u00f6rsta j\u00e4sningen genomg\u00e5r vinet traditionell flaskj\u00e4sning och lagras i minst sju \u00e5r p\u00e5 j\u00e4stf\u00e4llningen i k\u00e4llaren. Den l\u00e5nga mognaden ger en fin mousse, kr\u00e4mig textur och utvecklade aromer.<\/p>\n","protected":false},"excerpt":{"rendered":"<p>Champagne de France<\/p>\n","protected":false},"featured_media":115539,"template":"","meta":{"_acf_changed":false,"rs_blank_template":"","rs_page_bg_color":"","slide_template_v7":""},"product_brand":[],"product_cat":[2745,2750],"product_tag":[],"class_list":{"0":"post-48613","1":"product","2":"type-product","3":"status-publish","4":"has-post-thumbnail","6":"product_cat-champagne-sv","7":"product_cat-vintage-sv","8":"pa_drue-chardonnay-sv","9":"pa_land-frankrike","10":"pa_procent-12-sv","11":"pa_producent-mandois-sv","12":"pa_region-champagne-sv","13":"pa_serveringstemperatur-10-12-sv-2","14":"pa_vintage-2013-sv","15":"pa_volume-75-sv","17":"first","18":"instock","19":"taxable","20":"shipping-taxable","21":"purchasable","22":"product-type-simple"},"bundled_by":[],"bundle_stock_status":"instock","bundle_stock_quantity":null,"bundle_virtual":false,"bundle_layout":"","bundle_add_to_cart_form_location":"","bundle_editable_in_cart":false,"bundle_sold_individually_context":"","bundle_item_grouping":"","bundle_min_size":"","bundle_max_size":"","bundle_price":[],"bundled_items":[],"bundle_sell_ids":[],"acf":[],"_links":{"self":[{"href":"https:\/\/www.raschvin.com\/sv\/wp-json\/wp\/v2\/product\/48613","targetHints":{"allow":["GET"]}}],"collection":[{"href":"https:\/\/www.raschvin.com\/sv\/wp-json\/wp\/v2\/product"}],"about":[{"href":"https:\/\/www.raschvin.com\/sv\/wp-json\/wp\/v2\/types\/product"}],"wp:featuredmedia":[{"embeddable":true,"href":"https:\/\/www.raschvin.com\/sv\/wp-json\/wp\/v2\/media\/115539"}],"wp:attachment":[{"href":"https:\/\/www.raschvin.com\/sv\/wp-json\/wp\/v2\/media?parent=48613"}],"wp:term":[{"taxonomy":"product_brand","embeddable":true,"href":"https:\/\/www.raschvin.com\/sv\/wp-json\/wp\/v2\/product_brand?post=48613"},{"taxonomy":"product_cat","embeddable":true,"href":"https:\/\/www.raschvin.com\/sv\/wp-json\/wp\/v2\/product_cat?post=48613"},{"taxonomy":"product_tag","embeddable":true,"href":"https:\/\/www.raschvin.com\/sv\/wp-json\/wp\/v2\/product_tag?post=48613"}],"curies":[{"name":"wp","href":"https:\/\/api.w.org\/{rel}","templated":true}]}}