{"id":48610,"date":"2024-02-16T11:00:51","date_gmt":"2024-02-16T10:00:51","guid":{"rendered":"https:\/\/www.raschvin.com\/produkt\/champagne-mandois-brut-zero-75-cl\/"},"modified":"2024-02-16T11:00:51","modified_gmt":"2024-02-16T10:00:51","slug":"champagne-mandois-brut-zero-75-cl","status":"publish","type":"product","link":"https:\/\/www.raschvin.com\/sv\/produkt\/champagne-mandois-brut-zero-75-cl\/","title":{"rendered":"Champagne Mandois Brut Z\u00e9ro 75 cl."},"content":{"rendered":"<p>Champagne Mandois \u00e4r k\u00e4nd f\u00f6r sin skyh\u00f6ga niv\u00e5 och f\u00f6r att producera viner som har vad som kr\u00e4vs f\u00f6r att bl\u00e4nda de finaste restaurangerna v\u00e4rlden \u00f6ver. Och husets Zero Dosage \u00e4r en av de stora stj\u00e4rnorna med sin unika och exklusiva elegans.<\/p>\n<p>Zero Dosage \u00e4r den torraste varianten av s\u00f6thetsniv\u00e5er i Champagne, f\u00f6r medan en torr Champagne vanligtvis har lite socker tillsatt, lever Zero Dosage enbart p\u00e5 smaken och s\u00f6tman som finns i druvorna.<\/p>\n<p>H\u00e4r \u00e4r det druvorna Chardonnay, Pinot Noir och Pinot Meunier som kombineras f\u00f6r det vackra, gyllene slutresultatet. Med \u00f6vertoner av vita blommor och citrus i doften \u00e4r planen f\u00f6r en smakf\u00f6rfining med en oh\u00f6rd elegans och finess som \u00e4r sv\u00e5r att matcha.<\/p>\n<p>Vinet har lagrats i fyra \u00e5r p\u00e5 sina j\u00e4strester, och det framst\u00e5r som den perfekta krispiga f\u00f6ljeslagaren till den finare gastronomin, f\u00f6r med sina komplexa smaktoner av aprikos och ljus persika och sin perfekt balanserade friskhet har det en kristallklar och mineralisk. elegans.<\/p>\n<p>Det \u00e4r s\u00e4llsynt att denna Champagne Mandois Zero Dosage \u00e4r tillg\u00e4nglig f\u00f6r n\u00e5gon annan \u00e4n de som st\u00e5r mycket n\u00e4ra ving\u00e5rden, varf\u00f6r vi \u00e4r stolta \u00f6ver att ha den i v\u00e5r repertoar. Det \u00e4r en unik och exklusiv Champagne som hj\u00e4lper till att lyfta stora gastronomiska upplevelser till en \u00e4nnu h\u00f6gre niv\u00e5.<\/p>\n<p>Den skarpa Zero Dosage fr\u00e5n Champagne Mandois \u00e4r kristallklar och i perfekt balans med sig sj\u00e4lv. En unik och exklusiv Champagne som har en mycket speciell f\u00f6rm\u00e5ga att komplimentera den finare gastronomin med sin elegans och raffinerade toner.<\/p>\n<p>Om Mandois<br \/>\nGenuin och ren kvalitet, grundad p\u00e5 traditioner med hundratals \u00e5r bakom sig. Champagne Mandois har inte beh\u00f6vt uppm\u00e4rksamma sig sj\u00e4lv med storslagna gester och lyxiga \u00e5tg\u00e4rder \u2013 kvaliteten p\u00e5 Champagnehusets produkter talar f\u00f6r sig sj\u00e4lv och har genom \u00e5rhundraden uppn\u00e5tt en imponerande och v\u00e4lf\u00f6rtj\u00e4nt status som de franska Michelinrestaurangernas f\u00f6redragna Champagne.<\/p>\n<p>Och det \u00e4r inte konstigt att Champagne Mandois har en kvalitet som verkar vara inget mindre \u00e4n gudomlig. Det vittnar platsen i Le Guide Fleurus des Vins, den finaste vinguiden f\u00f6r franska sommelierer \u2013 samt utm\u00e4rkelsen som Vigneron de l&#8217;ann\u00e9e 2003, som \u00e4r en av de mest prestigefyllda utm\u00e4rkelserna inom den franska vinindustrin.<\/p>\n<p>Himmelskt \u2013 och n\u00e4stan gudomligt<\/p>\n<p>Det som idag smakar lyx och elegans b\u00f6rjade faktiskt med stramhet och abstinens fr\u00e5n benediktinermunken Broder Oudard. Men det g\u00e5r en rak linje fr\u00e5n de tankar han hade n\u00e4r han sk\u00f6tte de f\u00e5 vinstockar i klostret han hade hemma, och till de metoder som Jean Mandois svor vid n\u00e4r han skaffade sina f\u00f6rsta ving\u00e5rdar i Epernay 1735.<\/p>\n<p>1860 var det Victor Mandois som grundade den mer kommersiella delen av Champagnehuset och under 1900-talet utvecklade n\u00e4sta generationer verksamheten till ett internationellt erk\u00e4nt varum\u00e4rke, som idag anses vara ett av de st\u00f6rsta Champagnehusen.<\/p>\n<p>Idag har Champagne Mandois 34 hektar ving\u00e5rdar, d\u00e4r all energi l\u00e4ggs p\u00e5 att skapa de optimala Chardonnay-, Pinot Meunier- och Pinot Noir-druvorna f\u00f6r husets Champagneproduktion. Vinrankorna pl\u00f6js bara i varannan rad, s\u00e5 att rotn\u00e4tverket f\u00e5r \u00e4nnu b\u00e4ttre utrymme att sprida sig, och denna tradition har utan tvekan bidragit till att s\u00e4kerst\u00e4lla druvrankor som kan vara \u00e4nnu mer intensiva i s\u00e4ttet att samla in n\u00e4ring.<\/p>\n<p>Mandois k\u00f6per \u00e4ven druvor fr\u00e5n de b\u00e4sta Grand Cru-f\u00e4lten i n\u00e4rheten och tillsammans ger det en kvalitet som f\u00e5tt de finaste restaurangerna och sommeliererna att himla med \u00f6gonen.<\/p>\n<p>F\u00f6rr\u00e5d i kyrkkapell<\/p>\n<p>Champagnen f\u00f6rvaras p\u00e5 600 liters fat i mycket speciella omgivningar under kapellet i kyrkan i byn Pierry strax utanf\u00f6r Epernay. Och s\u00e5 \u00e4r linjen intakt fr\u00e5n broder Oudard fr\u00e5n benediktinerklostret till k\u00e4llaren under kapellet i Pierry och till den saliga och gudomliga kvaliteten p\u00e5 Champagne Mandois viner.<\/p>\n<p>Oavsett om det \u00e4r den klassiska torra Champagnen eller den krispiga Brut Nature, som Michelinrestauranger och gourmetexperter hyllar, \u00e4r Champagne Mandois ett hus som levererar produkter i toppklass, och det verkar som att kvaliteten bara \u00f6kar f\u00f6r varje \u00e5r. Oavsett om det \u00e4r den klassiska Brut Origine, den lyxiga Cuvee Victor eller den extravaganta Champagne Le Clos.<\/p>\n","protected":false},"excerpt":{"rendered":"<p>Champagne de France<\/p>\n","protected":false},"featured_media":48667,"template":"","meta":{"_acf_changed":false,"rs_blank_template":"","rs_page_bg_color":"","slide_template_v7":""},"product_brand":[],"product_cat":[2745,2747],"product_tag":[],"class_list":{"0":"post-48610","1":"product","2":"type-product","3":"status-publish","4":"has-post-thumbnail","6":"product_cat-champagne-sv","7":"product_cat-non-vintage-sv","8":"pa_drue-chardonnay-sv","9":"pa_drue-pinot-meunier-sv","10":"pa_drue-pinot-noir-sv","11":"pa_land-frankrike","12":"pa_procent-12-sv","13":"pa_producent-mandois-sv","14":"pa_region-champagne-sv","15":"pa_serveringstemperatur-10-12-sv-2","16":"pa_vintage-none-vintage-nv-sv","17":"pa_volume-75-sv","19":"first","20":"instock","21":"taxable","22":"shipping-taxable","23":"purchasable","24":"product-type-simple"},"bundled_by":[],"bundle_stock_status":"instock","bundle_stock_quantity":null,"bundle_virtual":false,"bundle_layout":"","bundle_add_to_cart_form_location":"","bundle_editable_in_cart":false,"bundle_sold_individually_context":"","bundle_item_grouping":"","bundle_min_size":"","bundle_max_size":"","bundle_price":[],"bundled_items":[],"bundle_sell_ids":[],"acf":[],"_links":{"self":[{"href":"https:\/\/www.raschvin.com\/sv\/wp-json\/wp\/v2\/product\/48610","targetHints":{"allow":["GET"]}}],"collection":[{"href":"https:\/\/www.raschvin.com\/sv\/wp-json\/wp\/v2\/product"}],"about":[{"href":"https:\/\/www.raschvin.com\/sv\/wp-json\/wp\/v2\/types\/product"}],"wp:featuredmedia":[{"embeddable":true,"href":"https:\/\/www.raschvin.com\/sv\/wp-json\/wp\/v2\/media\/48667"}],"wp:attachment":[{"href":"https:\/\/www.raschvin.com\/sv\/wp-json\/wp\/v2\/media?parent=48610"}],"wp:term":[{"taxonomy":"product_brand","embeddable":true,"href":"https:\/\/www.raschvin.com\/sv\/wp-json\/wp\/v2\/product_brand?post=48610"},{"taxonomy":"product_cat","embeddable":true,"href":"https:\/\/www.raschvin.com\/sv\/wp-json\/wp\/v2\/product_cat?post=48610"},{"taxonomy":"product_tag","embeddable":true,"href":"https:\/\/www.raschvin.com\/sv\/wp-json\/wp\/v2\/product_tag?post=48610"}],"curies":[{"name":"wp","href":"https:\/\/api.w.org\/{rel}","templated":true}]}}