{"id":48514,"date":"2024-02-15T15:41:17","date_gmt":"2024-02-15T14:41:17","guid":{"rendered":"https:\/\/www.raschvin.com\/produkt\/amour-de-deutz-millesime-blanc-de-blancs-champagne-vintage-2011-75-cl\/"},"modified":"2026-02-11T14:42:13","modified_gmt":"2026-02-11T13:42:13","slug":"amour-de-deutz-millesime-blanc-de-blancs-champagne-vintage-2011-75-cl","status":"publish","type":"product","link":"https:\/\/www.raschvin.com\/sv\/produkt\/amour-de-deutz-millesime-blanc-de-blancs-champagne-vintage-2011-75-cl\/","title":{"rendered":"Amour de Deutz Millesim\u00e9 Blanc de Blancs Champagne Vintage 2013 75 cl."},"content":{"rendered":"<p data-start=\"11\" data-end=\"189\">Amour de Deutz 2013 \u00e4r gjord p\u00e5 druvor fr\u00e5n ving\u00e5rdar i byarna Avize (50 %), Le Mesnil-sur-Oger (15 %), Oger (12 %), Villeneuve (11 %), Vertus (ca 6 %) och Villers-Marmery (6 %).<\/p>\n<p data-start=\"191\" data-end=\"413\">Vacker komplexitet i b\u00e5de smak och doft, som v\u00e4cker sinnena med fruktiga toner av aprikos, persika, kumquat, mirabelleplommon och mycket subtila inslag av blommor och f\u00e4rska mandlar. Massor av silkeslen fyllighet i munnen.<\/p>\n<p data-start=\"415\" data-end=\"468\"><strong data-start=\"415\" data-end=\"444\">95 po\u00e4ng \u2013 Wine Spectator<\/strong><br data-start=\"444\" data-end=\"447\" \/>\u201dEN FYLLIG CHAMPAGNE\u201d<\/p>\n<p data-start=\"470\" data-end=\"767\">En fyllig champagne med en frodig, n\u00e4stan visk\u00f6s kr\u00e4mighet, som h\u00e5lls i schack av en livlig, aptitretande syra \u2013 en fint sammanh\u00e5llen ram f\u00f6r smaker av pur\u00e9 p\u00e5 vit persika, passionsfrukt, rostad brioche samt nyanser av fl\u00e4derblom, fleur de sel och kanderat grapefruktskal. L\u00e5ngt, ih\u00e5llande avslut.<\/p>\n<p data-start=\"769\" data-end=\"797\"><strong data-start=\"769\" data-end=\"797\">92 po\u00e4ng \u2013 Robert Parker<\/strong><\/p>\n<p data-start=\"799\" data-end=\"1104\"><strong data-start=\"799\" data-end=\"828\">94 po\u00e4ng \u2013 James Suckling<\/strong><br data-start=\"828\" data-end=\"831\" \/>Elegant och uppfriskande doft med ett kalkigt lager \u00f6ver den citroniga citrusfrukten och fina, kr\u00e4miga toner av bakverk. Friskt anslag med kr\u00e4mig mousse, f\u00f6ljt av ett fint grepp av frukt och autolys. L\u00e5ng och subtil, med en ljus, n\u00e4stan zestig finish. Drick nu eller lagra.<\/p>\n<p data-start=\"1106\" data-end=\"1243\"><strong data-start=\"1106\" data-end=\"1147\">93 po\u00e4ng \u2013 Decanter World Wine Awards<\/strong><br data-start=\"1147\" data-end=\"1150\" \/>Inbjudande aromer av honung och citrus, medan smaken ramas in av uppfriskande syra och \u00e4pple.<\/p>\n","protected":false},"excerpt":{"rendered":"<p>Champagne de France<\/p>\n","protected":false},"featured_media":48538,"template":"","meta":{"_acf_changed":false,"rs_blank_template":"","rs_page_bg_color":"","slide_template_v7":""},"product_brand":[],"product_cat":[2745,2750],"product_tag":[],"class_list":{"0":"post-48514","1":"product","2":"type-product","3":"status-publish","4":"has-post-thumbnail","6":"product_cat-champagne-sv","7":"product_cat-vintage-sv","8":"pa_drue-chardonnay-sv","9":"pa_land-frankrike","10":"pa_procent-12-sv","11":"pa_producent-champagne-deutz-sv","12":"pa_region-champagne-sv","13":"pa_serveringstemperatur-10-12-sv-2","14":"pa_vintage-2013-sv","15":"pa_volume-75-sv","17":"first","18":"instock","19":"taxable","20":"shipping-taxable","21":"purchasable","22":"product-type-simple"},"bundled_by":[],"bundle_stock_status":"instock","bundle_stock_quantity":null,"bundle_virtual":false,"bundle_layout":"","bundle_add_to_cart_form_location":"","bundle_editable_in_cart":false,"bundle_sold_individually_context":"","bundle_item_grouping":"","bundle_min_size":"","bundle_max_size":"","bundle_price":[],"bundled_items":[],"bundle_sell_ids":[],"acf":[],"_links":{"self":[{"href":"https:\/\/www.raschvin.com\/sv\/wp-json\/wp\/v2\/product\/48514","targetHints":{"allow":["GET"]}}],"collection":[{"href":"https:\/\/www.raschvin.com\/sv\/wp-json\/wp\/v2\/product"}],"about":[{"href":"https:\/\/www.raschvin.com\/sv\/wp-json\/wp\/v2\/types\/product"}],"wp:featuredmedia":[{"embeddable":true,"href":"https:\/\/www.raschvin.com\/sv\/wp-json\/wp\/v2\/media\/48538"}],"wp:attachment":[{"href":"https:\/\/www.raschvin.com\/sv\/wp-json\/wp\/v2\/media?parent=48514"}],"wp:term":[{"taxonomy":"product_brand","embeddable":true,"href":"https:\/\/www.raschvin.com\/sv\/wp-json\/wp\/v2\/product_brand?post=48514"},{"taxonomy":"product_cat","embeddable":true,"href":"https:\/\/www.raschvin.com\/sv\/wp-json\/wp\/v2\/product_cat?post=48514"},{"taxonomy":"product_tag","embeddable":true,"href":"https:\/\/www.raschvin.com\/sv\/wp-json\/wp\/v2\/product_tag?post=48514"}],"curies":[{"name":"wp","href":"https:\/\/api.w.org\/{rel}","templated":true}]}}