{"id":48511,"date":"2024-02-15T15:31:36","date_gmt":"2024-02-15T14:31:36","guid":{"rendered":"https:\/\/www.raschvin.com\/produkt\/deutz-rose-millesime-vintage-2016-75-cl\/"},"modified":"2026-02-11T14:07:35","modified_gmt":"2026-02-11T13:07:35","slug":"deutz-rose-millesime-vintage-2016-75-cl","status":"publish","type":"product","link":"https:\/\/www.raschvin.com\/sv\/produkt\/deutz-rose-millesime-vintage-2016-75-cl\/","title":{"rendered":"Deutz Ros\u00e9 Millesim\u00e9 Vintage 2018 75 cl."},"content":{"rendered":"<p data-start=\"118\" data-end=\"368\">Champagne Ros\u00e9 de Deutz k\u00e4nnetecknas av sin arom av r\u00f6da frukter, s\u00e4rskilt jordgubbar och hallon, men \u00e4ven blommiga och kryddiga nyanser i bakgrunden. Elegant och raffinerad i munnen med fin struktur och en livlig syra som ger en fantastisk friskhet.<\/p>\n<p data-start=\"370\" data-end=\"427\"><strong data-start=\"370\" data-end=\"397\">95 po\u00e4ng \u2013 VineXpressen<\/strong><br data-start=\"397\" data-end=\"400\" \/><em data-start=\"400\" data-end=\"427\">\u201dSmakar vansinnigt gott.\u201d<\/em><\/p>\n<p data-start=\"429\" data-end=\"649\">H\u00e4r \u00e4r det saxofonsolo. Underbart l\u00e4cker doft av rostade mandlar, rostat br\u00f6d och lite gr\u00e4ddkola, toppat med en avslutande ton av hallon och \u00e4ppelk\u00e4rna. Enormt fin djup och koncentration i smaken. Smakar vansinnigt gott.<\/p>\n","protected":false},"excerpt":{"rendered":"<p>Champagne de France<\/p>\n","protected":false},"featured_media":115578,"template":"","meta":{"_acf_changed":false,"rs_blank_template":"","rs_page_bg_color":"","slide_template_v7":""},"product_brand":[],"product_cat":[2745,2749,2750],"product_tag":[],"class_list":{"0":"post-48511","1":"product","2":"type-product","3":"status-publish","4":"has-post-thumbnail","6":"product_cat-champagne-sv","7":"product_cat-rose-sv","8":"product_cat-vintage-sv","9":"pa_drue-chardonnay-sv","10":"pa_drue-pinot-noir-sv","11":"pa_land-frankrike","12":"pa_procent-12-sv","13":"pa_producent-champagne-deutz-sv","14":"pa_region-champagne-sv","15":"pa_serveringstemperatur-10-12-sv-2","16":"pa_vintage-2018-sv","17":"pa_volume-75-sv","19":"first","20":"instock","21":"taxable","22":"shipping-taxable","23":"purchasable","24":"product-type-simple"},"bundled_by":[],"bundle_stock_status":"instock","bundle_stock_quantity":null,"bundle_virtual":false,"bundle_layout":"","bundle_add_to_cart_form_location":"","bundle_editable_in_cart":false,"bundle_sold_individually_context":"","bundle_item_grouping":"","bundle_min_size":"","bundle_max_size":"","bundle_price":[],"bundled_items":[],"bundle_sell_ids":[],"acf":[],"_links":{"self":[{"href":"https:\/\/www.raschvin.com\/sv\/wp-json\/wp\/v2\/product\/48511","targetHints":{"allow":["GET"]}}],"collection":[{"href":"https:\/\/www.raschvin.com\/sv\/wp-json\/wp\/v2\/product"}],"about":[{"href":"https:\/\/www.raschvin.com\/sv\/wp-json\/wp\/v2\/types\/product"}],"wp:featuredmedia":[{"embeddable":true,"href":"https:\/\/www.raschvin.com\/sv\/wp-json\/wp\/v2\/media\/115578"}],"wp:attachment":[{"href":"https:\/\/www.raschvin.com\/sv\/wp-json\/wp\/v2\/media?parent=48511"}],"wp:term":[{"taxonomy":"product_brand","embeddable":true,"href":"https:\/\/www.raschvin.com\/sv\/wp-json\/wp\/v2\/product_brand?post=48511"},{"taxonomy":"product_cat","embeddable":true,"href":"https:\/\/www.raschvin.com\/sv\/wp-json\/wp\/v2\/product_cat?post=48511"},{"taxonomy":"product_tag","embeddable":true,"href":"https:\/\/www.raschvin.com\/sv\/wp-json\/wp\/v2\/product_tag?post=48511"}],"curies":[{"name":"wp","href":"https:\/\/api.w.org\/{rel}","templated":true}]}}