{"id":48505,"date":"2024-02-15T14:25:23","date_gmt":"2024-02-15T13:25:23","guid":{"rendered":"https:\/\/www.raschvin.com\/produkt\/amour-de-deutz-rose-millesime-brut-champagne-vintage-2013-75-cl\/"},"modified":"2024-02-15T14:34:15","modified_gmt":"2024-02-15T13:34:15","slug":"amour-de-deutz-rose-millesime-brut-champagne-vintage-2013-75-cl","status":"publish","type":"product","link":"https:\/\/www.raschvin.com\/sv\/produkt\/amour-de-deutz-rose-millesime-brut-champagne-vintage-2013-75-cl\/","title":{"rendered":"Amour de Deutz Ros\u00e9 Millesim\u00e9 Brut Champagne Vintage 2013 75 cl."},"content":{"rendered":"<p>De b\u00e4sta Pinot Noir och Chardonnay fr\u00e5n hj\u00e4rtat av Champagne i en superelegant, mjuk och f\u00f6rf\u00f6risk champagne. Subtil, vacker och f\u00f6rf\u00f6risk med fina bubblor. Friskhet och harmoni, mjuk och med en balanserande syra i en champagne av stor, stor intensitet.<\/p>\n<p>Amour de Deutz Ros\u00e9 2013 Vintage Champagne 75cl \u00e4r en blandning av 58% Pinot Noir och 42% Chardonnay, vilket skapar ett perfekt balanserat och strukturerat vin som \u00e4r rikt, charmigt och f\u00f6rf\u00f6riskt p\u00e5 b\u00e5de n\u00e4sa och gom. All frukt sk\u00f6rdades f\u00f6r hand och pressades och vinifierades p\u00e5 Deutz&#8217;s ving\u00e5rd i A\u00ff innan den \u00e5ldrades i 8 \u00e5r p\u00e5 j\u00e4stf\u00e4llningen och ytterligare 9 m\u00e5nader efter degorgement innan den sl\u00e4pptes.<\/p>\n<p>95 PO\u00c4NG Vinentusiast<br \/>\nBetygsatt av Roger Voss<br \/>\nPrestigecuv\u00e9en fr\u00e5n Deutz, det h\u00e4r \u00e4r helt r\u00e4tt, fr\u00e5n dess mognad till den fortfarande livliga syran. Minnen av de vita och r\u00f6da frukterna sv\u00e4var \u00f6ver champagnen och h\u00e5ller friskheten vid liv. Drick detta vin nu.<\/p>\n<p>94 PO\u00c4NG Wine Spectator<br \/>\nEn aptitretande ros\u00e9, med grace och vitalitet, denna \u00e4r ocks\u00e5 vackert strukturerad, som en bit kashmir i gommen. En strimma av mineralkrita och r\u00f6k understryker ett lockande utbud av mogen melon, rosa grapefruktsorbet, kanderad ingef\u00e4ra och vildjordgubbssmaker som ekar p\u00e5 den saftiga finishen. Pinot Noir och Chardonnay. Drick nu.<\/p>\n<p>94 PO\u00c4NG Vinous<br \/>\n2013 Brut Ros\u00e8 Amour de Deutz \u00e4r eterisk, n\u00e5dig och full av charm. Krossade blommor, mynta, vitpeppar och tranb\u00e4r lyfts genomg\u00e5ende fint. En fin mousse och m\u00e4rkbar uth\u00e5llighet bidrar till en k\u00e4nsla av f\u00f6rfining. Den l\u00e4ttare stilen h\u00e4r f\u00e5r mig att tro att 2013 avnjuts b\u00e4st som aperitif, och det kommer att bli en fantastisk aperitif, s\u00e5 mycket \u00e4r s\u00e4kert.<\/p>\n<p>94 PO\u00c4NG Wilfred Wong<br \/>\n2013 \u00e5rs Champagne Deutz Amour de Deutz \u00e4r komplex och lockande. SMAKANM\u00c4RKNINGAR: Detta vin erbjuder aromer och smaker av kryddor, torkad jord och mogen frukt. Kombinera den med f\u00e5gelvilt och saffransris.<\/p>\n<p>91 POINT Karaff<br \/>\nFyllig och v\u00e4ldoftande p\u00e5 n\u00e4san med bakverk i lager. \u00c4ven i gommen, med en uttalad mognad och fyllighet, st\u00f6dd av zesty, citrusig syra och jordn\u00e4ra smaker p\u00e5 avslutningen.<\/p>\n","protected":false},"excerpt":{"rendered":"<p>Champagne de France<\/p>\n","protected":false},"featured_media":48532,"template":"","meta":{"_acf_changed":false,"rs_blank_template":"","rs_page_bg_color":"","slide_template_v7":""},"product_brand":[],"product_cat":[2745,2749,2750],"product_tag":[],"class_list":{"0":"post-48505","1":"product","2":"type-product","3":"status-publish","4":"has-post-thumbnail","6":"product_cat-champagne-sv","7":"product_cat-rose-sv","8":"product_cat-vintage-sv","9":"pa_drue-chardonnay-sv","10":"pa_drue-pinot-noir-sv","11":"pa_land-frankrike","12":"pa_procent-12-sv","13":"pa_producent-champagne-deutz-sv","14":"pa_region-champagne-sv","15":"pa_serveringstemperatur-10-12-sv-2","16":"pa_vintage-2013-sv","17":"pa_volume-75-sv","19":"first","20":"instock","21":"taxable","22":"shipping-taxable","23":"purchasable","24":"product-type-simple"},"bundled_by":[],"bundle_stock_status":"instock","bundle_stock_quantity":null,"bundle_virtual":false,"bundle_layout":"","bundle_add_to_cart_form_location":"","bundle_editable_in_cart":false,"bundle_sold_individually_context":"","bundle_item_grouping":"","bundle_min_size":"","bundle_max_size":"","bundle_price":[],"bundled_items":[],"bundle_sell_ids":[],"acf":[],"_links":{"self":[{"href":"https:\/\/www.raschvin.com\/sv\/wp-json\/wp\/v2\/product\/48505","targetHints":{"allow":["GET"]}}],"collection":[{"href":"https:\/\/www.raschvin.com\/sv\/wp-json\/wp\/v2\/product"}],"about":[{"href":"https:\/\/www.raschvin.com\/sv\/wp-json\/wp\/v2\/types\/product"}],"wp:featuredmedia":[{"embeddable":true,"href":"https:\/\/www.raschvin.com\/sv\/wp-json\/wp\/v2\/media\/48532"}],"wp:attachment":[{"href":"https:\/\/www.raschvin.com\/sv\/wp-json\/wp\/v2\/media?parent=48505"}],"wp:term":[{"taxonomy":"product_brand","embeddable":true,"href":"https:\/\/www.raschvin.com\/sv\/wp-json\/wp\/v2\/product_brand?post=48505"},{"taxonomy":"product_cat","embeddable":true,"href":"https:\/\/www.raschvin.com\/sv\/wp-json\/wp\/v2\/product_cat?post=48505"},{"taxonomy":"product_tag","embeddable":true,"href":"https:\/\/www.raschvin.com\/sv\/wp-json\/wp\/v2\/product_tag?post=48505"}],"curies":[{"name":"wp","href":"https:\/\/api.w.org\/{rel}","templated":true}]}}