{"id":48499,"date":"2024-02-15T14:10:33","date_gmt":"2024-02-15T13:10:33","guid":{"rendered":"https:\/\/www.raschvin.com\/produkt\/deutz-blanc-de-blancs-vintage-2017-75-cl\/"},"modified":"2026-02-11T14:50:35","modified_gmt":"2026-02-11T13:50:35","slug":"deutz-blanc-de-blancs-vintage-2017-75-cl","status":"publish","type":"product","link":"https:\/\/www.raschvin.com\/sv\/produkt\/deutz-blanc-de-blancs-vintage-2017-75-cl\/","title":{"rendered":"Deutz Blanc de Blancs Vintage 2019 75 cl."},"content":{"rendered":"<p data-start=\"11\" data-end=\"484\">Denna eleganta champagne \u00e4r skapad uteslutande av chardonnay fr\u00e5n n\u00e5gra av de mest prestigefyllda Grand Cru-byarna i C\u00f4te des Blancs, bland annat Avize, Le Mesnil-sur-Oger och Oger. De kalkrika jordarna och det svala klimatet ger druvorna en otrolig renhet, fr\u00e4sch\u00f6r och mineralitet \u2013 k\u00e4nnetecken f\u00f6r de b\u00e4sta Blanc de Blancs. Kombinationen av kalkhaltig undergrund och noggrann odling lyfter vinets livliga syra och fina citruspr\u00e4gel, vilket ger en anm\u00e4rkningsv\u00e4rd finess.<\/p>\n<p data-start=\"486\" data-end=\"602\">Efter den traditionella andraj\u00e4sningen p\u00e5 flaska lagras vinet p\u00e5 j\u00e4stf\u00e4llningen i minst 48 m\u00e5nader f\u00f6re d\u00e9gorgement.<\/p>\n<p data-start=\"604\" data-end=\"843\">Deutz Blanc de Blancs 2019 \u00f6ppnar med delikata toner av vita blommor, citrusfrukt och nybakat brioche. I munnen \u00e4r den krispig och exakt, med kr\u00e4mig textur, pigg syra och en l\u00e5ng, mineraldriven finish som f\u00e5r en att vilja ta en klunk till.<\/p>\n<p data-start=\"845\" data-end=\"1145\"><strong data-start=\"845\" data-end=\"872\">96 po\u00e4ng \u2013 VineXpressen<\/strong><br data-start=\"872\" data-end=\"875\" \/><em data-start=\"875\" data-end=\"893\">Wine Of The Week<\/em><br data-start=\"893\" data-end=\"896\" \/>Underbar doft som osar av fr\u00e4sch\u00f6r med massor av citrus, lite \u00e4ppelk\u00e4rna, hasseln\u00f6tter och en briocheton i avslutet. Koncentrerad och l\u00e4cker i smaken, d\u00e4r man ocks\u00e5 hittar krita och kalksten, hand i hand med en viril syra som dansar samba p\u00e5 tungan.<\/p>\n<p data-start=\"1147\" data-end=\"1532\"><strong data-start=\"1147\" data-end=\"1168\">93 po\u00e4ng \u2013 Vinous<\/strong><br data-start=\"1168\" data-end=\"1171\" \/>\u201dDet \u00e4r den b\u00e4sta av Deutz instegschampagner med \u00e5rg\u00e5ng.\u201d<br data-start=\"1228\" data-end=\"1231\" \/>2019 Blanc de Blancs lyfter ur glaset med dofter av citronskal, krita, mynta, vitpeppar och citronolja. Aromatisk och djup i munnen med gott om lager \u2013 2019 har mycket att erbjuda. Det \u00e4r den b\u00e4sta av Deutz instegschampagner med \u00e5rg\u00e5ng. L\u00e4tta tropiska toner f\u00f6rl\u00e4nger den klingande, eleganta finishen.<\/p>\n","protected":false},"excerpt":{"rendered":"<p>Champagne de France<\/p>\n","protected":false},"featured_media":115581,"template":"","meta":{"_acf_changed":false,"rs_blank_template":"","rs_page_bg_color":"","slide_template_v7":""},"product_brand":[],"product_cat":[2745,2750],"product_tag":[],"class_list":{"0":"post-48499","1":"product","2":"type-product","3":"status-publish","4":"has-post-thumbnail","6":"product_cat-champagne-sv","7":"product_cat-vintage-sv","8":"pa_drue-chardonnay-sv","9":"pa_land-frankrike","10":"pa_procent-12-sv","11":"pa_producent-champagne-deutz-sv","12":"pa_region-champagne-sv","13":"pa_serveringstemperatur-10-12-sv-2","14":"pa_vintage-2019-sv","15":"pa_volume-75-sv","17":"first","18":"instock","19":"taxable","20":"shipping-taxable","21":"purchasable","22":"product-type-simple"},"bundled_by":[],"bundle_stock_status":"instock","bundle_stock_quantity":null,"bundle_virtual":false,"bundle_layout":"","bundle_add_to_cart_form_location":"","bundle_editable_in_cart":false,"bundle_sold_individually_context":"","bundle_item_grouping":"","bundle_min_size":"","bundle_max_size":"","bundle_price":[],"bundled_items":[],"bundle_sell_ids":[],"acf":[],"_links":{"self":[{"href":"https:\/\/www.raschvin.com\/sv\/wp-json\/wp\/v2\/product\/48499","targetHints":{"allow":["GET"]}}],"collection":[{"href":"https:\/\/www.raschvin.com\/sv\/wp-json\/wp\/v2\/product"}],"about":[{"href":"https:\/\/www.raschvin.com\/sv\/wp-json\/wp\/v2\/types\/product"}],"wp:featuredmedia":[{"embeddable":true,"href":"https:\/\/www.raschvin.com\/sv\/wp-json\/wp\/v2\/media\/115581"}],"wp:attachment":[{"href":"https:\/\/www.raschvin.com\/sv\/wp-json\/wp\/v2\/media?parent=48499"}],"wp:term":[{"taxonomy":"product_brand","embeddable":true,"href":"https:\/\/www.raschvin.com\/sv\/wp-json\/wp\/v2\/product_brand?post=48499"},{"taxonomy":"product_cat","embeddable":true,"href":"https:\/\/www.raschvin.com\/sv\/wp-json\/wp\/v2\/product_cat?post=48499"},{"taxonomy":"product_tag","embeddable":true,"href":"https:\/\/www.raschvin.com\/sv\/wp-json\/wp\/v2\/product_tag?post=48499"}],"curies":[{"name":"wp","href":"https:\/\/api.w.org\/{rel}","templated":true}]}}