{"id":48491,"date":"2024-02-15T13:47:39","date_gmt":"2024-02-15T12:47:39","guid":{"rendered":"https:\/\/www.raschvin.com\/produkt\/deutz-rose-75-cl\/"},"modified":"2024-02-15T13:47:39","modified_gmt":"2024-02-15T12:47:39","slug":"deutz-rose-75-cl","status":"publish","type":"product","link":"https:\/\/www.raschvin.com\/sv\/produkt\/deutz-rose-75-cl\/","title":{"rendered":"Deutz Ros\u00e9 75 cl."},"content":{"rendered":"<p>Huset Deutz &#038; Geldermann grundades av William Deutz och Pierre Geldermann 1838 i staden A\u00ff i Champagne. William Deutz och Pierre Geldermann lade redan fr\u00e5n start en linje d\u00e4r kvalitet var det prim\u00e4ra, en linje som sedan dess har f\u00f6ljts upp av nuvarande regiss\u00f6ren Andr\u00e9 Lallier, barnbarnsbarn till William Deutz. Sedan grundandet av &#8221;Syndicat des Grandes Marques de Champagne&#8221; 1882 har Deutz s\u00e5ledes varit en aktiv medlem i denna exklusiva organisation best\u00e5ende av de 20 b\u00e4sta husen, k\u00e4nda f\u00f6r sin kvalitet b\u00e5de i Frankrike och i resten av v\u00e4rlden d\u00e4r lyxchampagner avnjuts. Alla viner produceras med st\u00f6rsta omsorg. Alla champagner produceras t.ex. uteslutande fr\u00e5n must fr\u00e5n f\u00f6rsta pressningen. Huset Deutz v\u00e4grar att inf\u00f6ra massproduktionsmetoder, eftersom de anser att de \u00e4r of\u00f6renliga med det traditionella hantverk som kr\u00e4vs f\u00f6r att producera fantastiska champagner. I och med Louis Roederers \u00f6vertagande av Maison Deutz 1993 tillf\u00f6rdes det n\u00f6dv\u00e4ndiga kapitalet f\u00f6r att s\u00e4kerst\u00e4lla att man kontinuerligt kan g\u00f6ra Champagne av en kvalitet som motiverar Deutz position bland de allra b\u00e4sta husen i Champagne.<\/p>\n<p>Fr\u00e4scht rosa med rosa nyanser. Smickrande och vin\u00f6s doft av k\u00f6rsb\u00e4r, bj\u00f6rnb\u00e4r, granat\u00e4pplen och vinb\u00e4r. Smaken \u00e4r komplex och kraftfull, men \u00e4nd\u00e5 otroligt fin och nyanserad med lockande nyanser av f\u00e4rska jordgubbar och krusb\u00e4r.<\/p>\n<p>Gastro<br \/>\nMjuka smekande former<br \/>\nDeutz \u00e4r ett hus som i mina \u00f6gon aldrig misslyckas, inte ens med denna ros\u00e9. N\u00e4san \u00e4r \u00f6ppen fr\u00e5n f\u00f6rsta sekund med toner av f\u00e4rska jordgubbar, picklad citron och en hint av rostade jordn\u00f6tter. Vinet \u00e4r en fascinerande kombination av fyllighet i hela munnen samtidigt som en elegans, n\u00e4stan till tyngdl\u00f6shet. Vinets rundhet med mjuka smekande former utan minsta antydan till g\u00e4llhet \u00e4r imponerande, och det \u00e4r en champagne man kan dr\u00f6ja l\u00e4nge vid, om man annars kan styra i vilken takt man dricker den.<\/p>\n<p>94 PO\u00c4NG Gilbert &#038; Gaillard<br \/>\nHelt fantastiskt laxrosa. Delikat n\u00e4sa som \u00f6ppnar sig f\u00f6r jordgubbar och hallon. Mjuk, exakt, h\u00e4rlig smak med fr\u00e4sch\u00f6r och mjukhet av h\u00f6g kvalitet. En ros\u00e9 som \u00e4r elegant men \u00e4nd\u00e5 mer stilig och trogen husets stil.<\/p>\n<p>93 PO\u00c4NG Vinbladen<br \/>\nDiskret doft med ljusa b\u00e4r, hallon och citrus.Smak av hallon i munnen, torr, mineralisk med citrus i eftersmaken.<\/p>\n<p>93 PO\u00c4NG Falstaff<br \/>\nHelles Lachsrosa, raffinerad, aktiverad Mousseux. Zartes, rotbeeriges Bukett, ein Hauch von Rosenbl\u00e4ttern, Erdbeeren und Kirschen, Nuancen von Orangenzesten. Komplex, saftig weibe Steinobstfrucht, rotbeerige Nuancen, fin S\u00e4urestruktur, gute Frische und Balance, zeigt L\u00e4nge, mineralischer afterhall.<\/p>\n<p>Om Champagne Deutz<br \/>\nWilliam Deutz och Pierre-Hubert Geldermann var ursprungligen vinhandlare i Tyskland. Det lockades dock knappast av sj\u00e4lva fenomenet champagne som flyttades till regionen med samma namn 1830 f\u00f6r att starta en handel med champagne. 1838 grundade de sitt champagnehus, Deutz &#038; Geldermann, i staden A\u00ff. De var \u00f6vertygade om att de b\u00e4sta druvorna var h\u00f6rnstenen i fantastiska viner, s\u00e5 de b\u00f6rjade k\u00f6pa ving\u00e5rdar och g\u00f6ra sin egen champagne. Genom att kombinera sin tekniska expertis och kunskap om vinmarknaden utvecklade de tv\u00e5 Deutz internationellt.<\/p>\n","protected":false},"excerpt":{"rendered":"<p>Champagne de France<\/p>\n","protected":false},"featured_media":48571,"template":"","meta":{"_acf_changed":false,"rs_blank_template":"","rs_page_bg_color":"","slide_template_v7":""},"product_brand":[],"product_cat":[2745,2749],"product_tag":[],"class_list":{"0":"post-48491","1":"product","2":"type-product","3":"status-publish","4":"has-post-thumbnail","6":"product_cat-champagne-sv","7":"product_cat-rose-sv","8":"pa_drue-chardonnay-sv","9":"pa_drue-pinot-noir-sv","10":"pa_land-frankrike","11":"pa_procent-12-sv","12":"pa_producent-champagne-deutz-sv","13":"pa_region-champagne-sv","14":"pa_serveringstemperatur-8-10-sv","15":"pa_vintage-none-vintage-nv-sv","16":"pa_volume-75-sv","18":"first","19":"instock","20":"taxable","21":"shipping-taxable","22":"purchasable","23":"product-type-simple"},"bundled_by":[],"bundle_stock_status":"instock","bundle_stock_quantity":null,"bundle_virtual":false,"bundle_layout":"","bundle_add_to_cart_form_location":"","bundle_editable_in_cart":false,"bundle_sold_individually_context":"","bundle_item_grouping":"","bundle_min_size":"","bundle_max_size":"","bundle_price":[],"bundled_items":[],"bundle_sell_ids":[],"acf":[],"_links":{"self":[{"href":"https:\/\/www.raschvin.com\/sv\/wp-json\/wp\/v2\/product\/48491","targetHints":{"allow":["GET"]}}],"collection":[{"href":"https:\/\/www.raschvin.com\/sv\/wp-json\/wp\/v2\/product"}],"about":[{"href":"https:\/\/www.raschvin.com\/sv\/wp-json\/wp\/v2\/types\/product"}],"wp:featuredmedia":[{"embeddable":true,"href":"https:\/\/www.raschvin.com\/sv\/wp-json\/wp\/v2\/media\/48571"}],"wp:attachment":[{"href":"https:\/\/www.raschvin.com\/sv\/wp-json\/wp\/v2\/media?parent=48491"}],"wp:term":[{"taxonomy":"product_brand","embeddable":true,"href":"https:\/\/www.raschvin.com\/sv\/wp-json\/wp\/v2\/product_brand?post=48491"},{"taxonomy":"product_cat","embeddable":true,"href":"https:\/\/www.raschvin.com\/sv\/wp-json\/wp\/v2\/product_cat?post=48491"},{"taxonomy":"product_tag","embeddable":true,"href":"https:\/\/www.raschvin.com\/sv\/wp-json\/wp\/v2\/product_tag?post=48491"}],"curies":[{"name":"wp","href":"https:\/\/api.w.org\/{rel}","templated":true}]}}