{"id":48445,"date":"2024-02-15T08:46:40","date_gmt":"2024-02-15T07:46:40","guid":{"rendered":"https:\/\/www.raschvin.com\/produkt\/champagne-mandois-demi-sec-75-cl\/"},"modified":"2024-02-15T08:46:40","modified_gmt":"2024-02-15T07:46:40","slug":"champagne-mandois-demi-sec-75-cl","status":"publish","type":"product","link":"https:\/\/www.raschvin.com\/sv\/produkt\/champagne-mandois-demi-sec-75-cl\/","title":{"rendered":"Champagne Mandois Demi Sec 75 cl."},"content":{"rendered":"<p>Champagne l\u00e4mpar sig inte bara f\u00f6r ett v\u00e4lkomnande \u2013 det \u00e4r ocks\u00e5 ett utm\u00e4rkt dessertvin f\u00f6r att avrunda en riktigt festlig m\u00e5ltid.<\/p>\n<p>Speciellt n\u00e4r det st\u00e5r &#8221;Demi Sec&#8221; p\u00e5 etiketten, som p\u00e5 denna vackra Champagne fr\u00e5n Mandois. Demi Sec-beteckningen omfattar det faktum att mellan 32-50 gram restsocker har tillsatts pr. liter. Det resulterar i en s\u00f6t, l\u00e4cker och kr\u00e4mig Champagne, som \u00e4r en sj\u00e4lvklar dessertkompis, och givetvis \u00e4ven en oslagbar match till kranskakan p\u00e5 ny\u00e5rsafton. Slutligen kan den f\u00f6rst\u00e5s \u00e4ven avnjutas utan tillbeh\u00f6r.<\/p>\n<p>I denna Champagne, gjord av 40% Chardonnay, 30% Pinot Noir och 30% Pinot Meunier, kommer du att uppleva l\u00e4ckra smaktoner av mogen frukt som p\u00e4ron, mango och persikor med en elegant och subtil touch av vanilj.<\/p>\n<p>Om Mandois<br \/>\nGenuin och ren kvalitet, grundad p\u00e5 traditioner med hundratals \u00e5r bakom sig. Champagne Mandois har inte beh\u00f6vt uppm\u00e4rksamma sig sj\u00e4lv med storslagna gester och lyxiga \u00e5tg\u00e4rder \u2013 kvaliteten p\u00e5 Champagnehusets produkter talar f\u00f6r sig sj\u00e4lv och har genom \u00e5rhundraden uppn\u00e5tt en imponerande och v\u00e4lf\u00f6rtj\u00e4nt status som de franska Michelinrestaurangernas f\u00f6redragna Champagne.<\/p>\n<p>Och det \u00e4r inte konstigt att Champagne Mandois har en kvalitet som verkar vara inget mindre \u00e4n gudomlig. Det vittnar platsen i Le Guide Fleurus des Vins, den finaste vinguiden f\u00f6r franska sommelierer \u2013 samt utm\u00e4rkelsen som Vigneron de l&#8217;ann\u00e9e 2003, som \u00e4r en av de mest prestigefyllda utm\u00e4rkelserna inom den franska vinindustrin.<\/p>\n<p>Himmelskt \u2013 och n\u00e4stan gudomligt<\/p>\n<p>Det som idag smakar lyx och elegans b\u00f6rjade faktiskt med stramhet och abstinens fr\u00e5n benediktinermunken Broder Oudard. Men det g\u00e5r en rak linje fr\u00e5n de tankar han hade n\u00e4r han sk\u00f6tte de f\u00e5 vinstockar i klostret han hade hemma, och till de metoder som Jean Mandois svor vid n\u00e4r han skaffade sina f\u00f6rsta ving\u00e5rdar i Epernay 1735.<\/p>\n<p>1860 var det Victor Mandois som grundade den mer kommersiella delen av Champagnehuset och under 1900-talet utvecklade n\u00e4sta generationer verksamheten till ett internationellt erk\u00e4nt varum\u00e4rke, som idag anses vara ett av de st\u00f6rsta Champagnehusen.<\/p>\n<p>Idag har Champagne Mandois 34 hektar ving\u00e5rdar, d\u00e4r all energi l\u00e4ggs p\u00e5 att skapa de optimala Chardonnay-, Pinot Meunier- och Pinot Noir-druvorna f\u00f6r husets Champagneproduktion. Vinrankorna pl\u00f6js bara i varannan rad, s\u00e5 att rotn\u00e4tverket f\u00e5r \u00e4nnu b\u00e4ttre utrymme att sprida sig, och denna tradition har utan tvekan bidragit till att s\u00e4kerst\u00e4lla druvrankor som kan vara \u00e4nnu mer intensiva i s\u00e4ttet att samla in n\u00e4ring.<\/p>\n<p>Mandois k\u00f6per \u00e4ven druvor fr\u00e5n de b\u00e4sta Grand Cru-f\u00e4lten i n\u00e4rheten och tillsammans ger det en kvalitet som f\u00e5tt de finaste restaurangerna och sommeliererna att himla med \u00f6gonen.<\/p>\n<p>F\u00f6rr\u00e5d i kyrkkapell<\/p>\n<p>Champagnen f\u00f6rvaras p\u00e5 600 liters fat i mycket speciella omgivningar under kapellet i kyrkan i byn Pierry strax utanf\u00f6r Epernay. Och s\u00e5 \u00e4r linjen intakt fr\u00e5n broder Oudard fr\u00e5n benediktinerklostret till k\u00e4llaren under kapellet i Pierry och till den saliga och gudomliga kvaliteten p\u00e5 Champagne Mandois viner.<\/p>\n<p>Oavsett om det \u00e4r den klassiska torra Champagnen eller den krispiga Brut Nature, som Michelinrestauranger och gourmetexperter hyllar, \u00e4r Champagne Mandois ett hus som levererar produkter i toppklass, och det verkar som att kvaliteten bara \u00f6kar f\u00f6r varje \u00e5r. Oavsett om det \u00e4r den klassiska Brut Origine, den lyxiga Cuvee Victor eller den extravaganta Champagne Le Clos.<\/p>\n","protected":false},"excerpt":{"rendered":"<p>Champagne de france<\/p>\n","protected":false},"featured_media":48448,"template":"","meta":{"_acf_changed":false,"rs_blank_template":"","rs_page_bg_color":"","slide_template_v7":""},"product_brand":[],"product_cat":[2745,2747],"product_tag":[],"class_list":{"0":"post-48445","1":"product","2":"type-product","3":"status-publish","4":"has-post-thumbnail","6":"product_cat-champagne-sv","7":"product_cat-non-vintage-sv","8":"pa_drue-chardonnay-sv","9":"pa_drue-pinot-noir-sv","10":"pa_drue-meunier-sv","11":"pa_land-frankrike","12":"pa_procent-12-sv","13":"pa_producent-mandois-sv","14":"pa_region-champagne-sv","15":"pa_serveringstemperatur-10-12-sv-2","16":"pa_vintage-none-vintage-nv-sv","17":"pa_volume-75-sv","19":"first","20":"instock","21":"taxable","22":"shipping-taxable","23":"purchasable","24":"product-type-simple"},"bundled_by":["120912"],"bundle_stock_status":"instock","bundle_stock_quantity":null,"bundle_virtual":false,"bundle_layout":"","bundle_add_to_cart_form_location":"","bundle_editable_in_cart":false,"bundle_sold_individually_context":"","bundle_item_grouping":"","bundle_min_size":"","bundle_max_size":"","bundle_price":[],"bundled_items":[],"bundle_sell_ids":[],"acf":[],"_links":{"self":[{"href":"https:\/\/www.raschvin.com\/sv\/wp-json\/wp\/v2\/product\/48445","targetHints":{"allow":["GET"]}}],"collection":[{"href":"https:\/\/www.raschvin.com\/sv\/wp-json\/wp\/v2\/product"}],"about":[{"href":"https:\/\/www.raschvin.com\/sv\/wp-json\/wp\/v2\/types\/product"}],"wp:featuredmedia":[{"embeddable":true,"href":"https:\/\/www.raschvin.com\/sv\/wp-json\/wp\/v2\/media\/48448"}],"wp:attachment":[{"href":"https:\/\/www.raschvin.com\/sv\/wp-json\/wp\/v2\/media?parent=48445"}],"wp:term":[{"taxonomy":"product_brand","embeddable":true,"href":"https:\/\/www.raschvin.com\/sv\/wp-json\/wp\/v2\/product_brand?post=48445"},{"taxonomy":"product_cat","embeddable":true,"href":"https:\/\/www.raschvin.com\/sv\/wp-json\/wp\/v2\/product_cat?post=48445"},{"taxonomy":"product_tag","embeddable":true,"href":"https:\/\/www.raschvin.com\/sv\/wp-json\/wp\/v2\/product_tag?post=48445"}],"curies":[{"name":"wp","href":"https:\/\/api.w.org\/{rel}","templated":true}]}}